{"id":44586,"date":"2023-05-11T15:39:59","date_gmt":"2023-05-11T12:39:59","guid":{"rendered":"https:\/\/exlibris.ee\/toode\/genial-klick-a1-kursbuch-2-audiocds\/"},"modified":"2026-04-07T03:24:11","modified_gmt":"2026-04-07T00:24:11","slug":"genial-klick-a1-kursbuch-2-audiocds","status":"publish","type":"product","link":"https:\/\/exlibris.ee\/ru\/produkt\/genial-klick-a1-kursbuch-2-audiocds\/","title":{"rendered":"geni@l klick A1, Kursbuch + 2CDs"},"content":{"rendered":"<p>Das Kursbuch zu geni@l klick A1 (Kapitel 1\u201312) erleichtert den Lernprozess durch klar strukturierte Lernwege, eindeutige Lernzielangaben und zahlreiche Lerntipps fordert gezielt zum Sprachvergleich auf vermittelt authentische Landeskunde bereitet auf die Pr\u00fcfung Fit in Deutsch 1 vor Alle H\u00f6rtexte und Impulse zur Ausspracheschulung sind kostenlos online verf\u00fcgbar.<\/p>\n","protected":false},"excerpt":{"rendered":"<p>Das Kursbuch zu geni@l klick A1 (Kapitel 1\u201312) erleichtert den Lernprozess durch klar strukturierte Lernwege, eindeutige Lernzielangaben und zahlreiche Lerntipps fordert gezielt zum Sprachvergleich auf vermittelt authentische Landeskunde bereitet auf die Pr\u00fcfung Fit in Deutsch 1 vor Alle H\u00f6rtexte und&#8230;<\/p>\n","protected":false},"featured_media":55102,"template":"","meta":{"_acf_changed":false,"inline_featured_image":false},"product_brand":[],"product_cat":[477],"product_tag":[],"series":[{"id":496,"name":"Genial Klick A1","slug":"genial-klick-a1"}],"publisher":[{"id":473,"name":"Klett Verlag","slug":"klett-verlag"}],"class_list":{"0":"post-44586","1":"product","2":"type-product","3":"status-publish","4":"has-post-thumbnail","6":"product_cat-lehrwerke-fur-jugendliche","7":"series-genial-klick-a1","8":"publisher-klett-verlag","10":"first","11":"onbackorder","12":"taxable","13":"shipping-taxable","14":"purchasable","15":"product-type-simple"},"acf":[],"_links":{"self":[{"href":"https:\/\/exlibris.ee\/ru\/wp-json\/wp\/v2\/product\/44586","targetHints":{"allow":["GET"]}}],"collection":[{"href":"https:\/\/exlibris.ee\/ru\/wp-json\/wp\/v2\/product"}],"about":[{"href":"https:\/\/exlibris.ee\/ru\/wp-json\/wp\/v2\/types\/product"}],"wp:featuredmedia":[{"embeddable":true,"href":"https:\/\/exlibris.ee\/ru\/wp-json\/wp\/v2\/media\/55102"}],"wp:attachment":[{"href":"https:\/\/exlibris.ee\/ru\/wp-json\/wp\/v2\/media?parent=44586"}],"wp:term":[{"taxonomy":"product_brand","embeddable":true,"href":"https:\/\/exlibris.ee\/ru\/wp-json\/wp\/v2\/product_brand?post=44586"},{"taxonomy":"product_cat","embeddable":true,"href":"https:\/\/exlibris.ee\/ru\/wp-json\/wp\/v2\/product_cat?post=44586"},{"taxonomy":"product_tag","embeddable":true,"href":"https:\/\/exlibris.ee\/ru\/wp-json\/wp\/v2\/product_tag?post=44586"},{"taxonomy":"series","embeddable":true,"href":"https:\/\/exlibris.ee\/ru\/wp-json\/wp\/v2\/series?post=44586"},{"taxonomy":"publisher","embeddable":true,"href":"https:\/\/exlibris.ee\/ru\/wp-json\/wp\/v2\/publisher?post=44586"}],"curies":[{"name":"wp","href":"https:\/\/api.w.org\/{rel}","templated":true}]}}