{"id":44587,"date":"2023-05-11T15:40:00","date_gmt":"2023-05-11T12:40:00","guid":{"rendered":"https:\/\/exlibris.ee\/toode\/genial-klick-a1-arbeitsbuch-2-audio-cds\/"},"modified":"2026-04-07T03:24:11","modified_gmt":"2026-04-07T00:24:11","slug":"genial-klick-a1-arbeitsbuch-2-audio-cds","status":"publish","type":"product","link":"https:\/\/exlibris.ee\/ru\/produkt\/genial-klick-a1-arbeitsbuch-2-audio-cds\/","title":{"rendered":"geni@l klick A1, Arbeitsbuch + 2 Audio-CDs"},"content":{"rendered":"<p>Das Arbeitsbuch zu geni@l klick A1 (Kapitel 1\u201312) bietet zu jeder Doppelseite im Kursbuch eine passende Doppelseite mit vertiefenden \u00dcbungen regt die Lernenden zur selbstst\u00e4ndigen Wiederholung und zur Evaluation ihres Lernfortschritts an bereitet auf die Pr\u00fcfung Fit in Deutsch 1 vor Alle H\u00f6rtexte und Impulse zur Ausspracheschulung sind kostenlos online verf\u00fcgbar.<\/p>\n","protected":false},"excerpt":{"rendered":"<p>Das Arbeitsbuch zu geni@l klick A1 (Kapitel 1\u201312) bietet zu jeder Doppelseite im Kursbuch eine passende Doppelseite mit vertiefenden \u00dcbungen regt die Lernenden zur selbstst\u00e4ndigen Wiederholung und zur Evaluation ihres Lernfortschritts an bereitet auf die Pr\u00fcfung Fit in Deutsch 1&#8230;<\/p>\n","protected":false},"featured_media":55105,"template":"","meta":{"_acf_changed":false,"inline_featured_image":false},"product_brand":[],"product_cat":[477],"product_tag":[],"series":[{"id":496,"name":"Genial Klick A1","slug":"genial-klick-a1"}],"publisher":[{"id":473,"name":"Klett Verlag","slug":"klett-verlag"}],"class_list":{"0":"post-44587","1":"product","2":"type-product","3":"status-publish","4":"has-post-thumbnail","6":"product_cat-lehrwerke-fur-jugendliche","7":"series-genial-klick-a1","8":"publisher-klett-verlag","10":"first","11":"onbackorder","12":"taxable","13":"shipping-taxable","14":"purchasable","15":"product-type-simple"},"acf":[],"_links":{"self":[{"href":"https:\/\/exlibris.ee\/ru\/wp-json\/wp\/v2\/product\/44587","targetHints":{"allow":["GET"]}}],"collection":[{"href":"https:\/\/exlibris.ee\/ru\/wp-json\/wp\/v2\/product"}],"about":[{"href":"https:\/\/exlibris.ee\/ru\/wp-json\/wp\/v2\/types\/product"}],"wp:featuredmedia":[{"embeddable":true,"href":"https:\/\/exlibris.ee\/ru\/wp-json\/wp\/v2\/media\/55105"}],"wp:attachment":[{"href":"https:\/\/exlibris.ee\/ru\/wp-json\/wp\/v2\/media?parent=44587"}],"wp:term":[{"taxonomy":"product_brand","embeddable":true,"href":"https:\/\/exlibris.ee\/ru\/wp-json\/wp\/v2\/product_brand?post=44587"},{"taxonomy":"product_cat","embeddable":true,"href":"https:\/\/exlibris.ee\/ru\/wp-json\/wp\/v2\/product_cat?post=44587"},{"taxonomy":"product_tag","embeddable":true,"href":"https:\/\/exlibris.ee\/ru\/wp-json\/wp\/v2\/product_tag?post=44587"},{"taxonomy":"series","embeddable":true,"href":"https:\/\/exlibris.ee\/ru\/wp-json\/wp\/v2\/series?post=44587"},{"taxonomy":"publisher","embeddable":true,"href":"https:\/\/exlibris.ee\/ru\/wp-json\/wp\/v2\/publisher?post=44587"}],"curies":[{"name":"wp","href":"https:\/\/api.w.org\/{rel}","templated":true}]}}