{"id":44590,"date":"2023-05-11T15:40:00","date_gmt":"2023-05-11T12:40:00","guid":{"rendered":"https:\/\/exlibris.ee\/toode\/genial-klick-a2-kursbuch-2-audiocds\/"},"modified":"2026-04-24T01:27:31","modified_gmt":"2026-04-23T22:27:31","slug":"genial-klick-a2-kursbuch-2-audiocds","status":"publish","type":"product","link":"https:\/\/exlibris.ee\/ru\/produkt\/genial-klick-a2-kursbuch-2-audiocds\/","title":{"rendered":"geni@l klick A2, Kursbuch + 2 CDs"},"content":{"rendered":"<p>Das Kursbuch zu geni@l klick A2 (Kapitel 1\u201312) erleichtert den Lernprozess durch klar strukturierte Lernwege, eindeutige Lernzielangaben und zahlreiche Lerntipps fordert gezielt zum Sprachvergleich auf vermittelt authentische Landeskunde bereitet auf die Pr\u00fcfung Fit in Deutsch 2 vor Alle H\u00f6rtexte und Impulse zur Ausspracheschulung sind online verf\u00fcgbar.<\/p>\n","protected":false},"excerpt":{"rendered":"<p>Das Kursbuch zu geni@l klick A2 (Kapitel 1\u201312) erleichtert den Lernprozess durch klar strukturierte Lernwege, eindeutige Lernzielangaben und zahlreiche Lerntipps fordert gezielt zum Sprachvergleich auf vermittelt authentische Landeskunde bereitet auf die Pr\u00fcfung Fit in Deutsch 2 vor Alle H\u00f6rtexte und&#8230;<\/p>\n","protected":false},"featured_media":55120,"template":"","meta":{"_acf_changed":false,"inline_featured_image":false},"product_brand":[],"product_cat":[477],"product_tag":[],"series":[{"id":910,"name":"Genial Klick A2","slug":"genial-klick-a2"}],"publisher":[{"id":473,"name":"Klett Verlag","slug":"klett-verlag"}],"class_list":{"0":"post-44590","1":"product","2":"type-product","3":"status-publish","4":"has-post-thumbnail","6":"product_cat-lehrwerke-fur-jugendliche","7":"series-genial-klick-a2","8":"publisher-klett-verlag","10":"first","11":"onbackorder","12":"taxable","13":"shipping-taxable","14":"purchasable","15":"product-type-simple"},"acf":[],"_links":{"self":[{"href":"https:\/\/exlibris.ee\/ru\/wp-json\/wp\/v2\/product\/44590","targetHints":{"allow":["GET"]}}],"collection":[{"href":"https:\/\/exlibris.ee\/ru\/wp-json\/wp\/v2\/product"}],"about":[{"href":"https:\/\/exlibris.ee\/ru\/wp-json\/wp\/v2\/types\/product"}],"wp:featuredmedia":[{"embeddable":true,"href":"https:\/\/exlibris.ee\/ru\/wp-json\/wp\/v2\/media\/55120"}],"wp:attachment":[{"href":"https:\/\/exlibris.ee\/ru\/wp-json\/wp\/v2\/media?parent=44590"}],"wp:term":[{"taxonomy":"product_brand","embeddable":true,"href":"https:\/\/exlibris.ee\/ru\/wp-json\/wp\/v2\/product_brand?post=44590"},{"taxonomy":"product_cat","embeddable":true,"href":"https:\/\/exlibris.ee\/ru\/wp-json\/wp\/v2\/product_cat?post=44590"},{"taxonomy":"product_tag","embeddable":true,"href":"https:\/\/exlibris.ee\/ru\/wp-json\/wp\/v2\/product_tag?post=44590"},{"taxonomy":"series","embeddable":true,"href":"https:\/\/exlibris.ee\/ru\/wp-json\/wp\/v2\/series?post=44590"},{"taxonomy":"publisher","embeddable":true,"href":"https:\/\/exlibris.ee\/ru\/wp-json\/wp\/v2\/publisher?post=44590"}],"curies":[{"name":"wp","href":"https:\/\/api.w.org\/{rel}","templated":true}]}}