{"id":44594,"date":"2023-05-11T15:40:01","date_gmt":"2023-05-11T12:40:01","guid":{"rendered":"https:\/\/exlibris.ee\/toode\/berliner-platz-neu-einstiegskurs-nb\/"},"modified":"2026-04-04T03:10:35","modified_gmt":"2026-04-04T00:10:35","slug":"berliner-platz-neu-einstiegskurs-nb","status":"publish","type":"product","link":"https:\/\/exlibris.ee\/ru\/produkt\/berliner-platz-neu-einstiegskurs-nb\/","title":{"rendered":"Berliner Platz NEU, Einstiegskurs NB"},"content":{"rendered":"<p>Der Einstiegskurs wird in vielen Deutschkursen von professionellen Lehrkr\u00e4ften eingesetzt. F\u00fcr einen erfolgreichen Deutschunterricht ist eine Zusammenarbeit von Lernbegleiter und Lehrkraft besonders positiv. Der Lernbegleiter kann die Lernenden gut bei den \u00dcbungen im Arbeitsbuchteil betreuen, aber er kann auch im Unterricht die Rolle von Sprachpartnern bei Dialog\u00fcbungen u. a. \u00fcbernehmen.<\/p>\n","protected":false},"excerpt":{"rendered":"<p>Der Einstiegskurs wird in vielen Deutschkursen von professionellen Lehrkr\u00e4ften eingesetzt. F\u00fcr einen erfolgreichen Deutschunterricht ist eine Zusammenarbeit von Lernbegleiter und Lehrkraft besonders positiv. Der Lernbegleiter kann die Lernenden gut bei den \u00dcbungen im Arbeitsbuchteil betreuen, aber er kann auch im&#8230;<\/p>\n","protected":false},"featured_media":87227,"template":"","meta":{"_acf_changed":false,"inline_featured_image":false},"product_brand":[],"product_cat":[538],"product_tag":[],"series":[{"id":905,"name":"Berliner Platz NEU","slug":"berliner-platz-neu"}],"publisher":[{"id":473,"name":"Klett Verlag","slug":"klett-verlag"}],"class_list":{"0":"post-44594","1":"product","2":"type-product","3":"status-publish","4":"has-post-thumbnail","6":"product_cat-lehrwerke-fur-erwachsene","7":"series-berliner-platz-neu","8":"publisher-klett-verlag","10":"first","11":"instock","12":"taxable","13":"shipping-taxable","14":"purchasable","15":"product-type-simple"},"acf":[],"_links":{"self":[{"href":"https:\/\/exlibris.ee\/ru\/wp-json\/wp\/v2\/product\/44594","targetHints":{"allow":["GET"]}}],"collection":[{"href":"https:\/\/exlibris.ee\/ru\/wp-json\/wp\/v2\/product"}],"about":[{"href":"https:\/\/exlibris.ee\/ru\/wp-json\/wp\/v2\/types\/product"}],"wp:featuredmedia":[{"embeddable":true,"href":"https:\/\/exlibris.ee\/ru\/wp-json\/wp\/v2\/media\/87227"}],"wp:attachment":[{"href":"https:\/\/exlibris.ee\/ru\/wp-json\/wp\/v2\/media?parent=44594"}],"wp:term":[{"taxonomy":"product_brand","embeddable":true,"href":"https:\/\/exlibris.ee\/ru\/wp-json\/wp\/v2\/product_brand?post=44594"},{"taxonomy":"product_cat","embeddable":true,"href":"https:\/\/exlibris.ee\/ru\/wp-json\/wp\/v2\/product_cat?post=44594"},{"taxonomy":"product_tag","embeddable":true,"href":"https:\/\/exlibris.ee\/ru\/wp-json\/wp\/v2\/product_tag?post=44594"},{"taxonomy":"series","embeddable":true,"href":"https:\/\/exlibris.ee\/ru\/wp-json\/wp\/v2\/series?post=44594"},{"taxonomy":"publisher","embeddable":true,"href":"https:\/\/exlibris.ee\/ru\/wp-json\/wp\/v2\/publisher?post=44594"}],"curies":[{"name":"wp","href":"https:\/\/api.w.org\/{rel}","templated":true}]}}