{"id":44596,"date":"2023-05-11T15:40:01","date_gmt":"2023-05-11T12:40:01","guid":{"rendered":"https:\/\/exlibris.ee\/toode\/deutsche-grammatik\/"},"modified":"2026-04-06T09:08:01","modified_gmt":"2026-04-06T06:08:01","slug":"deutsche-grammatik","status":"publish","type":"product","link":"https:\/\/exlibris.ee\/ru\/produkt\/deutsche-grammatik\/","title":{"rendered":"Deutsche Grammatik"},"content":{"rendered":"<p>Diese Grammatik ist ein im In- und Ausland weit verbreitetes Standardwerk im DaF-Unterricht. Als Nachschlagewerk hilft sie bei allen Schwierigkeiten im richtigen Gebrauch der deutschen Sprache. Durch die Vielzahl der Beispiele, den \u00fcbersichtlichen Aufbau und die ausf\u00fchrlichen Register eignet sich diese Grammatik f\u00fcr Lehrer und Lerner. Die Deutsche Grammatik ber\u00fccksichtigt den aktuellen Stand der Sprachwissenschaft.<\/p>\n","protected":false},"excerpt":{"rendered":"<p>Diese Grammatik ist ein im In- und Ausland weit verbreitetes Standardwerk im DaF-Unterricht. Als Nachschlagewerk hilft sie bei allen Schwierigkeiten im richtigen Gebrauch der deutschen Sprache. Durch die Vielzahl der Beispiele, den \u00fcbersichtlichen Aufbau und die ausf\u00fchrlichen Register eignet sich&#8230;<\/p>\n","protected":false},"featured_media":89610,"template":"","meta":{"_acf_changed":false,"inline_featured_image":false},"product_brand":[],"product_cat":[480],"product_tag":[],"series":[],"publisher":[{"id":473,"name":"Klett Verlag","slug":"klett-verlag"}],"class_list":{"0":"post-44596","1":"product","2":"type-product","3":"status-publish","4":"has-post-thumbnail","6":"product_cat-grammatiken","7":"publisher-klett-verlag","9":"first","10":"onbackorder","11":"taxable","12":"shipping-taxable","13":"purchasable","14":"product-type-simple"},"acf":[],"_links":{"self":[{"href":"https:\/\/exlibris.ee\/ru\/wp-json\/wp\/v2\/product\/44596","targetHints":{"allow":["GET"]}}],"collection":[{"href":"https:\/\/exlibris.ee\/ru\/wp-json\/wp\/v2\/product"}],"about":[{"href":"https:\/\/exlibris.ee\/ru\/wp-json\/wp\/v2\/types\/product"}],"wp:featuredmedia":[{"embeddable":true,"href":"https:\/\/exlibris.ee\/ru\/wp-json\/wp\/v2\/media\/89610"}],"wp:attachment":[{"href":"https:\/\/exlibris.ee\/ru\/wp-json\/wp\/v2\/media?parent=44596"}],"wp:term":[{"taxonomy":"product_brand","embeddable":true,"href":"https:\/\/exlibris.ee\/ru\/wp-json\/wp\/v2\/product_brand?post=44596"},{"taxonomy":"product_cat","embeddable":true,"href":"https:\/\/exlibris.ee\/ru\/wp-json\/wp\/v2\/product_cat?post=44596"},{"taxonomy":"product_tag","embeddable":true,"href":"https:\/\/exlibris.ee\/ru\/wp-json\/wp\/v2\/product_tag?post=44596"},{"taxonomy":"series","embeddable":true,"href":"https:\/\/exlibris.ee\/ru\/wp-json\/wp\/v2\/series?post=44596"},{"taxonomy":"publisher","embeddable":true,"href":"https:\/\/exlibris.ee\/ru\/wp-json\/wp\/v2\/publisher?post=44596"}],"curies":[{"name":"wp","href":"https:\/\/api.w.org\/{rel}","templated":true}]}}