{"id":44597,"date":"2023-05-11T15:40:01","date_gmt":"2023-05-11T12:40:01","guid":{"rendered":"https:\/\/exlibris.ee\/toode\/grammatik-im-gesprach\/"},"modified":"2026-04-12T11:19:47","modified_gmt":"2026-04-12T08:19:47","slug":"grammatik-im-gesprach","status":"publish","type":"product","link":"https:\/\/exlibris.ee\/ru\/produkt\/grammatik-im-gesprach\/","title":{"rendered":"Grammatik im Gespr\u00e4ch"},"content":{"rendered":"<p>Grammatik im Gespr\u00e4ch bietet ein breites \u00dcbungsangebot in Form von kopierf\u00e4higen Arbeitsbl\u00e4ttern zu zentralen grammatischen Themen. Es erweitert den Ansatz der erfolgreichen B\u00e4nde Grammatik &amp; Konversation 1 und 2. Die Arbeitsbl\u00e4tter erm\u00f6glichen intensives \u00dcben der grammatischen Ph\u00e4nomene und regen gleichzeitig zum Sprechen an. Die \u00dcbungen sind innerhalb des jeweiligen grammatischen Themas nach Niveaustufen gestaffelt (A1 &#8212; B2). Grammatik im Gespr\u00e4ch ist ohne Vorbereitung jederzeit im Unterricht (M\u00f6glichkeit zur Binnendifferenzierung) oder zur h\u00e4uslichen Arbeit einsetzbar und kann begleitend zu jedem kurstragenden Lehrwerk eingesetzt werden.<\/p>\n","protected":false},"excerpt":{"rendered":"<p>Grammatik im Gespr\u00e4ch bietet ein breites \u00dcbungsangebot in Form von kopierf\u00e4higen Arbeitsbl\u00e4ttern zu zentralen grammatischen Themen. Es erweitert den Ansatz der erfolgreichen B\u00e4nde Grammatik &amp; Konversation 1 und 2. Die Arbeitsbl\u00e4tter erm\u00f6glichen intensives \u00dcben der grammatischen Ph\u00e4nomene und regen gleichzeitig&#8230;<\/p>\n","protected":false},"featured_media":218250,"template":"","meta":{"_acf_changed":false,"inline_featured_image":false},"product_brand":[],"product_cat":[480],"product_tag":[],"series":[],"publisher":[{"id":473,"name":"Klett Verlag","slug":"klett-verlag"}],"class_list":{"0":"post-44597","1":"product","2":"type-product","3":"status-publish","4":"has-post-thumbnail","6":"product_cat-grammatiken","7":"publisher-klett-verlag","9":"first","10":"onbackorder","11":"taxable","12":"shipping-taxable","13":"purchasable","14":"product-type-simple"},"acf":[],"_links":{"self":[{"href":"https:\/\/exlibris.ee\/ru\/wp-json\/wp\/v2\/product\/44597","targetHints":{"allow":["GET"]}}],"collection":[{"href":"https:\/\/exlibris.ee\/ru\/wp-json\/wp\/v2\/product"}],"about":[{"href":"https:\/\/exlibris.ee\/ru\/wp-json\/wp\/v2\/types\/product"}],"wp:featuredmedia":[{"embeddable":true,"href":"https:\/\/exlibris.ee\/ru\/wp-json\/wp\/v2\/media\/218250"}],"wp:attachment":[{"href":"https:\/\/exlibris.ee\/ru\/wp-json\/wp\/v2\/media?parent=44597"}],"wp:term":[{"taxonomy":"product_brand","embeddable":true,"href":"https:\/\/exlibris.ee\/ru\/wp-json\/wp\/v2\/product_brand?post=44597"},{"taxonomy":"product_cat","embeddable":true,"href":"https:\/\/exlibris.ee\/ru\/wp-json\/wp\/v2\/product_cat?post=44597"},{"taxonomy":"product_tag","embeddable":true,"href":"https:\/\/exlibris.ee\/ru\/wp-json\/wp\/v2\/product_tag?post=44597"},{"taxonomy":"series","embeddable":true,"href":"https:\/\/exlibris.ee\/ru\/wp-json\/wp\/v2\/series?post=44597"},{"taxonomy":"publisher","embeddable":true,"href":"https:\/\/exlibris.ee\/ru\/wp-json\/wp\/v2\/publisher?post=44597"}],"curies":[{"name":"wp","href":"https:\/\/api.w.org\/{rel}","templated":true}]}}