{"id":44601,"date":"2023-05-11T15:40:02","date_gmt":"2023-05-11T12:40:02","guid":{"rendered":"https:\/\/exlibris.ee\/toode\/genial-klick-a2-testheft-audio-cd\/"},"modified":"2026-04-26T11:23:23","modified_gmt":"2026-04-26T08:23:23","slug":"genial-klick-a2-testheft-audio-cd","status":"publish","type":"product","link":"https:\/\/exlibris.ee\/ru\/produkt\/genial-klick-a2-testheft-audio-cd\/","title":{"rendered":"geni@l klick A2, Testheft + CD"},"content":{"rendered":"<p>Das Testheft zu geni@l klick A2 bietet zu jedem Kapitel einen Lernfortschrittstest bereitet auf die Pr\u00fcfung \u201eFit in Deutsch 2\u201c vor \u2013 mit Modelltest im Anhang trainiert alle vier Fertigkeiten gleicherma\u00dfen: H\u00f6ren, Schreiben, Lesen, Sprechen enth\u00e4lt eine Audio-CD und die Transkripte der H\u00f6rtexte bietet Musterl\u00f6sungen zu allen Tests.<\/p>\n","protected":false},"excerpt":{"rendered":"<p>Das Testheft zu geni@l klick A2 bietet zu jedem Kapitel einen Lernfortschrittstest bereitet auf die Pr\u00fcfung \u201eFit in Deutsch 2\u201c vor \u2013 mit Modelltest im Anhang trainiert alle vier Fertigkeiten gleicherma\u00dfen: H\u00f6ren, Schreiben, Lesen, Sprechen enth\u00e4lt eine Audio-CD und die&#8230;<\/p>\n","protected":false},"featured_media":55138,"template":"","meta":{"_acf_changed":false,"inline_featured_image":false},"product_brand":[],"product_cat":[477],"product_tag":[],"series":[{"id":910,"name":"Genial Klick A2","slug":"genial-klick-a2"}],"publisher":[{"id":473,"name":"Klett Verlag","slug":"klett-verlag"}],"class_list":{"0":"post-44601","1":"product","2":"type-product","3":"status-publish","4":"has-post-thumbnail","6":"product_cat-lehrwerke-fur-jugendliche","7":"series-genial-klick-a2","8":"publisher-klett-verlag","10":"first","11":"onbackorder","12":"taxable","13":"shipping-taxable","14":"purchasable","15":"product-type-simple"},"acf":[],"_links":{"self":[{"href":"https:\/\/exlibris.ee\/ru\/wp-json\/wp\/v2\/product\/44601","targetHints":{"allow":["GET"]}}],"collection":[{"href":"https:\/\/exlibris.ee\/ru\/wp-json\/wp\/v2\/product"}],"about":[{"href":"https:\/\/exlibris.ee\/ru\/wp-json\/wp\/v2\/types\/product"}],"wp:featuredmedia":[{"embeddable":true,"href":"https:\/\/exlibris.ee\/ru\/wp-json\/wp\/v2\/media\/55138"}],"wp:attachment":[{"href":"https:\/\/exlibris.ee\/ru\/wp-json\/wp\/v2\/media?parent=44601"}],"wp:term":[{"taxonomy":"product_brand","embeddable":true,"href":"https:\/\/exlibris.ee\/ru\/wp-json\/wp\/v2\/product_brand?post=44601"},{"taxonomy":"product_cat","embeddable":true,"href":"https:\/\/exlibris.ee\/ru\/wp-json\/wp\/v2\/product_cat?post=44601"},{"taxonomy":"product_tag","embeddable":true,"href":"https:\/\/exlibris.ee\/ru\/wp-json\/wp\/v2\/product_tag?post=44601"},{"taxonomy":"series","embeddable":true,"href":"https:\/\/exlibris.ee\/ru\/wp-json\/wp\/v2\/series?post=44601"},{"taxonomy":"publisher","embeddable":true,"href":"https:\/\/exlibris.ee\/ru\/wp-json\/wp\/v2\/publisher?post=44601"}],"curies":[{"name":"wp","href":"https:\/\/api.w.org\/{rel}","templated":true}]}}