{"id":44604,"date":"2023-05-11T15:40:02","date_gmt":"2023-05-11T12:40:02","guid":{"rendered":"https:\/\/exlibris.ee\/toode\/linie-1-beruf-b1-kub-audios-u-videos\/"},"modified":"2026-04-04T21:14:15","modified_gmt":"2026-04-04T18:14:15","slug":"linie-1-beruf-b1-kub-audios-u-videos","status":"publish","type":"product","link":"https:\/\/exlibris.ee\/ru\/produkt\/linie-1-beruf-b1-kub-audios-u-videos\/","title":{"rendered":"Linie 1 Beruf B1, K\u00dcB + Audios u. Videos"},"content":{"rendered":"<p>Linie 1 B1 Beruf trainiert berufs\u00fcbergreifende Fertigkeiten und Kompetenzen f\u00fcr die Arbeitswelt. Das Lehrwerk f\u00f6rdert sprachliches Handeln im Beruf mithilfe von alltagsnahen Szenarien und umfasst unterschiedliche Berufs- und Themenfelder. Linie 1 B1 Beruf vermittelt beruflich relevante Redemittel und Wortschatz, unterst\u00fctzt den Lernprozess durch Strategietraining und bereitet gezielt auf die Pr\u00fcfung telc Deutsch B1+ Beruf vor. Linie 1 B1 Beruf ist lernerfreundlich aufgebaut mit Kursteil, passenden \u00dcbungen und Wortschatzleiste pro Doppelseite. Es eignet sich f\u00fcr die Verwendung im Unterricht und zum Selbstlernen und l\u00e4sst sich flexibel und lehrwerksunabh\u00e4ngig anwenden Linie 1 B1 Beruf ist ideal f\u00fcr den kombinierten Einsatz mit dem Lehrwerk Linie 1 geeignet. Die Lektionen im \u00dcberblick: Dienstleistung Arbeit mit Lebensmitteln Gesundheitsberufe Arbeit im Freien Arbeitssuche Rechte und Pflichten Handwerk Existenzgr\u00fcndung.<\/p>\n","protected":false},"excerpt":{"rendered":"<p>Linie 1 B1 Beruf trainiert berufs\u00fcbergreifende Fertigkeiten und Kompetenzen f\u00fcr die Arbeitswelt. Das Lehrwerk f\u00f6rdert sprachliches Handeln im Beruf mithilfe von alltagsnahen Szenarien und umfasst unterschiedliche Berufs- und Themenfelder. Linie 1 B1 Beruf vermittelt beruflich relevante Redemittel und Wortschatz, unterst\u00fctzt&#8230;<\/p>\n","protected":false},"featured_media":87329,"template":"","meta":{"_acf_changed":false,"inline_featured_image":false},"product_brand":[],"product_cat":[538],"product_tag":[],"series":[{"id":915,"name":"Linie 1 Beruf","slug":"linie-1-beruf"}],"publisher":[{"id":473,"name":"Klett Verlag","slug":"klett-verlag"}],"class_list":{"0":"post-44604","1":"product","2":"type-product","3":"status-publish","4":"has-post-thumbnail","6":"product_cat-lehrwerke-fur-erwachsene","7":"series-linie-1-beruf","8":"publisher-klett-verlag","10":"first","11":"onbackorder","12":"taxable","13":"shipping-taxable","14":"purchasable","15":"product-type-simple"},"acf":[],"_links":{"self":[{"href":"https:\/\/exlibris.ee\/ru\/wp-json\/wp\/v2\/product\/44604","targetHints":{"allow":["GET"]}}],"collection":[{"href":"https:\/\/exlibris.ee\/ru\/wp-json\/wp\/v2\/product"}],"about":[{"href":"https:\/\/exlibris.ee\/ru\/wp-json\/wp\/v2\/types\/product"}],"wp:featuredmedia":[{"embeddable":true,"href":"https:\/\/exlibris.ee\/ru\/wp-json\/wp\/v2\/media\/87329"}],"wp:attachment":[{"href":"https:\/\/exlibris.ee\/ru\/wp-json\/wp\/v2\/media?parent=44604"}],"wp:term":[{"taxonomy":"product_brand","embeddable":true,"href":"https:\/\/exlibris.ee\/ru\/wp-json\/wp\/v2\/product_brand?post=44604"},{"taxonomy":"product_cat","embeddable":true,"href":"https:\/\/exlibris.ee\/ru\/wp-json\/wp\/v2\/product_cat?post=44604"},{"taxonomy":"product_tag","embeddable":true,"href":"https:\/\/exlibris.ee\/ru\/wp-json\/wp\/v2\/product_tag?post=44604"},{"taxonomy":"series","embeddable":true,"href":"https:\/\/exlibris.ee\/ru\/wp-json\/wp\/v2\/series?post=44604"},{"taxonomy":"publisher","embeddable":true,"href":"https:\/\/exlibris.ee\/ru\/wp-json\/wp\/v2\/publisher?post=44604"}],"curies":[{"name":"wp","href":"https:\/\/api.w.org\/{rel}","templated":true}]}}