{"id":44611,"date":"2023-05-11T15:40:06","date_gmt":"2023-05-11T12:40:06","guid":{"rendered":"https:\/\/exlibris.ee\/toode\/klasse-a2-1-kursbuch\/"},"modified":"2026-04-15T13:23:29","modified_gmt":"2026-04-15T10:23:29","slug":"klasse-a2-1-kursbuch","status":"publish","type":"product","link":"https:\/\/exlibris.ee\/ru\/produkt\/klasse-a2-1-kursbuch\/","title":{"rendered":"Klasse! A2.1, Kursbuch"},"content":{"rendered":"<p>6 Kapitel mit klarer und kleinschrittiger Progression, kooperativen und erfolgsorientierten \u00dcbungsformen, handlungsorientierten Aufgaben und Projekten, \u00dcbungen zum echten Sprechen u.v.m. 2 Plateaus mit spielerischen Aufgaben, erfolgsorientiertem Training  Landeskunde und Videoseiten Videos, Clips und Comics R\u00fcckschauseiten mit \u00dcbersichten zu Wortschatz, Redemitteln, Grammatik und M\u00f6glichkeit zur Selbstevaluation Alle Audios, Videos und Online-\u00dcbungen sind kostenlos online abrufbar.<\/p>\n","protected":false},"excerpt":{"rendered":"<p>6 Kapitel mit klarer und kleinschrittiger Progression, kooperativen und erfolgsorientierten \u00dcbungsformen, handlungsorientierten Aufgaben und Projekten, \u00dcbungen zum echten Sprechen u.v.m. 2 Plateaus mit spielerischen Aufgaben, erfolgsorientiertem Training Landeskunde und Videoseiten Videos, Clips und Comics R\u00fcckschauseiten mit \u00dcbersichten zu Wortschatz, Redemitteln,&#8230;<\/p>\n","protected":false},"featured_media":285476,"template":"","meta":{"_acf_changed":false,"inline_featured_image":false},"product_brand":[],"product_cat":[2397],"product_tag":[],"series":[{"id":916,"name":"Klasse","slug":"klasse"}],"publisher":[{"id":473,"name":"Klett Verlag","slug":"klett-verlag"}],"class_list":{"0":"post-44611","1":"product","2":"type-product","3":"status-publish","4":"has-post-thumbnail","6":"product_cat-lk-muud","7":"series-klasse","8":"publisher-klett-verlag","10":"first","11":"instock","12":"taxable","13":"shipping-taxable","14":"purchasable","15":"product-type-simple"},"acf":[],"_links":{"self":[{"href":"https:\/\/exlibris.ee\/ru\/wp-json\/wp\/v2\/product\/44611","targetHints":{"allow":["GET"]}}],"collection":[{"href":"https:\/\/exlibris.ee\/ru\/wp-json\/wp\/v2\/product"}],"about":[{"href":"https:\/\/exlibris.ee\/ru\/wp-json\/wp\/v2\/types\/product"}],"wp:featuredmedia":[{"embeddable":true,"href":"https:\/\/exlibris.ee\/ru\/wp-json\/wp\/v2\/media\/285476"}],"wp:attachment":[{"href":"https:\/\/exlibris.ee\/ru\/wp-json\/wp\/v2\/media?parent=44611"}],"wp:term":[{"taxonomy":"product_brand","embeddable":true,"href":"https:\/\/exlibris.ee\/ru\/wp-json\/wp\/v2\/product_brand?post=44611"},{"taxonomy":"product_cat","embeddable":true,"href":"https:\/\/exlibris.ee\/ru\/wp-json\/wp\/v2\/product_cat?post=44611"},{"taxonomy":"product_tag","embeddable":true,"href":"https:\/\/exlibris.ee\/ru\/wp-json\/wp\/v2\/product_tag?post=44611"},{"taxonomy":"series","embeddable":true,"href":"https:\/\/exlibris.ee\/ru\/wp-json\/wp\/v2\/series?post=44611"},{"taxonomy":"publisher","embeddable":true,"href":"https:\/\/exlibris.ee\/ru\/wp-json\/wp\/v2\/publisher?post=44611"}],"curies":[{"name":"wp","href":"https:\/\/api.w.org\/{rel}","templated":true}]}}