{"id":44622,"date":"2023-05-11T15:40:07","date_gmt":"2023-05-11T12:40:07","guid":{"rendered":"https:\/\/exlibris.ee\/toode\/klasse-kursbuch-b1-1-mit-audios-und-videos-zum-download\/"},"modified":"2026-04-03T09:12:24","modified_gmt":"2026-04-03T06:12:24","slug":"klasse-kursbuch-b1-1-mit-audios-und-videos-zum-download","status":"publish","type":"product","link":"https:\/\/exlibris.ee\/ru\/produkt\/klasse-kursbuch-b1-1-mit-audios-und-videos-zum-download\/","title":{"rendered":"Klasse! Kursbuch B1.1 mit Audios und Videos zum Download"},"content":{"rendered":"<p>6 Kapitel mit klarer und kleinschrittiger Progression, kooperativen und erfolgsorientierten \u00dcbungsformen, handlungsorientierten Aufgaben und Projekten, \u00dcbungen zum echten Sprechen u.v.m. 2 Plateaus mit spielerischen Aufgaben, erfolgsorientiertem Training, Landeskunde und Videoseiten Videos, Clips und Comics R\u00fcckschauseiten mit \u00dcbersichten zu Wortschatz, Redemitteln, Grammatik und M\u00f6glichkeit zur Selbstevaluation Alle Audios, Videos und Online-\u00dcbungen sind kostenlos online abrufbar Klasse! &#8212; das neue Deutsch als Fremsprache-Lehrwerk  f\u00fcr Jugendliche ab 12 Jahren &#8212; steht f\u00fcr einen kommunikativen und handlungsorientierten Unterricht. Es zeichnet sich durch viele kooperative und erfolgsorientierte \u00dcbungsformen aus und setzt den Fokus auf Kreativit\u00e4t und konsequente Lerneraktivierung.<\/p>\n","protected":false},"excerpt":{"rendered":"<p>6 Kapitel mit klarer und kleinschrittiger Progression, kooperativen und erfolgsorientierten \u00dcbungsformen, handlungsorientierten Aufgaben und Projekten, \u00dcbungen zum echten Sprechen u.v.m. 2 Plateaus mit spielerischen Aufgaben, erfolgsorientiertem Training, Landeskunde und Videoseiten Videos, Clips und Comics R\u00fcckschauseiten mit \u00dcbersichten zu Wortschatz, Redemitteln,&#8230;<\/p>\n","protected":false},"featured_media":80968,"template":"","meta":{"_acf_changed":false,"inline_featured_image":false},"product_brand":[],"product_cat":[477],"product_tag":[],"series":[{"id":916,"name":"Klasse","slug":"klasse"}],"publisher":[{"id":473,"name":"Klett Verlag","slug":"klett-verlag"}],"class_list":{"0":"post-44622","1":"product","2":"type-product","3":"status-publish","4":"has-post-thumbnail","6":"product_cat-lehrwerke-fur-jugendliche","7":"series-klasse","8":"publisher-klett-verlag","10":"first","11":"onbackorder","12":"taxable","13":"shipping-taxable","14":"purchasable","15":"product-type-simple"},"acf":[],"_links":{"self":[{"href":"https:\/\/exlibris.ee\/ru\/wp-json\/wp\/v2\/product\/44622","targetHints":{"allow":["GET"]}}],"collection":[{"href":"https:\/\/exlibris.ee\/ru\/wp-json\/wp\/v2\/product"}],"about":[{"href":"https:\/\/exlibris.ee\/ru\/wp-json\/wp\/v2\/types\/product"}],"wp:featuredmedia":[{"embeddable":true,"href":"https:\/\/exlibris.ee\/ru\/wp-json\/wp\/v2\/media\/80968"}],"wp:attachment":[{"href":"https:\/\/exlibris.ee\/ru\/wp-json\/wp\/v2\/media?parent=44622"}],"wp:term":[{"taxonomy":"product_brand","embeddable":true,"href":"https:\/\/exlibris.ee\/ru\/wp-json\/wp\/v2\/product_brand?post=44622"},{"taxonomy":"product_cat","embeddable":true,"href":"https:\/\/exlibris.ee\/ru\/wp-json\/wp\/v2\/product_cat?post=44622"},{"taxonomy":"product_tag","embeddable":true,"href":"https:\/\/exlibris.ee\/ru\/wp-json\/wp\/v2\/product_tag?post=44622"},{"taxonomy":"series","embeddable":true,"href":"https:\/\/exlibris.ee\/ru\/wp-json\/wp\/v2\/series?post=44622"},{"taxonomy":"publisher","embeddable":true,"href":"https:\/\/exlibris.ee\/ru\/wp-json\/wp\/v2\/publisher?post=44622"}],"curies":[{"name":"wp","href":"https:\/\/api.w.org\/{rel}","templated":true}]}}