{"id":44627,"date":"2023-05-11T15:40:08","date_gmt":"2023-05-11T12:40:08","guid":{"rendered":"https:\/\/exlibris.ee\/toode\/wir-alle-a1-ubungsbuch-mit-audios-und-videos\/"},"modified":"2026-04-07T03:25:22","modified_gmt":"2026-04-07T00:25:22","slug":"wir-alle-a1-ubungsbuch-mit-audios-und-videos","status":"publish","type":"product","link":"https:\/\/exlibris.ee\/ru\/produkt\/wir-alle-a1-ubungsbuch-mit-audios-und-videos\/","title":{"rendered":"Wir alle A1, \u00dcbungsbuch mit Audios und Videos"},"content":{"rendered":"<p>4 Module mit jeweils 3 Lektionen passend zum Kursbuch kleinschrittige, abwechslungsreiche \u00dcbungen f\u00fcr die Einzelarbeit in jeder Lektion auch \u00dcbungen zum H\u00f6ren und zur Rechtschreibung Grammatik-Clips zur Unterst\u00fctzung der eigenst\u00e4ndigen Arbeit zu Hause am Ende der Module Lernwortschatz mit \u00fcbergreifenden Wortschatz\u00fcbungen spielerische Wiederholung in den Startmodulen zu Beginn der Teilb\u00e4nde Audios und Grammatik-Clips online abrufbar.<\/p>\n","protected":false},"excerpt":{"rendered":"<p>4 Module mit jeweils 3 Lektionen passend zum Kursbuch kleinschrittige, abwechslungsreiche \u00dcbungen f\u00fcr die Einzelarbeit in jeder Lektion auch \u00dcbungen zum H\u00f6ren und zur Rechtschreibung Grammatik-Clips zur Unterst\u00fctzung der eigenst\u00e4ndigen Arbeit zu Hause am Ende der Module Lernwortschatz mit \u00fcbergreifenden&#8230;<\/p>\n","protected":false},"featured_media":55144,"template":"","meta":{"_acf_changed":false,"inline_featured_image":false},"product_brand":[],"product_cat":[477],"product_tag":[],"series":[{"id":919,"name":"Wir alle A1","slug":"wir-alle-a1"}],"publisher":[{"id":473,"name":"Klett Verlag","slug":"klett-verlag"}],"class_list":{"0":"post-44627","1":"product","2":"type-product","3":"status-publish","4":"has-post-thumbnail","6":"product_cat-lehrwerke-fur-jugendliche","7":"series-wir-alle-a1","8":"publisher-klett-verlag","10":"first","11":"instock","12":"taxable","13":"shipping-taxable","14":"purchasable","15":"product-type-simple"},"acf":[],"_links":{"self":[{"href":"https:\/\/exlibris.ee\/ru\/wp-json\/wp\/v2\/product\/44627","targetHints":{"allow":["GET"]}}],"collection":[{"href":"https:\/\/exlibris.ee\/ru\/wp-json\/wp\/v2\/product"}],"about":[{"href":"https:\/\/exlibris.ee\/ru\/wp-json\/wp\/v2\/types\/product"}],"wp:featuredmedia":[{"embeddable":true,"href":"https:\/\/exlibris.ee\/ru\/wp-json\/wp\/v2\/media\/55144"}],"wp:attachment":[{"href":"https:\/\/exlibris.ee\/ru\/wp-json\/wp\/v2\/media?parent=44627"}],"wp:term":[{"taxonomy":"product_brand","embeddable":true,"href":"https:\/\/exlibris.ee\/ru\/wp-json\/wp\/v2\/product_brand?post=44627"},{"taxonomy":"product_cat","embeddable":true,"href":"https:\/\/exlibris.ee\/ru\/wp-json\/wp\/v2\/product_cat?post=44627"},{"taxonomy":"product_tag","embeddable":true,"href":"https:\/\/exlibris.ee\/ru\/wp-json\/wp\/v2\/product_tag?post=44627"},{"taxonomy":"series","embeddable":true,"href":"https:\/\/exlibris.ee\/ru\/wp-json\/wp\/v2\/series?post=44627"},{"taxonomy":"publisher","embeddable":true,"href":"https:\/\/exlibris.ee\/ru\/wp-json\/wp\/v2\/publisher?post=44627"}],"curies":[{"name":"wp","href":"https:\/\/api.w.org\/{rel}","templated":true}]}}