{"id":44629,"date":"2023-05-11T15:40:08","date_gmt":"2023-05-11T12:40:08","guid":{"rendered":"https:\/\/exlibris.ee\/toode\/wir-alle-a1-2-kurs-und-ubungsbuch-mit-audios-und-videos\/"},"modified":"2026-04-05T15:21:32","modified_gmt":"2026-04-05T12:21:32","slug":"wir-alle-a1-2-kurs-und-ubungsbuch-mit-audios-und-videos","status":"publish","type":"product","link":"https:\/\/exlibris.ee\/ru\/produkt\/wir-alle-a1-2-kurs-und-ubungsbuch-mit-audios-und-videos\/","title":{"rendered":"Wir alle A1.2, Kurs- und \u00dcbungsbuch mit Audios und Videos"},"content":{"rendered":"<p>Die Neubearbeitung des erfolgreichen Lehrwerks \u201eWir neu\u201c richtet sich an Kinder und Jugendliche ab 10 Jahren und ist besonders geeignet f\u00fcr den Unterricht mit wenigen Wochenstunden. Viele digitale Materialien bringen Spa\u00df und Abwechslung in den Unterricht. 2 Module pro Teilband pro Modul 3 Lektionen mit flacher Progression, kleinschrittigen Aufgaben und vielen Sprech\u00fcbungen Einstieg \u00fcber Foto-Situationen rund um eine deutsche Familie in Berlin Spiele in jeder Lektion am Ende der Lektionen wiederkehrende Rubriken zur Auswahl: Wortschatz, Aussprache, Raps und Lieder, Deutsch im Alltag, Mini-Projekte, Selbstevaluation Online-\u00dcbungen zur Festigung abschlie\u00dfend in jedem Modul: Fertigkeitentraining (Lesen, H\u00f6ren, Schreiben, Sprechen, Mediation), Zusammenfassung der Grammatik mit Clips, Landeskunde extra mit Film im integrierten \u00dcbungsbuch-Teil kleinschrittige, abwechslungsreiche \u00dcbungen f\u00fcr die Einzelarbeit am Ende der Module Lernwortschatz mit \u00fcbergreifenden Wortschatz\u00fcbungen spielerische Wiederholung in den Startmodulen zu Beginn Audios, Grammatik-Clips und Filme online abrufbar Spielvorlagen online.<\/p>\n","protected":false},"excerpt":{"rendered":"<p>Die Neubearbeitung des erfolgreichen Lehrwerks \u201eWir neu\u201c richtet sich an Kinder und Jugendliche ab 10 Jahren und ist besonders geeignet f\u00fcr den Unterricht mit wenigen Wochenstunden. Viele digitale Materialien bringen Spa\u00df und Abwechslung in den Unterricht. 2 Module pro Teilband&#8230;<\/p>\n","protected":false},"featured_media":55150,"template":"","meta":{"_acf_changed":false,"inline_featured_image":false},"product_brand":[],"product_cat":[477],"product_tag":[],"series":[{"id":919,"name":"Wir alle A1","slug":"wir-alle-a1"}],"publisher":[{"id":473,"name":"Klett Verlag","slug":"klett-verlag"}],"class_list":{"0":"post-44629","1":"product","2":"type-product","3":"status-publish","4":"has-post-thumbnail","6":"product_cat-lehrwerke-fur-jugendliche","7":"series-wir-alle-a1","8":"publisher-klett-verlag","10":"first","11":"instock","12":"taxable","13":"shipping-taxable","14":"purchasable","15":"product-type-simple"},"acf":[],"_links":{"self":[{"href":"https:\/\/exlibris.ee\/ru\/wp-json\/wp\/v2\/product\/44629","targetHints":{"allow":["GET"]}}],"collection":[{"href":"https:\/\/exlibris.ee\/ru\/wp-json\/wp\/v2\/product"}],"about":[{"href":"https:\/\/exlibris.ee\/ru\/wp-json\/wp\/v2\/types\/product"}],"wp:featuredmedia":[{"embeddable":true,"href":"https:\/\/exlibris.ee\/ru\/wp-json\/wp\/v2\/media\/55150"}],"wp:attachment":[{"href":"https:\/\/exlibris.ee\/ru\/wp-json\/wp\/v2\/media?parent=44629"}],"wp:term":[{"taxonomy":"product_brand","embeddable":true,"href":"https:\/\/exlibris.ee\/ru\/wp-json\/wp\/v2\/product_brand?post=44629"},{"taxonomy":"product_cat","embeddable":true,"href":"https:\/\/exlibris.ee\/ru\/wp-json\/wp\/v2\/product_cat?post=44629"},{"taxonomy":"product_tag","embeddable":true,"href":"https:\/\/exlibris.ee\/ru\/wp-json\/wp\/v2\/product_tag?post=44629"},{"taxonomy":"series","embeddable":true,"href":"https:\/\/exlibris.ee\/ru\/wp-json\/wp\/v2\/series?post=44629"},{"taxonomy":"publisher","embeddable":true,"href":"https:\/\/exlibris.ee\/ru\/wp-json\/wp\/v2\/publisher?post=44629"}],"curies":[{"name":"wp","href":"https:\/\/api.w.org\/{rel}","templated":true}]}}