{"id":44631,"date":"2023-05-11T15:40:09","date_gmt":"2023-05-11T12:40:09","guid":{"rendered":"https:\/\/exlibris.ee\/toode\/wir-alle-a1-unterrichtshandbuch\/"},"modified":"2026-04-25T17:22:03","modified_gmt":"2026-04-25T14:22:03","slug":"wir-alle-a1-unterrichtshandbuch","status":"publish","type":"product","link":"https:\/\/exlibris.ee\/ru\/produkt\/wir-alle-a1-unterrichtshandbuch\/","title":{"rendered":"Wir alle A1, Unterrichtshandbuch"},"content":{"rendered":"<p>Ausf\u00fchrliche Einf\u00fchrung in das Lehrwerkskonzept Vorschl\u00e4ge f\u00fcr spielerisches \u00dcben Didaktische Hinweise zu den Modulen Spielvorschl\u00e4ge, Varianten, Tipps zur Binnendifferenzierung und zu Strategien Transkription der H\u00f6rtexte Kopiervorlagen zu den Modulen und den Filmen Antwortbogen zum Fertigkeitentraining.<\/p>\n","protected":false},"excerpt":{"rendered":"<p>Ausf\u00fchrliche Einf\u00fchrung in das Lehrwerkskonzept Vorschl\u00e4ge f\u00fcr spielerisches \u00dcben Didaktische Hinweise zu den Modulen Spielvorschl\u00e4ge, Varianten, Tipps zur Binnendifferenzierung und zu Strategien Transkription der H\u00f6rtexte Kopiervorlagen zu den Modulen und den Filmen Antwortbogen zum Fertigkeitentraining.<\/p>\n","protected":false},"featured_media":55156,"template":"","meta":{"_acf_changed":false,"inline_featured_image":false},"product_brand":[],"product_cat":[477],"product_tag":[],"series":[{"id":919,"name":"Wir alle A1","slug":"wir-alle-a1"}],"publisher":[{"id":473,"name":"Klett Verlag","slug":"klett-verlag"}],"class_list":{"0":"post-44631","1":"product","2":"type-product","3":"status-publish","4":"has-post-thumbnail","6":"product_cat-lehrwerke-fur-jugendliche","7":"series-wir-alle-a1","8":"publisher-klett-verlag","10":"first","11":"onbackorder","12":"taxable","13":"shipping-taxable","14":"purchasable","15":"product-type-simple"},"acf":[],"_links":{"self":[{"href":"https:\/\/exlibris.ee\/ru\/wp-json\/wp\/v2\/product\/44631","targetHints":{"allow":["GET"]}}],"collection":[{"href":"https:\/\/exlibris.ee\/ru\/wp-json\/wp\/v2\/product"}],"about":[{"href":"https:\/\/exlibris.ee\/ru\/wp-json\/wp\/v2\/types\/product"}],"wp:featuredmedia":[{"embeddable":true,"href":"https:\/\/exlibris.ee\/ru\/wp-json\/wp\/v2\/media\/55156"}],"wp:attachment":[{"href":"https:\/\/exlibris.ee\/ru\/wp-json\/wp\/v2\/media?parent=44631"}],"wp:term":[{"taxonomy":"product_brand","embeddable":true,"href":"https:\/\/exlibris.ee\/ru\/wp-json\/wp\/v2\/product_brand?post=44631"},{"taxonomy":"product_cat","embeddable":true,"href":"https:\/\/exlibris.ee\/ru\/wp-json\/wp\/v2\/product_cat?post=44631"},{"taxonomy":"product_tag","embeddable":true,"href":"https:\/\/exlibris.ee\/ru\/wp-json\/wp\/v2\/product_tag?post=44631"},{"taxonomy":"series","embeddable":true,"href":"https:\/\/exlibris.ee\/ru\/wp-json\/wp\/v2\/series?post=44631"},{"taxonomy":"publisher","embeddable":true,"href":"https:\/\/exlibris.ee\/ru\/wp-json\/wp\/v2\/publisher?post=44631"}],"curies":[{"name":"wp","href":"https:\/\/api.w.org\/{rel}","templated":true}]}}