{"id":44647,"date":"2023-05-11T15:40:12","date_gmt":"2023-05-11T12:40:12","guid":{"rendered":"https:\/\/exlibris.ee\/toode\/55-landeskunde-spiele-deutsch-als-fremdsprache\/"},"modified":"2026-04-13T23:27:07","modified_gmt":"2026-04-13T20:27:07","slug":"55-landeskunde-spiele-deutsch-als-fremdsprache","status":"publish","type":"product","link":"https:\/\/exlibris.ee\/ru\/produkt\/55-landeskunde-spiele-deutsch-als-fremdsprache\/","title":{"rendered":"55 Landeskunde-Spiele"},"content":{"rendered":"<p>Diese Spielesammlung enth\u00e4lt 55 aktivierende und motivierende Spiele zu landeskundlichem Wissen \u00fcber die D-A-CH-L-L\u00e4nder, motiviert zu interkulturellen Vergleichen und f\u00f6rdert die interkulturelle kommunikative Kompetenz. Die Spiele k\u00f6nnen begleitend zu jedem DaF-Sprachlehrwerk eingesetzt werden und enthalten detaillierte Spielbeschreibungen und Kopiervorlagen f\u00fcr den sofortigen Einsatz im Unterricht.<\/p>\n","protected":false},"excerpt":{"rendered":"<p>Diese Spielesammlung enth\u00e4lt 55 aktivierende und motivierende Spiele zu landeskundlichem Wissen \u00fcber die D-A-CH-L-L\u00e4nder, motiviert zu interkulturellen Vergleichen und f\u00f6rdert die interkulturelle kommunikative Kompetenz. Die Spiele k\u00f6nnen begleitend zu jedem DaF-Sprachlehrwerk eingesetzt werden und enthalten detaillierte Spielbeschreibungen und Kopiervorlagen f\u00fcr&#8230;<\/p>\n","protected":false},"featured_media":55204,"template":"","meta":{"_acf_changed":false,"inline_featured_image":false},"product_brand":[],"product_cat":[503],"product_tag":[],"series":[{"id":922,"name":"Deutsch als Fremdsprache","slug":"deutsch-als-fremdsprache"}],"publisher":[{"id":473,"name":"Klett Verlag","slug":"klett-verlag"}],"class_list":{"0":"post-44647","1":"product","2":"type-product","3":"status-publish","4":"has-post-thumbnail","6":"product_cat-lernen-mit-bildern-und-spielen","7":"series-deutsch-als-fremdsprache","8":"publisher-klett-verlag","10":"first","11":"instock","12":"taxable","13":"shipping-taxable","14":"purchasable","15":"product-type-simple"},"acf":[],"_links":{"self":[{"href":"https:\/\/exlibris.ee\/ru\/wp-json\/wp\/v2\/product\/44647","targetHints":{"allow":["GET"]}}],"collection":[{"href":"https:\/\/exlibris.ee\/ru\/wp-json\/wp\/v2\/product"}],"about":[{"href":"https:\/\/exlibris.ee\/ru\/wp-json\/wp\/v2\/types\/product"}],"wp:featuredmedia":[{"embeddable":true,"href":"https:\/\/exlibris.ee\/ru\/wp-json\/wp\/v2\/media\/55204"}],"wp:attachment":[{"href":"https:\/\/exlibris.ee\/ru\/wp-json\/wp\/v2\/media?parent=44647"}],"wp:term":[{"taxonomy":"product_brand","embeddable":true,"href":"https:\/\/exlibris.ee\/ru\/wp-json\/wp\/v2\/product_brand?post=44647"},{"taxonomy":"product_cat","embeddable":true,"href":"https:\/\/exlibris.ee\/ru\/wp-json\/wp\/v2\/product_cat?post=44647"},{"taxonomy":"product_tag","embeddable":true,"href":"https:\/\/exlibris.ee\/ru\/wp-json\/wp\/v2\/product_tag?post=44647"},{"taxonomy":"series","embeddable":true,"href":"https:\/\/exlibris.ee\/ru\/wp-json\/wp\/v2\/series?post=44647"},{"taxonomy":"publisher","embeddable":true,"href":"https:\/\/exlibris.ee\/ru\/wp-json\/wp\/v2\/publisher?post=44647"}],"curies":[{"name":"wp","href":"https:\/\/api.w.org\/{rel}","templated":true}]}}