{"id":44648,"date":"2023-05-11T15:40:12","date_gmt":"2023-05-11T12:40:12","guid":{"rendered":"https:\/\/exlibris.ee\/toode\/66-sprachspiele-schule-deutsch-als-fremdsprache\/"},"modified":"2026-04-04T03:11:44","modified_gmt":"2026-04-04T00:11:44","slug":"66-sprachspiele-schule-deutsch-als-fremdsprache","status":"publish","type":"product","link":"https:\/\/exlibris.ee\/ru\/produkt\/66-sprachspiele-schule-deutsch-als-fremdsprache\/","title":{"rendered":"66 Sprachspiele Schule"},"content":{"rendered":"<p>Diese Spielesammlung enth\u00e4lt 66 aktivierende und motivierende Spiele zu Grammatik und Wortschatz, die in jedem DaF-\/DaZ-Unterricht der Sekundarstufe eingesetzt werden k\u00f6nnen. Alle Spiele enthalten detaillierte Spielbeschreibungen und Kopiervorlagen f\u00fcr den sofortigen Einsatz im Klassenzimmer. Die Spiele sind f\u00fcr die Niveaustufen A1-A2 konzipiert. eignen sich f\u00fcr den Unterricht mit Kindern und Jugendlichen im Alter von 10-18 Jahren. erfordern wenig Vorbereitung. sind direkt und flexibel im Unterricht einsetzbar. unterst\u00fctzen ideal das \u00dcben, die Wiederholung und die Festigung von grammatischen Strukturen und Wortschatz.<\/p>\n","protected":false},"excerpt":{"rendered":"<p>Diese Spielesammlung enth\u00e4lt 66 aktivierende und motivierende Spiele zu Grammatik und Wortschatz, die in jedem DaF-\/DaZ-Unterricht der Sekundarstufe eingesetzt werden k\u00f6nnen. Alle Spiele enthalten detaillierte Spielbeschreibungen und Kopiervorlagen f\u00fcr den sofortigen Einsatz im Klassenzimmer. Die Spiele sind f\u00fcr die Niveaustufen&#8230;<\/p>\n","protected":false},"featured_media":55207,"template":"","meta":{"_acf_changed":false,"inline_featured_image":false},"product_brand":[],"product_cat":[503],"product_tag":[],"series":[{"id":922,"name":"Deutsch als Fremdsprache","slug":"deutsch-als-fremdsprache"}],"publisher":[{"id":473,"name":"Klett Verlag","slug":"klett-verlag"}],"class_list":{"0":"post-44648","1":"product","2":"type-product","3":"status-publish","4":"has-post-thumbnail","6":"product_cat-lernen-mit-bildern-und-spielen","7":"series-deutsch-als-fremdsprache","8":"publisher-klett-verlag","10":"first","11":"onbackorder","12":"taxable","13":"shipping-taxable","14":"purchasable","15":"product-type-simple"},"acf":[],"_links":{"self":[{"href":"https:\/\/exlibris.ee\/ru\/wp-json\/wp\/v2\/product\/44648","targetHints":{"allow":["GET"]}}],"collection":[{"href":"https:\/\/exlibris.ee\/ru\/wp-json\/wp\/v2\/product"}],"about":[{"href":"https:\/\/exlibris.ee\/ru\/wp-json\/wp\/v2\/types\/product"}],"wp:featuredmedia":[{"embeddable":true,"href":"https:\/\/exlibris.ee\/ru\/wp-json\/wp\/v2\/media\/55207"}],"wp:attachment":[{"href":"https:\/\/exlibris.ee\/ru\/wp-json\/wp\/v2\/media?parent=44648"}],"wp:term":[{"taxonomy":"product_brand","embeddable":true,"href":"https:\/\/exlibris.ee\/ru\/wp-json\/wp\/v2\/product_brand?post=44648"},{"taxonomy":"product_cat","embeddable":true,"href":"https:\/\/exlibris.ee\/ru\/wp-json\/wp\/v2\/product_cat?post=44648"},{"taxonomy":"product_tag","embeddable":true,"href":"https:\/\/exlibris.ee\/ru\/wp-json\/wp\/v2\/product_tag?post=44648"},{"taxonomy":"series","embeddable":true,"href":"https:\/\/exlibris.ee\/ru\/wp-json\/wp\/v2\/series?post=44648"},{"taxonomy":"publisher","embeddable":true,"href":"https:\/\/exlibris.ee\/ru\/wp-json\/wp\/v2\/publisher?post=44648"}],"curies":[{"name":"wp","href":"https:\/\/api.w.org\/{rel}","templated":true}]}}