{"id":44650,"date":"2023-05-11T15:40:12","date_gmt":"2023-05-11T12:40:12","guid":{"rendered":"https:\/\/exlibris.ee\/toode\/44-spiele-zur-mediation-deutsch-als-fremdsprache\/"},"modified":"2026-04-04T03:11:44","modified_gmt":"2026-04-04T00:11:44","slug":"44-spiele-zur-mediation-deutsch-als-fremdsprache","status":"publish","type":"product","link":"https:\/\/exlibris.ee\/ru\/produkt\/44-spiele-zur-mediation-deutsch-als-fremdsprache\/","title":{"rendered":"44 Spiele zur Mediation"},"content":{"rendered":"<p>Diese Sammlung spielerischer Aktivit\u00e4ten ist optimal auf das erweiterte Verst\u00e4ndnis von Mediation im Begleitband des GeR abgestimmt. Sie hilft DaF- und DaZ-Lernenden die unterschiedlichen Bereiche von Mediation (Text-, Konzept- und Kommunikationsmediation) und die dazugeh\u00f6rigen Mediationsstrategien kennenzulernen und spielerisch zu trainieren. Die Spiele k\u00f6nnen unabh\u00e4ngig oder begleitend zu jedem Lehrwerk eingesetzt werden und enthalten detaillierte Spielbeschreibungen und Kopiervorlagen f\u00fcr den sofortigen Einsatz im Unterricht.<\/p>\n","protected":false},"excerpt":{"rendered":"<p>Diese Sammlung spielerischer Aktivit\u00e4ten ist optimal auf das erweiterte Verst\u00e4ndnis von Mediation im Begleitband des GeR abgestimmt. Sie hilft DaF- und DaZ-Lernenden die unterschiedlichen Bereiche von Mediation (Text-, Konzept- und Kommunikationsmediation) und die dazugeh\u00f6rigen Mediationsstrategien kennenzulernen und spielerisch zu trainieren&#8230;.<\/p>\n","protected":false},"featured_media":55213,"template":"","meta":{"_acf_changed":false,"inline_featured_image":false},"product_brand":[],"product_cat":[503],"product_tag":[],"series":[{"id":922,"name":"Deutsch als Fremdsprache","slug":"deutsch-als-fremdsprache"}],"publisher":[{"id":473,"name":"Klett Verlag","slug":"klett-verlag"}],"class_list":{"0":"post-44650","1":"product","2":"type-product","3":"status-publish","4":"has-post-thumbnail","6":"product_cat-lernen-mit-bildern-und-spielen","7":"series-deutsch-als-fremdsprache","8":"publisher-klett-verlag","10":"first","11":"instock","12":"taxable","13":"shipping-taxable","14":"purchasable","15":"product-type-simple"},"acf":[],"_links":{"self":[{"href":"https:\/\/exlibris.ee\/ru\/wp-json\/wp\/v2\/product\/44650","targetHints":{"allow":["GET"]}}],"collection":[{"href":"https:\/\/exlibris.ee\/ru\/wp-json\/wp\/v2\/product"}],"about":[{"href":"https:\/\/exlibris.ee\/ru\/wp-json\/wp\/v2\/types\/product"}],"wp:featuredmedia":[{"embeddable":true,"href":"https:\/\/exlibris.ee\/ru\/wp-json\/wp\/v2\/media\/55213"}],"wp:attachment":[{"href":"https:\/\/exlibris.ee\/ru\/wp-json\/wp\/v2\/media?parent=44650"}],"wp:term":[{"taxonomy":"product_brand","embeddable":true,"href":"https:\/\/exlibris.ee\/ru\/wp-json\/wp\/v2\/product_brand?post=44650"},{"taxonomy":"product_cat","embeddable":true,"href":"https:\/\/exlibris.ee\/ru\/wp-json\/wp\/v2\/product_cat?post=44650"},{"taxonomy":"product_tag","embeddable":true,"href":"https:\/\/exlibris.ee\/ru\/wp-json\/wp\/v2\/product_tag?post=44650"},{"taxonomy":"series","embeddable":true,"href":"https:\/\/exlibris.ee\/ru\/wp-json\/wp\/v2\/series?post=44650"},{"taxonomy":"publisher","embeddable":true,"href":"https:\/\/exlibris.ee\/ru\/wp-json\/wp\/v2\/publisher?post=44650"}],"curies":[{"name":"wp","href":"https:\/\/api.w.org\/{rel}","templated":true}]}}