{"id":44651,"date":"2023-05-11T15:40:12","date_gmt":"2023-05-11T12:40:12","guid":{"rendered":"https:\/\/exlibris.ee\/toode\/wortschatz-uben-freizeit-mein-jahr-feste-cd\/"},"modified":"2026-04-04T03:11:46","modified_gmt":"2026-04-04T00:11:46","slug":"wortschatz-uben-freizeit-mein-jahr-feste-cd","status":"publish","type":"product","link":"https:\/\/exlibris.ee\/ru\/produkt\/wortschatz-uben-freizeit-mein-jahr-feste-cd\/","title":{"rendered":"Wortschatz \u00fcben:  Freizeit &#8212; mein Jahr &#8212; Feste, Buch und CD-Rom"},"content":{"rendered":"<p>Neu: CD-ROM mit \u00dcbungen Wortschatz\u00fcbungsspiele, abgestimmt auf die Inhalte des Hefts, sowie, die L\u00f6sungen zu allen \u00dcbungen des Arbeitshefts. Mit Wortschatz \u00fcben k\u00f6nnen sich Sch\u00fclerinnen und Sch\u00fcler ab Klasse 2 selbstst\u00e4ndig einen ausgew\u00e4hlten Basiswortschatz zu verschiedenen Alltagsthemen erarbeiten. In diesem Heft lernen sie W\u00f6rter zu den Themenfeldern Freizeit, Mein Jahr, Feste.<\/p>\n","protected":false},"excerpt":{"rendered":"<p>Neu: CD-ROM mit \u00dcbungen Wortschatz\u00fcbungsspiele, abgestimmt auf die Inhalte des Hefts, sowie, die L\u00f6sungen zu allen \u00dcbungen des Arbeitshefts. Mit Wortschatz \u00fcben k\u00f6nnen sich Sch\u00fclerinnen und Sch\u00fcler ab Klasse 2 selbstst\u00e4ndig einen ausgew\u00e4hlten Basiswortschatz zu verschiedenen Alltagsthemen erarbeiten. In diesem&#8230;<\/p>\n","protected":false},"featured_media":91444,"template":"","meta":{"_acf_changed":false,"inline_featured_image":false},"product_brand":[],"product_cat":[884],"product_tag":[],"series":[{"id":923,"name":"Meine Welt auf Deutsch","slug":"meine-welt-auf-deutsch"}],"publisher":[{"id":473,"name":"Klett Verlag","slug":"klett-verlag"}],"class_list":{"0":"post-44651","1":"product","2":"type-product","3":"status-publish","4":"has-post-thumbnail","6":"product_cat-wortschatz","7":"series-meine-welt-auf-deutsch","8":"publisher-klett-verlag","10":"first","11":"instock","12":"taxable","13":"shipping-taxable","14":"purchasable","15":"product-type-simple"},"acf":[],"_links":{"self":[{"href":"https:\/\/exlibris.ee\/ru\/wp-json\/wp\/v2\/product\/44651","targetHints":{"allow":["GET"]}}],"collection":[{"href":"https:\/\/exlibris.ee\/ru\/wp-json\/wp\/v2\/product"}],"about":[{"href":"https:\/\/exlibris.ee\/ru\/wp-json\/wp\/v2\/types\/product"}],"wp:featuredmedia":[{"embeddable":true,"href":"https:\/\/exlibris.ee\/ru\/wp-json\/wp\/v2\/media\/91444"}],"wp:attachment":[{"href":"https:\/\/exlibris.ee\/ru\/wp-json\/wp\/v2\/media?parent=44651"}],"wp:term":[{"taxonomy":"product_brand","embeddable":true,"href":"https:\/\/exlibris.ee\/ru\/wp-json\/wp\/v2\/product_brand?post=44651"},{"taxonomy":"product_cat","embeddable":true,"href":"https:\/\/exlibris.ee\/ru\/wp-json\/wp\/v2\/product_cat?post=44651"},{"taxonomy":"product_tag","embeddable":true,"href":"https:\/\/exlibris.ee\/ru\/wp-json\/wp\/v2\/product_tag?post=44651"},{"taxonomy":"series","embeddable":true,"href":"https:\/\/exlibris.ee\/ru\/wp-json\/wp\/v2\/series?post=44651"},{"taxonomy":"publisher","embeddable":true,"href":"https:\/\/exlibris.ee\/ru\/wp-json\/wp\/v2\/publisher?post=44651"}],"curies":[{"name":"wp","href":"https:\/\/api.w.org\/{rel}","templated":true}]}}