{"id":44652,"date":"2023-05-11T15:40:13","date_gmt":"2023-05-11T12:40:13","guid":{"rendered":"https:\/\/exlibris.ee\/toode\/meine-welt-auf-deutsch-illustrierter-themat-grundwortschatz-mit-cd\/"},"modified":"2026-04-04T03:11:46","modified_gmt":"2026-04-04T00:11:46","slug":"meine-welt-auf-deutsch-illustrierter-themat-grundwortschatz-mit-cd","status":"publish","type":"product","link":"https:\/\/exlibris.ee\/ru\/produkt\/meine-welt-auf-deutsch-illustrierter-themat-grundwortschatz-mit-cd\/","title":{"rendered":"Meine Welt auf Deutsch"},"content":{"rendered":"<p>&#171;Meine Welt auf Deutsch&#187; ist ein vielseitiges und offenes Lernmaterial f\u00fcr den handlungsorientierten und lerneraktivierenden Unterricht. Das Buch bildet die Grundlage f\u00fcr abwechslungsreiche \u00dcbungsm\u00f6glichkeiten zur Erweiterung des Wortschatzes. Es ist nach Themen in 13 Kapitel gegliedert (Schule, Familie, Umwelt etc.) und der Lebenswelt von Grundschulkindern sowie ihrem Bedarf an Sprachhandlungen angepasst. Es hilft Kindern, ihre Umwelt durch Sprache zu erschlie\u00dfen. Per Download zum Titel verf\u00fcgbar: Audio-Dateien mit authentischem H\u00f6rmaterial sowie die Transkription der H\u00f6rtexte.<\/p>\n","protected":false},"excerpt":{"rendered":"<p>&#171;Meine Welt auf Deutsch&#187; ist ein vielseitiges und offenes Lernmaterial f\u00fcr den handlungsorientierten und lerneraktivierenden Unterricht. Das Buch bildet die Grundlage f\u00fcr abwechslungsreiche \u00dcbungsm\u00f6glichkeiten zur Erweiterung des Wortschatzes. Es ist nach Themen in 13 Kapitel gegliedert (Schule, Familie, Umwelt etc.)&#8230;<\/p>\n","protected":false},"featured_media":91462,"template":"","meta":{"_acf_changed":false,"inline_featured_image":false},"product_brand":[],"product_cat":[884],"product_tag":[],"series":[{"id":923,"name":"Meine Welt auf Deutsch","slug":"meine-welt-auf-deutsch"}],"publisher":[{"id":473,"name":"Klett Verlag","slug":"klett-verlag"}],"class_list":{"0":"post-44652","1":"product","2":"type-product","3":"status-publish","4":"has-post-thumbnail","6":"product_cat-wortschatz","7":"series-meine-welt-auf-deutsch","8":"publisher-klett-verlag","10":"first","11":"onbackorder","12":"taxable","13":"shipping-taxable","14":"purchasable","15":"product-type-simple"},"acf":[],"_links":{"self":[{"href":"https:\/\/exlibris.ee\/ru\/wp-json\/wp\/v2\/product\/44652","targetHints":{"allow":["GET"]}}],"collection":[{"href":"https:\/\/exlibris.ee\/ru\/wp-json\/wp\/v2\/product"}],"about":[{"href":"https:\/\/exlibris.ee\/ru\/wp-json\/wp\/v2\/types\/product"}],"wp:featuredmedia":[{"embeddable":true,"href":"https:\/\/exlibris.ee\/ru\/wp-json\/wp\/v2\/media\/91462"}],"wp:attachment":[{"href":"https:\/\/exlibris.ee\/ru\/wp-json\/wp\/v2\/media?parent=44652"}],"wp:term":[{"taxonomy":"product_brand","embeddable":true,"href":"https:\/\/exlibris.ee\/ru\/wp-json\/wp\/v2\/product_brand?post=44652"},{"taxonomy":"product_cat","embeddable":true,"href":"https:\/\/exlibris.ee\/ru\/wp-json\/wp\/v2\/product_cat?post=44652"},{"taxonomy":"product_tag","embeddable":true,"href":"https:\/\/exlibris.ee\/ru\/wp-json\/wp\/v2\/product_tag?post=44652"},{"taxonomy":"series","embeddable":true,"href":"https:\/\/exlibris.ee\/ru\/wp-json\/wp\/v2\/series?post=44652"},{"taxonomy":"publisher","embeddable":true,"href":"https:\/\/exlibris.ee\/ru\/wp-json\/wp\/v2\/publisher?post=44652"}],"curies":[{"name":"wp","href":"https:\/\/api.w.org\/{rel}","templated":true}]}}