{"id":44653,"date":"2023-05-11T15:40:13","date_gmt":"2023-05-11T12:40:13","guid":{"rendered":"https:\/\/exlibris.ee\/toode\/die-bremer-stadtmusikanten\/"},"modified":"2026-04-04T03:11:47","modified_gmt":"2026-04-04T00:11:47","slug":"die-bremer-stadtmusikanten","status":"publish","type":"product","link":"https:\/\/exlibris.ee\/ru\/produkt\/die-bremer-stadtmusikanten\/","title":{"rendered":"Die Bremer Stadtmusikanten"},"content":{"rendered":"<p>Ein ber\u00fchmtes M\u00e4rchen \u00fcber einen Esel, einen Hund, eine Katze und einen Hahn, die nach Bremen gehen, um dort Musik zu machen. Doch ihre Reise endet ganz anders.<\/p>\n","protected":false},"excerpt":{"rendered":"<p>Ein ber\u00fchmtes M\u00e4rchen \u00fcber einen Esel, einen Hund, eine Katze und einen Hahn, die nach Bremen gehen, um dort Musik zu machen. Doch ihre Reise endet ganz anders.<\/p>\n","protected":false},"featured_media":91480,"template":"","meta":{"_acf_changed":false,"inline_featured_image":false},"product_brand":[],"product_cat":[851],"product_tag":[],"series":[{"id":924,"name":"Kletts bunte Lesewelt","slug":"kletts-bunte-lesewelt"}],"publisher":[{"id":473,"name":"Klett Verlag","slug":"klett-verlag"}],"class_list":{"0":"post-44653","1":"product","2":"type-product","3":"status-publish","4":"has-post-thumbnail","6":"product_cat-lesetexte-deutsch","7":"series-kletts-bunte-lesewelt","8":"publisher-klett-verlag","10":"first","11":"onbackorder","12":"taxable","13":"shipping-taxable","14":"purchasable","15":"product-type-simple"},"acf":[],"_links":{"self":[{"href":"https:\/\/exlibris.ee\/ru\/wp-json\/wp\/v2\/product\/44653","targetHints":{"allow":["GET"]}}],"collection":[{"href":"https:\/\/exlibris.ee\/ru\/wp-json\/wp\/v2\/product"}],"about":[{"href":"https:\/\/exlibris.ee\/ru\/wp-json\/wp\/v2\/types\/product"}],"wp:featuredmedia":[{"embeddable":true,"href":"https:\/\/exlibris.ee\/ru\/wp-json\/wp\/v2\/media\/91480"}],"wp:attachment":[{"href":"https:\/\/exlibris.ee\/ru\/wp-json\/wp\/v2\/media?parent=44653"}],"wp:term":[{"taxonomy":"product_brand","embeddable":true,"href":"https:\/\/exlibris.ee\/ru\/wp-json\/wp\/v2\/product_brand?post=44653"},{"taxonomy":"product_cat","embeddable":true,"href":"https:\/\/exlibris.ee\/ru\/wp-json\/wp\/v2\/product_cat?post=44653"},{"taxonomy":"product_tag","embeddable":true,"href":"https:\/\/exlibris.ee\/ru\/wp-json\/wp\/v2\/product_tag?post=44653"},{"taxonomy":"series","embeddable":true,"href":"https:\/\/exlibris.ee\/ru\/wp-json\/wp\/v2\/series?post=44653"},{"taxonomy":"publisher","embeddable":true,"href":"https:\/\/exlibris.ee\/ru\/wp-json\/wp\/v2\/publisher?post=44653"}],"curies":[{"name":"wp","href":"https:\/\/api.w.org\/{rel}","templated":true}]}}