{"id":44657,"date":"2023-05-11T15:40:13","date_gmt":"2023-05-11T12:40:13","guid":{"rendered":"https:\/\/exlibris.ee\/toode\/deutsch-intensiv-horen-und-sprechen-a1\/"},"modified":"2026-04-12T11:22:45","modified_gmt":"2026-04-12T08:22:45","slug":"deutsch-intensiv-horen-und-sprechen-a1","status":"publish","type":"product","link":"https:\/\/exlibris.ee\/ru\/produkt\/deutsch-intensiv-horen-und-sprechen-a1\/","title":{"rendered":"H\u00f6ren &amp; Sprechen A1"},"content":{"rendered":"<p>\u00dcbungsbuch zum intensiven Training von H\u00f6ren und Sprechen auf Niveau A1 \u2013 f\u00fcr DaF-Selbstlernende oder kursbegleitend Alltagsrelevante Themen wie Freizeit, Einkaufen, Reisen, Gesundheit etc., Abwechslungsreiche Aufgaben zum H\u00f6ren, Sprechen und Nachsprechen zu jedem Thema, Hinweise und \u00dcbungen zur korrekten Aussprache, zur Betonung und zur Satzmelodie, Mit L\u00f6sungsschl\u00fcssel und L\u00f6sungshinweisen, Neu: Pr\u00fcfungstraining zur Vorbereitung auf relevante Pr\u00fcfungsformate.<\/p>\n","protected":false},"excerpt":{"rendered":"<p>\u00dcbungsbuch zum intensiven Training von H\u00f6ren und Sprechen auf Niveau A1 \u2013 f\u00fcr DaF-Selbstlernende oder kursbegleitend Alltagsrelevante Themen wie Freizeit, Einkaufen, Reisen, Gesundheit etc., Abwechslungsreiche Aufgaben zum H\u00f6ren, Sprechen und Nachsprechen zu jedem Thema, Hinweise und \u00dcbungen zur korrekten Aussprache,&#8230;<\/p>\n","protected":false},"featured_media":55222,"template":"","meta":{"_acf_changed":false,"inline_featured_image":false},"product_brand":[],"product_cat":[538],"product_tag":[],"series":[{"id":926,"name":"Deutsch intensiv","slug":"deutsch-intensiv"}],"publisher":[{"id":473,"name":"Klett Verlag","slug":"klett-verlag"}],"class_list":{"0":"post-44657","1":"product","2":"type-product","3":"status-publish","4":"has-post-thumbnail","6":"product_cat-lehrwerke-fur-erwachsene","7":"series-deutsch-intensiv","8":"publisher-klett-verlag","10":"first","11":"onbackorder","12":"taxable","13":"shipping-taxable","14":"purchasable","15":"product-type-simple"},"acf":[],"_links":{"self":[{"href":"https:\/\/exlibris.ee\/ru\/wp-json\/wp\/v2\/product\/44657","targetHints":{"allow":["GET"]}}],"collection":[{"href":"https:\/\/exlibris.ee\/ru\/wp-json\/wp\/v2\/product"}],"about":[{"href":"https:\/\/exlibris.ee\/ru\/wp-json\/wp\/v2\/types\/product"}],"wp:featuredmedia":[{"embeddable":true,"href":"https:\/\/exlibris.ee\/ru\/wp-json\/wp\/v2\/media\/55222"}],"wp:attachment":[{"href":"https:\/\/exlibris.ee\/ru\/wp-json\/wp\/v2\/media?parent=44657"}],"wp:term":[{"taxonomy":"product_brand","embeddable":true,"href":"https:\/\/exlibris.ee\/ru\/wp-json\/wp\/v2\/product_brand?post=44657"},{"taxonomy":"product_cat","embeddable":true,"href":"https:\/\/exlibris.ee\/ru\/wp-json\/wp\/v2\/product_cat?post=44657"},{"taxonomy":"product_tag","embeddable":true,"href":"https:\/\/exlibris.ee\/ru\/wp-json\/wp\/v2\/product_tag?post=44657"},{"taxonomy":"series","embeddable":true,"href":"https:\/\/exlibris.ee\/ru\/wp-json\/wp\/v2\/series?post=44657"},{"taxonomy":"publisher","embeddable":true,"href":"https:\/\/exlibris.ee\/ru\/wp-json\/wp\/v2\/publisher?post=44657"}],"curies":[{"name":"wp","href":"https:\/\/api.w.org\/{rel}","templated":true}]}}