{"id":44658,"date":"2023-05-11T15:40:13","date_gmt":"2023-05-11T12:40:13","guid":{"rendered":"https:\/\/exlibris.ee\/toode\/deutsch-intensiv-horen-und-sprechen-a2\/"},"modified":"2026-04-06T09:09:11","modified_gmt":"2026-04-06T06:09:11","slug":"deutsch-intensiv-horen-und-sprechen-a2","status":"publish","type":"product","link":"https:\/\/exlibris.ee\/ru\/produkt\/deutsch-intensiv-horen-und-sprechen-a2\/","title":{"rendered":"Deutsch intensiv H\u00f6ren und Sprechen A2"},"content":{"rendered":"<p>\u00dcbungsbuch zum intensiven Training von H\u00f6ren und Sprechen auf Niveau A2 \u2013 f\u00fcr DaF-Selbstlernende oder kursbegleitend Alltagsrelevante Themen wie Alltag, Medien, Urlaub, Natur, Gesellschaft etc., Abwechslungsreiche Aufgaben zum H\u00f6ren, Sprechen und Nachsprechen, Hinweise und \u00dcbungen zur korrekten Aussprache, zur Betonung und zur Satzmelodie, Mit L\u00f6sungsschl\u00fcssel und L\u00f6sungshinweisen, Neu: Pr\u00fcfungstraining zur Vorbereitung auf relevante Pr\u00fcfungsformate.<\/p>\n","protected":false},"excerpt":{"rendered":"<p>\u00dcbungsbuch zum intensiven Training von H\u00f6ren und Sprechen auf Niveau A2 \u2013 f\u00fcr DaF-Selbstlernende oder kursbegleitend Alltagsrelevante Themen wie Alltag, Medien, Urlaub, Natur, Gesellschaft etc., Abwechslungsreiche Aufgaben zum H\u00f6ren, Sprechen und Nachsprechen, Hinweise und \u00dcbungen zur korrekten Aussprache, zur Betonung&#8230;<\/p>\n","protected":false},"featured_media":55225,"template":"","meta":{"_acf_changed":false,"inline_featured_image":false},"product_brand":[],"product_cat":[538],"product_tag":[],"series":[{"id":926,"name":"Deutsch intensiv","slug":"deutsch-intensiv"}],"publisher":[{"id":473,"name":"Klett Verlag","slug":"klett-verlag"}],"class_list":{"0":"post-44658","1":"product","2":"type-product","3":"status-publish","4":"has-post-thumbnail","6":"product_cat-lehrwerke-fur-erwachsene","7":"series-deutsch-intensiv","8":"publisher-klett-verlag","10":"first","11":"onbackorder","12":"taxable","13":"shipping-taxable","14":"purchasable","15":"product-type-simple"},"acf":[],"_links":{"self":[{"href":"https:\/\/exlibris.ee\/ru\/wp-json\/wp\/v2\/product\/44658","targetHints":{"allow":["GET"]}}],"collection":[{"href":"https:\/\/exlibris.ee\/ru\/wp-json\/wp\/v2\/product"}],"about":[{"href":"https:\/\/exlibris.ee\/ru\/wp-json\/wp\/v2\/types\/product"}],"wp:featuredmedia":[{"embeddable":true,"href":"https:\/\/exlibris.ee\/ru\/wp-json\/wp\/v2\/media\/55225"}],"wp:attachment":[{"href":"https:\/\/exlibris.ee\/ru\/wp-json\/wp\/v2\/media?parent=44658"}],"wp:term":[{"taxonomy":"product_brand","embeddable":true,"href":"https:\/\/exlibris.ee\/ru\/wp-json\/wp\/v2\/product_brand?post=44658"},{"taxonomy":"product_cat","embeddable":true,"href":"https:\/\/exlibris.ee\/ru\/wp-json\/wp\/v2\/product_cat?post=44658"},{"taxonomy":"product_tag","embeddable":true,"href":"https:\/\/exlibris.ee\/ru\/wp-json\/wp\/v2\/product_tag?post=44658"},{"taxonomy":"series","embeddable":true,"href":"https:\/\/exlibris.ee\/ru\/wp-json\/wp\/v2\/series?post=44658"},{"taxonomy":"publisher","embeddable":true,"href":"https:\/\/exlibris.ee\/ru\/wp-json\/wp\/v2\/publisher?post=44658"}],"curies":[{"name":"wp","href":"https:\/\/api.w.org\/{rel}","templated":true}]}}