{"id":44665,"date":"2023-05-11T15:40:16","date_gmt":"2023-05-11T12:40:16","guid":{"rendered":"https:\/\/exlibris.ee\/toode\/deutsch-intensiv-lesen-b2\/"},"modified":"2026-04-15T13:26:38","modified_gmt":"2026-04-15T10:26:38","slug":"deutsch-intensiv-lesen-b2","status":"publish","type":"product","link":"https:\/\/exlibris.ee\/ru\/produkt\/deutsch-intensiv-lesen-b2\/","title":{"rendered":"Lesen B2"},"content":{"rendered":"<p>\u00dcbungsbuch zum intensiven Lesetraining auf Niveau B2 \u2013 f\u00fcr DaF-Selbstlernende oder kursbegleitend \u00dcbungen zum Lesen und Verstehen von Texten aus Alltag und Beruf: Anzeige, Katalog, Infobrosch\u00fcre, Zeitungs- und Zeitschriftenartikel, Chat, Blog, Forumsbeitrag, Online-Gruppendiskussion, Gedicht, literarischer Text u.v.m., Vermittlung wichtiger Aspekte schriftlicher Kommunikation,Entwicklung wichtiger Lesestrategien: globales, selektives und detailliertes Lesen, Umfangreicher Selbsttest zur \u00dcberpr\u00fcfung der eigenen Lesekompetenz,Mit L\u00f6sungsschl\u00fcssel und L\u00f6sungshinweisen, Extra: Pr\u00fcfungstraining zur Vorbereitung auf relevante Pr\u00fcfungsformate und \u2013aufgaben.<\/p>\n","protected":false},"excerpt":{"rendered":"<p>\u00dcbungsbuch zum intensiven Lesetraining auf Niveau B2 \u2013 f\u00fcr DaF-Selbstlernende oder kursbegleitend \u00dcbungen zum Lesen und Verstehen von Texten aus Alltag und Beruf: Anzeige, Katalog, Infobrosch\u00fcre, Zeitungs- und Zeitschriftenartikel, Chat, Blog, Forumsbeitrag, Online-Gruppendiskussion, Gedicht, literarischer Text u.v.m., Vermittlung wichtiger Aspekte&#8230;<\/p>\n","protected":false},"featured_media":55246,"template":"","meta":{"_acf_changed":false,"inline_featured_image":false},"product_brand":[],"product_cat":[538],"product_tag":[],"series":[{"id":926,"name":"Deutsch intensiv","slug":"deutsch-intensiv"}],"publisher":[{"id":473,"name":"Klett Verlag","slug":"klett-verlag"}],"class_list":{"0":"post-44665","1":"product","2":"type-product","3":"status-publish","4":"has-post-thumbnail","6":"product_cat-lehrwerke-fur-erwachsene","7":"series-deutsch-intensiv","8":"publisher-klett-verlag","10":"first","11":"onbackorder","12":"taxable","13":"shipping-taxable","14":"purchasable","15":"product-type-simple"},"acf":[],"_links":{"self":[{"href":"https:\/\/exlibris.ee\/ru\/wp-json\/wp\/v2\/product\/44665","targetHints":{"allow":["GET"]}}],"collection":[{"href":"https:\/\/exlibris.ee\/ru\/wp-json\/wp\/v2\/product"}],"about":[{"href":"https:\/\/exlibris.ee\/ru\/wp-json\/wp\/v2\/types\/product"}],"wp:featuredmedia":[{"embeddable":true,"href":"https:\/\/exlibris.ee\/ru\/wp-json\/wp\/v2\/media\/55246"}],"wp:attachment":[{"href":"https:\/\/exlibris.ee\/ru\/wp-json\/wp\/v2\/media?parent=44665"}],"wp:term":[{"taxonomy":"product_brand","embeddable":true,"href":"https:\/\/exlibris.ee\/ru\/wp-json\/wp\/v2\/product_brand?post=44665"},{"taxonomy":"product_cat","embeddable":true,"href":"https:\/\/exlibris.ee\/ru\/wp-json\/wp\/v2\/product_cat?post=44665"},{"taxonomy":"product_tag","embeddable":true,"href":"https:\/\/exlibris.ee\/ru\/wp-json\/wp\/v2\/product_tag?post=44665"},{"taxonomy":"series","embeddable":true,"href":"https:\/\/exlibris.ee\/ru\/wp-json\/wp\/v2\/series?post=44665"},{"taxonomy":"publisher","embeddable":true,"href":"https:\/\/exlibris.ee\/ru\/wp-json\/wp\/v2\/publisher?post=44665"}],"curies":[{"name":"wp","href":"https:\/\/api.w.org\/{rel}","templated":true}]}}