{"id":44684,"date":"2023-05-11T15:40:30","date_gmt":"2023-05-11T12:40:30","guid":{"rendered":"https:\/\/exlibris.ee\/toode\/mit-erfolg-zum-testdafcd\/"},"modified":"2026-04-06T09:09:16","modified_gmt":"2026-04-06T06:09:16","slug":"mit-erfolg-zum-testdafcd","status":"publish","type":"product","link":"https:\/\/exlibris.ee\/ru\/produkt\/mit-erfolg-zum-testdafcd\/","title":{"rendered":"Mit Erfolg zum TestDaF \u00dcbungs- und Testbuch mit 2 Audio-CDs"},"content":{"rendered":"<p>Das komplette Trainingsprogramm f\u00fcr die TestDaF-Pr\u00fcfung. F\u00fcr Pr\u00fcfungsvorbereitungskurse und zum Selbstlernen (TestDaF berechtigt zum Studium an einer deutschen Hochschule). Das Test- und \u00dcbungsbuch enth\u00e4lt: alle Informationen zur Pr\u00fcfung, ein Schritt-f\u00fcr-Schritt Trainingsprogramm zu den Pr\u00fcfungsteilen Leseverstehen, H\u00f6rverstehen, Schriftlicher Ausdruck, M\u00fcndliche Pr\u00fcfung. L\u00f6sungsstrategien und Tipps f\u00fcr die Pr\u00fcfung. \u00dcbungen zu Wortschatzerschlie\u00dfung und pr\u00fcfungsrelevanter Grammatik, kommentierte L\u00f6sungen zur Selbstkontrolle, Transkription der H\u00f6rtexte.<\/p>\n","protected":false},"excerpt":{"rendered":"<p>Das komplette Trainingsprogramm f\u00fcr die TestDaF-Pr\u00fcfung. F\u00fcr Pr\u00fcfungsvorbereitungskurse und zum Selbstlernen (TestDaF berechtigt zum Studium an einer deutschen Hochschule). Das Test- und \u00dcbungsbuch enth\u00e4lt: alle Informationen zur Pr\u00fcfung, ein Schritt-f\u00fcr-Schritt Trainingsprogramm zu den Pr\u00fcfungsteilen Leseverstehen, H\u00f6rverstehen, Schriftlicher Ausdruck, M\u00fcndliche Pr\u00fcfung&#8230;.<\/p>\n","protected":false},"featured_media":89887,"template":"","meta":{"_acf_changed":false,"inline_featured_image":false},"product_brand":[],"product_cat":[507],"product_tag":[],"series":[{"id":913,"name":"Test DaF","slug":"test-daf"}],"publisher":[{"id":473,"name":"Klett Verlag","slug":"klett-verlag"}],"class_list":{"0":"post-44684","1":"product","2":"type-product","3":"status-publish","4":"has-post-thumbnail","6":"product_cat-prufungsvorbereitung","7":"series-test-daf","8":"publisher-klett-verlag","10":"first","11":"instock","12":"taxable","13":"shipping-taxable","14":"purchasable","15":"product-type-simple"},"acf":[],"_links":{"self":[{"href":"https:\/\/exlibris.ee\/ru\/wp-json\/wp\/v2\/product\/44684","targetHints":{"allow":["GET"]}}],"collection":[{"href":"https:\/\/exlibris.ee\/ru\/wp-json\/wp\/v2\/product"}],"about":[{"href":"https:\/\/exlibris.ee\/ru\/wp-json\/wp\/v2\/types\/product"}],"wp:featuredmedia":[{"embeddable":true,"href":"https:\/\/exlibris.ee\/ru\/wp-json\/wp\/v2\/media\/89887"}],"wp:attachment":[{"href":"https:\/\/exlibris.ee\/ru\/wp-json\/wp\/v2\/media?parent=44684"}],"wp:term":[{"taxonomy":"product_brand","embeddable":true,"href":"https:\/\/exlibris.ee\/ru\/wp-json\/wp\/v2\/product_brand?post=44684"},{"taxonomy":"product_cat","embeddable":true,"href":"https:\/\/exlibris.ee\/ru\/wp-json\/wp\/v2\/product_cat?post=44684"},{"taxonomy":"product_tag","embeddable":true,"href":"https:\/\/exlibris.ee\/ru\/wp-json\/wp\/v2\/product_tag?post=44684"},{"taxonomy":"series","embeddable":true,"href":"https:\/\/exlibris.ee\/ru\/wp-json\/wp\/v2\/series?post=44684"},{"taxonomy":"publisher","embeddable":true,"href":"https:\/\/exlibris.ee\/ru\/wp-json\/wp\/v2\/publisher?post=44684"}],"curies":[{"name":"wp","href":"https:\/\/api.w.org\/{rel}","templated":true}]}}