{"id":44690,"date":"2023-05-11T15:40:31","date_gmt":"2023-05-11T12:40:31","guid":{"rendered":"https:\/\/exlibris.ee\/toode\/so-gehts-zum-dsd-ii-lhb-zu-tb-uberar-g-wegen-prufungsan\/"},"modified":"2026-04-05T15:23:00","modified_gmt":"2026-04-05T12:23:00","slug":"so-gehts-zum-dsd-ii-lhb-zu-tb-uberar-g-wegen-prufungsan","status":"publish","type":"product","link":"https:\/\/exlibris.ee\/ru\/produkt\/so-gehts-zum-dsd-ii-lhb-zu-tb-uberar-g-wegen-prufungsan\/","title":{"rendered":"So geht\u00b4s zum DSD II (B2\/C1) , LHB zu TB, \u00dcberarbeitung wegen Pr\u00fcfungs\u00e4nderung"},"content":{"rendered":"<p>Zur erfolgreichen Pr\u00fcfungsvorbereitung auf das Deutsche Sprachdiplom der Kultusministerkonferenz (DSD) der Stufen 1 (A2\/B1) und 2 (B2\/C1).<\/p>\n","protected":false},"excerpt":{"rendered":"<p>Zur erfolgreichen Pr\u00fcfungsvorbereitung auf das Deutsche Sprachdiplom der Kultusministerkonferenz (DSD) der Stufen 1 (A2\/B1) und 2 (B2\/C1).<\/p>\n","protected":false},"featured_media":55336,"template":"","meta":{"_acf_changed":false,"inline_featured_image":false},"product_brand":[],"product_cat":[507],"product_tag":[],"series":[{"id":925,"name":"So geht\u2019s","slug":"so-gehts-2"}],"publisher":[{"id":473,"name":"Klett Verlag","slug":"klett-verlag"}],"class_list":{"0":"post-44690","1":"product","2":"type-product","3":"status-publish","4":"has-post-thumbnail","6":"product_cat-prufungsvorbereitung","7":"series-so-gehts-2","8":"publisher-klett-verlag","10":"first","11":"onbackorder","12":"taxable","13":"shipping-taxable","14":"purchasable","15":"product-type-simple"},"acf":[],"_links":{"self":[{"href":"https:\/\/exlibris.ee\/ru\/wp-json\/wp\/v2\/product\/44690","targetHints":{"allow":["GET"]}}],"collection":[{"href":"https:\/\/exlibris.ee\/ru\/wp-json\/wp\/v2\/product"}],"about":[{"href":"https:\/\/exlibris.ee\/ru\/wp-json\/wp\/v2\/types\/product"}],"wp:featuredmedia":[{"embeddable":true,"href":"https:\/\/exlibris.ee\/ru\/wp-json\/wp\/v2\/media\/55336"}],"wp:attachment":[{"href":"https:\/\/exlibris.ee\/ru\/wp-json\/wp\/v2\/media?parent=44690"}],"wp:term":[{"taxonomy":"product_brand","embeddable":true,"href":"https:\/\/exlibris.ee\/ru\/wp-json\/wp\/v2\/product_brand?post=44690"},{"taxonomy":"product_cat","embeddable":true,"href":"https:\/\/exlibris.ee\/ru\/wp-json\/wp\/v2\/product_cat?post=44690"},{"taxonomy":"product_tag","embeddable":true,"href":"https:\/\/exlibris.ee\/ru\/wp-json\/wp\/v2\/product_tag?post=44690"},{"taxonomy":"series","embeddable":true,"href":"https:\/\/exlibris.ee\/ru\/wp-json\/wp\/v2\/series?post=44690"},{"taxonomy":"publisher","embeddable":true,"href":"https:\/\/exlibris.ee\/ru\/wp-json\/wp\/v2\/publisher?post=44690"}],"curies":[{"name":"wp","href":"https:\/\/api.w.org\/{rel}","templated":true}]}}