{"id":44698,"date":"2023-05-11T15:40:32","date_gmt":"2023-05-11T12:40:32","guid":{"rendered":"https:\/\/exlibris.ee\/toode\/daf-kompakt-a1-b1-kursbuch-3-cds\/"},"modified":"2026-04-05T15:24:17","modified_gmt":"2026-04-05T12:24:17","slug":"daf-kompakt-a1-b1-kursbuch-3-cds","status":"publish","type":"product","link":"https:\/\/exlibris.ee\/ru\/produkt\/daf-kompakt-a1-b1-kursbuch-3-cds\/","title":{"rendered":"DaF kompakt A1-B1, Kursbuch + 3 CDs"},"content":{"rendered":"<p>Das Kursbuch mit 3 Audio-CDs bietet: 30 Lektionen, verteilt auf die Niveaustufen A1 (8 Lektionen), A2 (10 Lektionen) und B1 (12 Lektionen Je Lektion 3 inhaltliche Doppelseiten sowie 1 Doppelseite \u00dcberblick \u00fcber Lektionswortschatz, Grammatik und Redemittel Klare Zuordnung der Kannbeschreibungen zu den Doppelseiten Pr\u00fcfungsrelevante Aufgabentypen des Zertifikats Deutsch im B1-Teil integriert und gekennzeichnet.<\/p>\n","protected":false},"excerpt":{"rendered":"<p>Das Kursbuch mit 3 Audio-CDs bietet: 30 Lektionen, verteilt auf die Niveaustufen A1 (8 Lektionen), A2 (10 Lektionen) und B1 (12 Lektionen Je Lektion 3 inhaltliche Doppelseiten sowie 1 Doppelseite \u00dcberblick \u00fcber Lektionswortschatz, Grammatik und Redemittel Klare Zuordnung der Kannbeschreibungen&#8230;<\/p>\n","protected":false},"featured_media":87520,"template":"","meta":{"_acf_changed":false,"inline_featured_image":false},"product_brand":[],"product_cat":[538],"product_tag":[],"series":[{"id":935,"name":"DaF kompakt","slug":"daf-kompakt"}],"publisher":[{"id":473,"name":"Klett Verlag","slug":"klett-verlag"}],"class_list":{"0":"post-44698","1":"product","2":"type-product","3":"status-publish","4":"has-post-thumbnail","6":"product_cat-lehrwerke-fur-erwachsene","7":"series-daf-kompakt","8":"publisher-klett-verlag","10":"first","11":"instock","12":"taxable","13":"shipping-taxable","14":"purchasable","15":"product-type-simple"},"acf":[],"_links":{"self":[{"href":"https:\/\/exlibris.ee\/ru\/wp-json\/wp\/v2\/product\/44698","targetHints":{"allow":["GET"]}}],"collection":[{"href":"https:\/\/exlibris.ee\/ru\/wp-json\/wp\/v2\/product"}],"about":[{"href":"https:\/\/exlibris.ee\/ru\/wp-json\/wp\/v2\/types\/product"}],"wp:featuredmedia":[{"embeddable":true,"href":"https:\/\/exlibris.ee\/ru\/wp-json\/wp\/v2\/media\/87520"}],"wp:attachment":[{"href":"https:\/\/exlibris.ee\/ru\/wp-json\/wp\/v2\/media?parent=44698"}],"wp:term":[{"taxonomy":"product_brand","embeddable":true,"href":"https:\/\/exlibris.ee\/ru\/wp-json\/wp\/v2\/product_brand?post=44698"},{"taxonomy":"product_cat","embeddable":true,"href":"https:\/\/exlibris.ee\/ru\/wp-json\/wp\/v2\/product_cat?post=44698"},{"taxonomy":"product_tag","embeddable":true,"href":"https:\/\/exlibris.ee\/ru\/wp-json\/wp\/v2\/product_tag?post=44698"},{"taxonomy":"series","embeddable":true,"href":"https:\/\/exlibris.ee\/ru\/wp-json\/wp\/v2\/series?post=44698"},{"taxonomy":"publisher","embeddable":true,"href":"https:\/\/exlibris.ee\/ru\/wp-json\/wp\/v2\/publisher?post=44698"}],"curies":[{"name":"wp","href":"https:\/\/api.w.org\/{rel}","templated":true}]}}