{"id":44699,"date":"2023-05-11T15:40:32","date_gmt":"2023-05-11T12:40:32","guid":{"rendered":"https:\/\/exlibris.ee\/toode\/daf-kompakt-a1-b1-ubungsbuch-2-cds\/"},"modified":"2026-04-11T17:29:09","modified_gmt":"2026-04-11T14:29:09","slug":"daf-kompakt-a1-b1-ubungsbuch-2-cds","status":"publish","type":"product","link":"https:\/\/exlibris.ee\/ru\/produkt\/daf-kompakt-a1-b1-ubungsbuch-2-cds\/","title":{"rendered":"DaF kompakt A1-B1, \u00dcbungsbuch + 2 CDs"},"content":{"rendered":"<p>Das \u00dcbungsbuch mit 2 Audio-CDs Notwendiger Bestandteil f\u00fcr den Unterricht Intensives Grammatik- und Wortschatztraining Je Lektion 7 Seiten \u00dcbungen und 1 Seite Phonetiktraining Jeweils ein Modelltest von Start Deutsch 1, Start Deutsch 2, Zertifikat Deutsch Projektaufgaben, Strategietraining und M\u00f6glichkeiten f\u00fcr Sprachvergleiche Mit L\u00f6sungen und Transkriptione.<\/p>\n","protected":false},"excerpt":{"rendered":"<p>Das \u00dcbungsbuch mit 2 Audio-CDs Notwendiger Bestandteil f\u00fcr den Unterricht Intensives Grammatik- und Wortschatztraining Je Lektion 7 Seiten \u00dcbungen und 1 Seite Phonetiktraining Jeweils ein Modelltest von Start Deutsch 1, Start Deutsch 2, Zertifikat Deutsch Projektaufgaben, Strategietraining und M\u00f6glichkeiten f\u00fcr&#8230;<\/p>\n","protected":false},"featured_media":201985,"template":"","meta":{"_acf_changed":false,"inline_featured_image":false},"product_brand":[],"product_cat":[538],"product_tag":[],"series":[{"id":935,"name":"DaF kompakt","slug":"daf-kompakt"}],"publisher":[{"id":473,"name":"Klett Verlag","slug":"klett-verlag"}],"class_list":{"0":"post-44699","1":"product","2":"type-product","3":"status-publish","4":"has-post-thumbnail","6":"product_cat-lehrwerke-fur-erwachsene","7":"series-daf-kompakt","8":"publisher-klett-verlag","10":"first","11":"instock","12":"taxable","13":"shipping-taxable","14":"purchasable","15":"product-type-simple"},"acf":[],"_links":{"self":[{"href":"https:\/\/exlibris.ee\/ru\/wp-json\/wp\/v2\/product\/44699","targetHints":{"allow":["GET"]}}],"collection":[{"href":"https:\/\/exlibris.ee\/ru\/wp-json\/wp\/v2\/product"}],"about":[{"href":"https:\/\/exlibris.ee\/ru\/wp-json\/wp\/v2\/types\/product"}],"wp:featuredmedia":[{"embeddable":true,"href":"https:\/\/exlibris.ee\/ru\/wp-json\/wp\/v2\/media\/201985"}],"wp:attachment":[{"href":"https:\/\/exlibris.ee\/ru\/wp-json\/wp\/v2\/media?parent=44699"}],"wp:term":[{"taxonomy":"product_brand","embeddable":true,"href":"https:\/\/exlibris.ee\/ru\/wp-json\/wp\/v2\/product_brand?post=44699"},{"taxonomy":"product_cat","embeddable":true,"href":"https:\/\/exlibris.ee\/ru\/wp-json\/wp\/v2\/product_cat?post=44699"},{"taxonomy":"product_tag","embeddable":true,"href":"https:\/\/exlibris.ee\/ru\/wp-json\/wp\/v2\/product_tag?post=44699"},{"taxonomy":"series","embeddable":true,"href":"https:\/\/exlibris.ee\/ru\/wp-json\/wp\/v2\/series?post=44699"},{"taxonomy":"publisher","embeddable":true,"href":"https:\/\/exlibris.ee\/ru\/wp-json\/wp\/v2\/publisher?post=44699"}],"curies":[{"name":"wp","href":"https:\/\/api.w.org\/{rel}","templated":true}]}}