{"id":44704,"date":"2023-05-11T15:40:34","date_gmt":"2023-05-11T12:40:34","guid":{"rendered":"https:\/\/exlibris.ee\/toode\/aussichten-a1-arbeitsbuch-cd-dvd\/"},"modified":"2026-04-10T23:27:40","modified_gmt":"2026-04-10T20:27:40","slug":"aussichten-a1-arbeitsbuch-cd-dvd","status":"publish","type":"product","link":"https:\/\/exlibris.ee\/ru\/produkt\/aussichten-a1-arbeitsbuch-cd-dvd\/","title":{"rendered":"Aussichten A1, Arbeitsbuch + CD + DVD"},"content":{"rendered":"<p>Das Arbeitsbuch mit Audio-CD und DVD enth\u00e4lt: umfangreiche \u00dcbungen ein weiterf\u00fchrendes Angebot mit landeskundlichen, kreativen Aufgaben Selbstevaluation nach jeder zweiten Lektion Pr\u00fcfungstraining f\u00fcr Start Deutsch 1 auf der DVD landeskundliche Portr\u00e4ts realer Personen zu jeder Lektion und dazu passende Aufgaben.<\/p>\n","protected":false},"excerpt":{"rendered":"<p>Das Arbeitsbuch mit Audio-CD und DVD enth\u00e4lt: umfangreiche \u00dcbungen ein weiterf\u00fchrendes Angebot mit landeskundlichen, kreativen Aufgaben Selbstevaluation nach jeder zweiten Lektion Pr\u00fcfungstraining f\u00fcr Start Deutsch 1 auf der DVD landeskundliche Portr\u00e4ts realer Personen zu jeder Lektion und dazu passende Aufgaben.<\/p>\n","protected":false},"featured_media":185259,"template":"","meta":{"_acf_changed":false,"inline_featured_image":false},"product_brand":[],"product_cat":[538],"product_tag":[],"series":[{"id":936,"name":"Aussichten","slug":"aussichten"}],"publisher":[{"id":473,"name":"Klett Verlag","slug":"klett-verlag"}],"class_list":{"0":"post-44704","1":"product","2":"type-product","3":"status-publish","4":"has-post-thumbnail","6":"product_cat-lehrwerke-fur-erwachsene","7":"series-aussichten","8":"publisher-klett-verlag","10":"first","11":"instock","12":"taxable","13":"shipping-taxable","14":"purchasable","15":"product-type-simple"},"acf":[],"_links":{"self":[{"href":"https:\/\/exlibris.ee\/ru\/wp-json\/wp\/v2\/product\/44704","targetHints":{"allow":["GET"]}}],"collection":[{"href":"https:\/\/exlibris.ee\/ru\/wp-json\/wp\/v2\/product"}],"about":[{"href":"https:\/\/exlibris.ee\/ru\/wp-json\/wp\/v2\/types\/product"}],"wp:featuredmedia":[{"embeddable":true,"href":"https:\/\/exlibris.ee\/ru\/wp-json\/wp\/v2\/media\/185259"}],"wp:attachment":[{"href":"https:\/\/exlibris.ee\/ru\/wp-json\/wp\/v2\/media?parent=44704"}],"wp:term":[{"taxonomy":"product_brand","embeddable":true,"href":"https:\/\/exlibris.ee\/ru\/wp-json\/wp\/v2\/product_brand?post=44704"},{"taxonomy":"product_cat","embeddable":true,"href":"https:\/\/exlibris.ee\/ru\/wp-json\/wp\/v2\/product_cat?post=44704"},{"taxonomy":"product_tag","embeddable":true,"href":"https:\/\/exlibris.ee\/ru\/wp-json\/wp\/v2\/product_tag?post=44704"},{"taxonomy":"series","embeddable":true,"href":"https:\/\/exlibris.ee\/ru\/wp-json\/wp\/v2\/series?post=44704"},{"taxonomy":"publisher","embeddable":true,"href":"https:\/\/exlibris.ee\/ru\/wp-json\/wp\/v2\/publisher?post=44704"}],"curies":[{"name":"wp","href":"https:\/\/api.w.org\/{rel}","templated":true}]}}