{"id":44710,"date":"2023-05-11T15:40:35","date_gmt":"2023-05-11T12:40:35","guid":{"rendered":"https:\/\/exlibris.ee\/toode\/aussichten-a2-arbeitsbuch-cd-dvd\/"},"modified":"2026-04-04T03:13:47","modified_gmt":"2026-04-04T00:13:47","slug":"aussichten-a2-arbeitsbuch-cd-dvd","status":"publish","type":"product","link":"https:\/\/exlibris.ee\/ru\/produkt\/aussichten-a2-arbeitsbuch-cd-dvd\/","title":{"rendered":"Aussichten A2, Arbeitsbuch + CD + DVD"},"content":{"rendered":"<p>Das Arbeitsbuch mit Audio-CD und DVD enth\u00e4lt: umfangreiche \u00dcbungen ein weiterf\u00fchrendes Angebot mit landeskundlichen, kreativen Aufgaben Selbstevaluation nach jeder zweiten Lektion Pr\u00fcfungstraining auf der DVD landeskundliche Portr\u00e4ts realer Personen zu jeder Lektion und dazu passende Aufgaben.<\/p>\n","protected":false},"excerpt":{"rendered":"<p>Das Arbeitsbuch mit Audio-CD und DVD enth\u00e4lt: umfangreiche \u00dcbungen ein weiterf\u00fchrendes Angebot mit landeskundlichen, kreativen Aufgaben Selbstevaluation nach jeder zweiten Lektion Pr\u00fcfungstraining auf der DVD landeskundliche Portr\u00e4ts realer Personen zu jeder Lektion und dazu passende Aufgaben.<\/p>\n","protected":false},"featured_media":87562,"template":"","meta":{"_acf_changed":false,"inline_featured_image":false},"product_brand":[],"product_cat":[538],"product_tag":[],"series":[{"id":936,"name":"Aussichten","slug":"aussichten"}],"publisher":[{"id":473,"name":"Klett Verlag","slug":"klett-verlag"}],"class_list":{"0":"post-44710","1":"product","2":"type-product","3":"status-publish","4":"has-post-thumbnail","6":"product_cat-lehrwerke-fur-erwachsene","7":"series-aussichten","8":"publisher-klett-verlag","10":"first","11":"instock","12":"taxable","13":"shipping-taxable","14":"purchasable","15":"product-type-simple"},"acf":[],"_links":{"self":[{"href":"https:\/\/exlibris.ee\/ru\/wp-json\/wp\/v2\/product\/44710","targetHints":{"allow":["GET"]}}],"collection":[{"href":"https:\/\/exlibris.ee\/ru\/wp-json\/wp\/v2\/product"}],"about":[{"href":"https:\/\/exlibris.ee\/ru\/wp-json\/wp\/v2\/types\/product"}],"wp:featuredmedia":[{"embeddable":true,"href":"https:\/\/exlibris.ee\/ru\/wp-json\/wp\/v2\/media\/87562"}],"wp:attachment":[{"href":"https:\/\/exlibris.ee\/ru\/wp-json\/wp\/v2\/media?parent=44710"}],"wp:term":[{"taxonomy":"product_brand","embeddable":true,"href":"https:\/\/exlibris.ee\/ru\/wp-json\/wp\/v2\/product_brand?post=44710"},{"taxonomy":"product_cat","embeddable":true,"href":"https:\/\/exlibris.ee\/ru\/wp-json\/wp\/v2\/product_cat?post=44710"},{"taxonomy":"product_tag","embeddable":true,"href":"https:\/\/exlibris.ee\/ru\/wp-json\/wp\/v2\/product_tag?post=44710"},{"taxonomy":"series","embeddable":true,"href":"https:\/\/exlibris.ee\/ru\/wp-json\/wp\/v2\/series?post=44710"},{"taxonomy":"publisher","embeddable":true,"href":"https:\/\/exlibris.ee\/ru\/wp-json\/wp\/v2\/publisher?post=44710"}],"curies":[{"name":"wp","href":"https:\/\/api.w.org\/{rel}","templated":true}]}}