{"id":44729,"date":"2023-05-11T15:40:38","date_gmt":"2023-05-11T12:40:38","guid":{"rendered":"https:\/\/exlibris.ee\/toode\/die-deutschprofis-a1-worterheft\/"},"modified":"2026-04-12T11:24:13","modified_gmt":"2026-04-12T08:24:13","slug":"die-deutschprofis-a1-worterheft","status":"publish","type":"product","link":"https:\/\/exlibris.ee\/ru\/produkt\/die-deutschprofis-a1-worterheft\/","title":{"rendered":"Die Deutschprofis A1: W\u00f6rterheft"},"content":{"rendered":"<p>Das W\u00f6rterheft enth\u00e4lt alle Lernw\u00f6rter der einzelnen Lektionen mit Beispiels\u00e4tzen. In einer eigenen Spalte k\u00f6nnen \u00dcbersetzungen, eigene Beispiele oder Zeichnungen festgehalten werden.<\/p>\n","protected":false},"excerpt":{"rendered":"<p>Das W\u00f6rterheft enth\u00e4lt alle Lernw\u00f6rter der einzelnen Lektionen mit Beispiels\u00e4tzen. In einer eigenen Spalte k\u00f6nnen \u00dcbersetzungen, eigene Beispiele oder Zeichnungen festgehalten werden.<\/p>\n","protected":false},"featured_media":141740,"template":"","meta":{"_acf_changed":false,"inline_featured_image":false},"product_brand":[],"product_cat":[477],"product_tag":[],"series":[{"id":938,"name":"Die Deutschprofis","slug":"die-deutschprofis"}],"publisher":[{"id":473,"name":"Klett Verlag","slug":"klett-verlag"}],"class_list":{"0":"post-44729","1":"product","2":"type-product","3":"status-publish","4":"has-post-thumbnail","6":"product_cat-lehrwerke-fur-jugendliche","7":"series-die-deutschprofis","8":"publisher-klett-verlag","10":"first","11":"instock","12":"taxable","13":"shipping-taxable","14":"purchasable","15":"product-type-simple"},"acf":[],"_links":{"self":[{"href":"https:\/\/exlibris.ee\/ru\/wp-json\/wp\/v2\/product\/44729","targetHints":{"allow":["GET"]}}],"collection":[{"href":"https:\/\/exlibris.ee\/ru\/wp-json\/wp\/v2\/product"}],"about":[{"href":"https:\/\/exlibris.ee\/ru\/wp-json\/wp\/v2\/types\/product"}],"wp:featuredmedia":[{"embeddable":true,"href":"https:\/\/exlibris.ee\/ru\/wp-json\/wp\/v2\/media\/141740"}],"wp:attachment":[{"href":"https:\/\/exlibris.ee\/ru\/wp-json\/wp\/v2\/media?parent=44729"}],"wp:term":[{"taxonomy":"product_brand","embeddable":true,"href":"https:\/\/exlibris.ee\/ru\/wp-json\/wp\/v2\/product_brand?post=44729"},{"taxonomy":"product_cat","embeddable":true,"href":"https:\/\/exlibris.ee\/ru\/wp-json\/wp\/v2\/product_cat?post=44729"},{"taxonomy":"product_tag","embeddable":true,"href":"https:\/\/exlibris.ee\/ru\/wp-json\/wp\/v2\/product_tag?post=44729"},{"taxonomy":"series","embeddable":true,"href":"https:\/\/exlibris.ee\/ru\/wp-json\/wp\/v2\/series?post=44729"},{"taxonomy":"publisher","embeddable":true,"href":"https:\/\/exlibris.ee\/ru\/wp-json\/wp\/v2\/publisher?post=44729"}],"curies":[{"name":"wp","href":"https:\/\/api.w.org\/{rel}","templated":true}]}}