{"id":44747,"date":"2023-05-11T15:40:41","date_gmt":"2023-05-11T12:40:41","guid":{"rendered":"https:\/\/exlibris.ee\/toode\/deutsch-echt-einfach-b1-testheft-2\/"},"modified":"2026-04-07T03:27:50","modified_gmt":"2026-04-07T00:27:50","slug":"deutsch-echt-einfach-b1-testheft-2","status":"publish","type":"product","link":"https:\/\/exlibris.ee\/ru\/produkt\/deutsch-echt-einfach-b1-testheft-2\/","title":{"rendered":"Deutsch echt einfach! B1 Lehrerhandbuch"},"content":{"rendered":"<p>Das Testheft zum Lehrwerk Deutsch echt einfach B1 mit Audios online enth\u00e4lt Tests zu jeder Lektion, au\u00dferdem vier H\u00f6rverstehenstests sowie die Transkriptionen der H\u00f6rtexte und L\u00f6sungen.<\/p>\n","protected":false},"excerpt":{"rendered":"<p>Das Testheft zum Lehrwerk Deutsch echt einfach B1 mit Audios online enth\u00e4lt Tests zu jeder Lektion, au\u00dferdem vier H\u00f6rverstehenstests sowie die Transkriptionen der H\u00f6rtexte und L\u00f6sungen.<\/p>\n","protected":false},"featured_media":55399,"template":"","meta":{"_acf_changed":false,"inline_featured_image":false},"product_brand":[],"product_cat":[477],"product_tag":[],"series":[{"id":939,"name":"Echt einfach!","slug":"echt-einfach"}],"publisher":[{"id":473,"name":"Klett Verlag","slug":"klett-verlag"}],"class_list":{"0":"post-44747","1":"product","2":"type-product","3":"status-publish","4":"has-post-thumbnail","6":"product_cat-lehrwerke-fur-jugendliche","7":"series-echt-einfach","8":"publisher-klett-verlag","10":"first","11":"onbackorder","12":"taxable","13":"shipping-taxable","14":"purchasable","15":"product-type-simple"},"acf":[],"_links":{"self":[{"href":"https:\/\/exlibris.ee\/ru\/wp-json\/wp\/v2\/product\/44747","targetHints":{"allow":["GET"]}}],"collection":[{"href":"https:\/\/exlibris.ee\/ru\/wp-json\/wp\/v2\/product"}],"about":[{"href":"https:\/\/exlibris.ee\/ru\/wp-json\/wp\/v2\/types\/product"}],"wp:featuredmedia":[{"embeddable":true,"href":"https:\/\/exlibris.ee\/ru\/wp-json\/wp\/v2\/media\/55399"}],"wp:attachment":[{"href":"https:\/\/exlibris.ee\/ru\/wp-json\/wp\/v2\/media?parent=44747"}],"wp:term":[{"taxonomy":"product_brand","embeddable":true,"href":"https:\/\/exlibris.ee\/ru\/wp-json\/wp\/v2\/product_brand?post=44747"},{"taxonomy":"product_cat","embeddable":true,"href":"https:\/\/exlibris.ee\/ru\/wp-json\/wp\/v2\/product_cat?post=44747"},{"taxonomy":"product_tag","embeddable":true,"href":"https:\/\/exlibris.ee\/ru\/wp-json\/wp\/v2\/product_tag?post=44747"},{"taxonomy":"series","embeddable":true,"href":"https:\/\/exlibris.ee\/ru\/wp-json\/wp\/v2\/series?post=44747"},{"taxonomy":"publisher","embeddable":true,"href":"https:\/\/exlibris.ee\/ru\/wp-json\/wp\/v2\/publisher?post=44747"}],"curies":[{"name":"wp","href":"https:\/\/api.w.org\/{rel}","templated":true}]}}