{"id":44749,"date":"2023-05-11T15:40:42","date_gmt":"2023-05-11T12:40:42","guid":{"rendered":"https:\/\/exlibris.ee\/toode\/mit-erfolg-start-deutsch-ub-cd\/"},"modified":"2026-04-17T15:32:56","modified_gmt":"2026-04-17T12:32:56","slug":"mit-erfolg-start-deutsch-ub-cd","status":"publish","type":"product","link":"https:\/\/exlibris.ee\/ru\/produkt\/mit-erfolg-start-deutsch-ub-cd\/","title":{"rendered":"Mit Erf. z. Start Deutsch, \u00dcB + CD"},"content":{"rendered":"<p>Das \u00dcbungsbuch enth\u00e4lt und trainiert alles, was zur Vorbereitung auf die Pr\u00fcfungen Start Deutsch 1 und Start Deutsch 2 ben\u00f6tigt wird: Den notwendigen Wortschatz, \u00dcbungen zu allen pr\u00fcfungsrelevanten Grammatikthemen, Aufgaben zu den Pr\u00fcfungsteilen Lesen, H\u00f6ren, Schreiben und Sprechen, Transkriptionen der H\u00f6rtexte, H\u00f6rdateien kostenfrei als Download.<\/p>\n","protected":false},"excerpt":{"rendered":"<p>Das \u00dcbungsbuch enth\u00e4lt und trainiert alles, was zur Vorbereitung auf die Pr\u00fcfungen Start Deutsch 1 und Start Deutsch 2 ben\u00f6tigt wird: Den notwendigen Wortschatz, \u00dcbungen zu allen pr\u00fcfungsrelevanten Grammatikthemen, Aufgaben zu den Pr\u00fcfungsteilen Lesen, H\u00f6ren, Schreiben und Sprechen, Transkriptionen der&#8230;<\/p>\n","protected":false},"featured_media":320720,"template":"","meta":{"_acf_changed":false,"inline_featured_image":false},"product_brand":[],"product_cat":[507],"product_tag":[],"series":[{"id":927,"name":"Mit Erfolg","slug":"mit-erfolg"}],"publisher":[{"id":473,"name":"Klett Verlag","slug":"klett-verlag"}],"class_list":{"0":"post-44749","1":"product","2":"type-product","3":"status-publish","4":"has-post-thumbnail","6":"product_cat-prufungsvorbereitung","7":"series-mit-erfolg","8":"publisher-klett-verlag","10":"first","11":"onbackorder","12":"taxable","13":"shipping-taxable","14":"purchasable","15":"product-type-simple"},"acf":[],"_links":{"self":[{"href":"https:\/\/exlibris.ee\/ru\/wp-json\/wp\/v2\/product\/44749","targetHints":{"allow":["GET"]}}],"collection":[{"href":"https:\/\/exlibris.ee\/ru\/wp-json\/wp\/v2\/product"}],"about":[{"href":"https:\/\/exlibris.ee\/ru\/wp-json\/wp\/v2\/types\/product"}],"wp:featuredmedia":[{"embeddable":true,"href":"https:\/\/exlibris.ee\/ru\/wp-json\/wp\/v2\/media\/320720"}],"wp:attachment":[{"href":"https:\/\/exlibris.ee\/ru\/wp-json\/wp\/v2\/media?parent=44749"}],"wp:term":[{"taxonomy":"product_brand","embeddable":true,"href":"https:\/\/exlibris.ee\/ru\/wp-json\/wp\/v2\/product_brand?post=44749"},{"taxonomy":"product_cat","embeddable":true,"href":"https:\/\/exlibris.ee\/ru\/wp-json\/wp\/v2\/product_cat?post=44749"},{"taxonomy":"product_tag","embeddable":true,"href":"https:\/\/exlibris.ee\/ru\/wp-json\/wp\/v2\/product_tag?post=44749"},{"taxonomy":"series","embeddable":true,"href":"https:\/\/exlibris.ee\/ru\/wp-json\/wp\/v2\/series?post=44749"},{"taxonomy":"publisher","embeddable":true,"href":"https:\/\/exlibris.ee\/ru\/wp-json\/wp\/v2\/publisher?post=44749"}],"curies":[{"name":"wp","href":"https:\/\/api.w.org\/{rel}","templated":true}]}}