{"id":44753,"date":"2023-05-11T15:40:42","date_gmt":"2023-05-11T12:40:42","guid":{"rendered":"https:\/\/exlibris.ee\/toode\/mit-erfolg-dt-b2-testbuch\/"},"modified":"2026-04-17T15:32:56","modified_gmt":"2026-04-17T12:32:56","slug":"mit-erfolg-dt-b2-testbuch","status":"publish","type":"product","link":"https:\/\/exlibris.ee\/ru\/produkt\/mit-erfolg-dt-b2-testbuch\/","title":{"rendered":"Mit Erf.telc Dt. B2, Testbuch &#8212; neue Ausgabe"},"content":{"rendered":"<p>Ausf\u00fchrliche Erl\u00e4uterungen zur Pr\u00fcfung. Drei komplette Modellpr\u00fcfungen zum \u00dcben. Detaillierte Beschreibung aller vier Pr\u00fcfungsteile: Leseverstehen (inklusive Sprachbausteine). H\u00f6rverstehen. Schriftlicher Ausdruck. M\u00fcndlicher Ausdruck. Eine didaktisierte Modellpr\u00fcfung. Transkriptionen aller H\u00f6rtexte. H\u00f6rdateien auf CD, \u00fcber die kostenlose Klett-Augmented-App sowie als Download. L\u00f6sungen zur Selbstkontrolle.<\/p>\n","protected":false},"excerpt":{"rendered":"<p>Ausf\u00fchrliche Erl\u00e4uterungen zur Pr\u00fcfung. Drei komplette Modellpr\u00fcfungen zum \u00dcben. Detaillierte Beschreibung aller vier Pr\u00fcfungsteile: Leseverstehen (inklusive Sprachbausteine). H\u00f6rverstehen. Schriftlicher Ausdruck. M\u00fcndlicher Ausdruck. Eine didaktisierte Modellpr\u00fcfung. Transkriptionen aller H\u00f6rtexte. H\u00f6rdateien auf CD, \u00fcber die kostenlose Klett-Augmented-App sowie als Download. L\u00f6sungen zur&#8230;<\/p>\n","protected":false},"featured_media":320730,"template":"","meta":{"_acf_changed":false,"inline_featured_image":false},"product_brand":[],"product_cat":[507],"product_tag":[],"series":[{"id":927,"name":"Mit Erfolg","slug":"mit-erfolg"}],"publisher":[{"id":473,"name":"Klett Verlag","slug":"klett-verlag"}],"class_list":{"0":"post-44753","1":"product","2":"type-product","3":"status-publish","4":"has-post-thumbnail","6":"product_cat-prufungsvorbereitung","7":"series-mit-erfolg","8":"publisher-klett-verlag","10":"first","11":"onbackorder","12":"taxable","13":"shipping-taxable","14":"purchasable","15":"product-type-simple"},"acf":[],"_links":{"self":[{"href":"https:\/\/exlibris.ee\/ru\/wp-json\/wp\/v2\/product\/44753","targetHints":{"allow":["GET"]}}],"collection":[{"href":"https:\/\/exlibris.ee\/ru\/wp-json\/wp\/v2\/product"}],"about":[{"href":"https:\/\/exlibris.ee\/ru\/wp-json\/wp\/v2\/types\/product"}],"wp:featuredmedia":[{"embeddable":true,"href":"https:\/\/exlibris.ee\/ru\/wp-json\/wp\/v2\/media\/320730"}],"wp:attachment":[{"href":"https:\/\/exlibris.ee\/ru\/wp-json\/wp\/v2\/media?parent=44753"}],"wp:term":[{"taxonomy":"product_brand","embeddable":true,"href":"https:\/\/exlibris.ee\/ru\/wp-json\/wp\/v2\/product_brand?post=44753"},{"taxonomy":"product_cat","embeddable":true,"href":"https:\/\/exlibris.ee\/ru\/wp-json\/wp\/v2\/product_cat?post=44753"},{"taxonomy":"product_tag","embeddable":true,"href":"https:\/\/exlibris.ee\/ru\/wp-json\/wp\/v2\/product_tag?post=44753"},{"taxonomy":"series","embeddable":true,"href":"https:\/\/exlibris.ee\/ru\/wp-json\/wp\/v2\/series?post=44753"},{"taxonomy":"publisher","embeddable":true,"href":"https:\/\/exlibris.ee\/ru\/wp-json\/wp\/v2\/publisher?post=44753"}],"curies":[{"name":"wp","href":"https:\/\/api.w.org\/{rel}","templated":true}]}}