{"id":44755,"date":"2023-05-11T15:40:43","date_gmt":"2023-05-11T12:40:43","guid":{"rendered":"https:\/\/exlibris.ee\/toode\/b2-finale-neu\/"},"modified":"2026-04-12T11:25:35","modified_gmt":"2026-04-12T08:25:35","slug":"b2-finale-neu","status":"publish","type":"product","link":"https:\/\/exlibris.ee\/ru\/produkt\/b2-finale-neu\/","title":{"rendered":"B2-Finale neu"},"content":{"rendered":"<p>Die vollst\u00e4ndig aktualisierte und \u00fcberarbeitete Ausgabe von B2-Finale bietet: Acht Lektionen zu aktuellen, f\u00fcr die B2-Stufe relevanten Themen, Training der vier Fertigkeiten entsprechend den Pr\u00fcfungsteilen, Alle Aufgabentypen der Pr\u00fcfung \u00d6SD Zertifikat B2, Die besten Strategien zur L\u00f6sung der jeweiligen Aufgaben, \u00dcbungen zum Wortschatz und zur Grammatik, Eine CD f\u00fcr das Training zum H\u00f6rverstehen, L\u00f6sungen.<\/p>\n","protected":false},"excerpt":{"rendered":"<p>Die vollst\u00e4ndig aktualisierte und \u00fcberarbeitete Ausgabe von B2-Finale bietet: Acht Lektionen zu aktuellen, f\u00fcr die B2-Stufe relevanten Themen, Training der vier Fertigkeiten entsprechend den Pr\u00fcfungsteilen, Alle Aufgabentypen der Pr\u00fcfung \u00d6SD Zertifikat B2, Die besten Strategien zur L\u00f6sung der jeweiligen Aufgaben,&#8230;<\/p>\n","protected":false},"featured_media":218846,"template":"","meta":{"_acf_changed":false,"inline_featured_image":false},"product_brand":[],"product_cat":[507],"product_tag":[],"series":[{"id":941,"name":"\u00d6SD","slug":"osd"}],"publisher":[{"id":473,"name":"Klett Verlag","slug":"klett-verlag"}],"class_list":{"0":"post-44755","1":"product","2":"type-product","3":"status-publish","4":"has-post-thumbnail","6":"product_cat-prufungsvorbereitung","7":"series-osd","8":"publisher-klett-verlag","10":"first","11":"onbackorder","12":"taxable","13":"shipping-taxable","14":"purchasable","15":"product-type-simple"},"acf":[],"_links":{"self":[{"href":"https:\/\/exlibris.ee\/ru\/wp-json\/wp\/v2\/product\/44755","targetHints":{"allow":["GET"]}}],"collection":[{"href":"https:\/\/exlibris.ee\/ru\/wp-json\/wp\/v2\/product"}],"about":[{"href":"https:\/\/exlibris.ee\/ru\/wp-json\/wp\/v2\/types\/product"}],"wp:featuredmedia":[{"embeddable":true,"href":"https:\/\/exlibris.ee\/ru\/wp-json\/wp\/v2\/media\/218846"}],"wp:attachment":[{"href":"https:\/\/exlibris.ee\/ru\/wp-json\/wp\/v2\/media?parent=44755"}],"wp:term":[{"taxonomy":"product_brand","embeddable":true,"href":"https:\/\/exlibris.ee\/ru\/wp-json\/wp\/v2\/product_brand?post=44755"},{"taxonomy":"product_cat","embeddable":true,"href":"https:\/\/exlibris.ee\/ru\/wp-json\/wp\/v2\/product_cat?post=44755"},{"taxonomy":"product_tag","embeddable":true,"href":"https:\/\/exlibris.ee\/ru\/wp-json\/wp\/v2\/product_tag?post=44755"},{"taxonomy":"series","embeddable":true,"href":"https:\/\/exlibris.ee\/ru\/wp-json\/wp\/v2\/series?post=44755"},{"taxonomy":"publisher","embeddable":true,"href":"https:\/\/exlibris.ee\/ru\/wp-json\/wp\/v2\/publisher?post=44755"}],"curies":[{"name":"wp","href":"https:\/\/api.w.org\/{rel}","templated":true}]}}