{"id":44756,"date":"2023-05-11T15:40:43","date_gmt":"2023-05-11T12:40:43","guid":{"rendered":"https:\/\/exlibris.ee\/toode\/b2-tests\/"},"modified":"2026-04-12T11:25:35","modified_gmt":"2026-04-12T08:25:35","slug":"b2-tests","status":"publish","type":"product","link":"https:\/\/exlibris.ee\/ru\/produkt\/b2-tests\/","title":{"rendered":"B2-Tests"},"content":{"rendered":"<p>Die vollst\u00e4ndig aktualisierte und \u00fcberarbeitete Ausgabe von B2-Tests bietet: Sechs komplette Pr\u00fcfungen mit den Pr\u00fcfungsteilen, Leseverstehen,  H\u00f6rverstehen, Schreiben, Sprechen, Alle pr\u00fcfungsrelevanten Aufgabentypen, Ausf\u00fchrliche Erl\u00e4uterungen zur Pr\u00fcfung, Detaillierte Beschreibung der Aufgaben, Lerntipps und Pr\u00fcfungsstrategien, H\u00f6raufgaben auf der beigelegten CD, L\u00f6sungen zur Selbstkontrolle, Transkriptionen der H\u00f6rtexte.<\/p>\n","protected":false},"excerpt":{"rendered":"<p>Die vollst\u00e4ndig aktualisierte und \u00fcberarbeitete Ausgabe von B2-Tests bietet: Sechs komplette Pr\u00fcfungen mit den Pr\u00fcfungsteilen, Leseverstehen, H\u00f6rverstehen, Schreiben, Sprechen, Alle pr\u00fcfungsrelevanten Aufgabentypen, Ausf\u00fchrliche Erl\u00e4uterungen zur Pr\u00fcfung, Detaillierte Beschreibung der Aufgaben, Lerntipps und Pr\u00fcfungsstrategien, H\u00f6raufgaben auf der beigelegten CD, L\u00f6sungen zur&#8230;<\/p>\n","protected":false},"featured_media":218847,"template":"","meta":{"_acf_changed":false,"inline_featured_image":false},"product_brand":[],"product_cat":[507],"product_tag":[],"series":[{"id":941,"name":"\u00d6SD","slug":"osd"}],"publisher":[{"id":473,"name":"Klett Verlag","slug":"klett-verlag"}],"class_list":{"0":"post-44756","1":"product","2":"type-product","3":"status-publish","4":"has-post-thumbnail","6":"product_cat-prufungsvorbereitung","7":"series-osd","8":"publisher-klett-verlag","10":"first","11":"onbackorder","12":"taxable","13":"shipping-taxable","14":"purchasable","15":"product-type-simple"},"acf":[],"_links":{"self":[{"href":"https:\/\/exlibris.ee\/ru\/wp-json\/wp\/v2\/product\/44756","targetHints":{"allow":["GET"]}}],"collection":[{"href":"https:\/\/exlibris.ee\/ru\/wp-json\/wp\/v2\/product"}],"about":[{"href":"https:\/\/exlibris.ee\/ru\/wp-json\/wp\/v2\/types\/product"}],"wp:featuredmedia":[{"embeddable":true,"href":"https:\/\/exlibris.ee\/ru\/wp-json\/wp\/v2\/media\/218847"}],"wp:attachment":[{"href":"https:\/\/exlibris.ee\/ru\/wp-json\/wp\/v2\/media?parent=44756"}],"wp:term":[{"taxonomy":"product_brand","embeddable":true,"href":"https:\/\/exlibris.ee\/ru\/wp-json\/wp\/v2\/product_brand?post=44756"},{"taxonomy":"product_cat","embeddable":true,"href":"https:\/\/exlibris.ee\/ru\/wp-json\/wp\/v2\/product_cat?post=44756"},{"taxonomy":"product_tag","embeddable":true,"href":"https:\/\/exlibris.ee\/ru\/wp-json\/wp\/v2\/product_tag?post=44756"},{"taxonomy":"series","embeddable":true,"href":"https:\/\/exlibris.ee\/ru\/wp-json\/wp\/v2\/series?post=44756"},{"taxonomy":"publisher","embeddable":true,"href":"https:\/\/exlibris.ee\/ru\/wp-json\/wp\/v2\/publisher?post=44756"}],"curies":[{"name":"wp","href":"https:\/\/api.w.org\/{rel}","templated":true}]}}