{"id":44757,"date":"2023-05-11T15:40:43","date_gmt":"2023-05-11T12:40:43","guid":{"rendered":"https:\/\/exlibris.ee\/toode\/so-gehts-zum-osd-zertifikat-a2-osd-kid-a2\/"},"modified":"2026-04-05T15:25:41","modified_gmt":"2026-04-05T12:25:41","slug":"so-gehts-zum-osd-zertifikat-a2-osd-kid-a2","status":"publish","type":"product","link":"https:\/\/exlibris.ee\/ru\/produkt\/so-gehts-zum-osd-zertifikat-a2-osd-kid-a2\/","title":{"rendered":"So geht\u00b4s \u00d6SD Zertifikat A2\/\u00d6SD KID A2, \u00dcbungs-\/Testbuch"},"content":{"rendered":"<p>Das \u00dcbungs- und Testbuch enth\u00e4lt: acht komplette Modellpr\u00fcfungen, alle Aufgabentypen zu den einzelnen Pr\u00fcfungsteilen: Lesen, H\u00f6ren, Schreiben und Sprechen, interessante Themen und Texte, hilfreiche Tipps und Strategien zur optimalen  r\u00fcfungsvorbereitung, \u00dcbungen zum Erschlie\u00dfen von pr\u00fcfungsrelevantem Wortschatz, mit Audiodateien und Zusatzangeboten \u00fcber die Klett-Augmented-App oder online mit Code.<\/p>\n","protected":false},"excerpt":{"rendered":"<p>Das \u00dcbungs- und Testbuch enth\u00e4lt: acht komplette Modellpr\u00fcfungen, alle Aufgabentypen zu den einzelnen Pr\u00fcfungsteilen: Lesen, H\u00f6ren, Schreiben und Sprechen, interessante Themen und Texte, hilfreiche Tipps und Strategien zur optimalen r\u00fcfungsvorbereitung, \u00dcbungen zum Erschlie\u00dfen von pr\u00fcfungsrelevantem Wortschatz, mit Audiodateien und Zusatzangeboten&#8230;<\/p>\n","protected":false},"featured_media":55423,"template":"","meta":{"_acf_changed":false,"inline_featured_image":false},"product_brand":[],"product_cat":[507],"product_tag":[],"series":[{"id":925,"name":"So geht\u2019s","slug":"so-gehts-2"}],"publisher":[{"id":473,"name":"Klett Verlag","slug":"klett-verlag"}],"class_list":{"0":"post-44757","1":"product","2":"type-product","3":"status-publish","4":"has-post-thumbnail","6":"product_cat-prufungsvorbereitung","7":"series-so-gehts-2","8":"publisher-klett-verlag","10":"first","11":"onbackorder","12":"taxable","13":"shipping-taxable","14":"purchasable","15":"product-type-simple"},"acf":[],"_links":{"self":[{"href":"https:\/\/exlibris.ee\/ru\/wp-json\/wp\/v2\/product\/44757","targetHints":{"allow":["GET"]}}],"collection":[{"href":"https:\/\/exlibris.ee\/ru\/wp-json\/wp\/v2\/product"}],"about":[{"href":"https:\/\/exlibris.ee\/ru\/wp-json\/wp\/v2\/types\/product"}],"wp:featuredmedia":[{"embeddable":true,"href":"https:\/\/exlibris.ee\/ru\/wp-json\/wp\/v2\/media\/55423"}],"wp:attachment":[{"href":"https:\/\/exlibris.ee\/ru\/wp-json\/wp\/v2\/media?parent=44757"}],"wp:term":[{"taxonomy":"product_brand","embeddable":true,"href":"https:\/\/exlibris.ee\/ru\/wp-json\/wp\/v2\/product_brand?post=44757"},{"taxonomy":"product_cat","embeddable":true,"href":"https:\/\/exlibris.ee\/ru\/wp-json\/wp\/v2\/product_cat?post=44757"},{"taxonomy":"product_tag","embeddable":true,"href":"https:\/\/exlibris.ee\/ru\/wp-json\/wp\/v2\/product_tag?post=44757"},{"taxonomy":"series","embeddable":true,"href":"https:\/\/exlibris.ee\/ru\/wp-json\/wp\/v2\/series?post=44757"},{"taxonomy":"publisher","embeddable":true,"href":"https:\/\/exlibris.ee\/ru\/wp-json\/wp\/v2\/publisher?post=44757"}],"curies":[{"name":"wp","href":"https:\/\/api.w.org\/{rel}","templated":true}]}}