{"id":44759,"date":"2023-05-11T15:40:43","date_gmt":"2023-05-11T12:40:43","guid":{"rendered":"https:\/\/exlibris.ee\/toode\/44-sprechspiele-fur-deutsch-als-fremdsprache-kopiervorlagen\/"},"modified":"2026-04-10T23:29:04","modified_gmt":"2026-04-10T20:29:04","slug":"44-sprechspiele-fur-deutsch-als-fremdsprache-kopiervorlagen","status":"publish","type":"product","link":"https:\/\/exlibris.ee\/ru\/produkt\/44-sprechspiele-fur-deutsch-als-fremdsprache-kopiervorlagen\/","title":{"rendered":"44 Sprechspiele f\u00fcr Deutsch als Fremdsprache  Kopiervorlagen"},"content":{"rendered":"<p>F\u00fcr alle Deutschlerner mit Grundkenntnissen. Die Sammlung enth\u00e4lt Kartenspiele, Einigungsspiele, Kombinationsspiele, Verhandlungsspiele, W\u00fcrfelspiele und Dialogspiele, die alle als Kopiervorlagen gestaltet sind.<\/p>\n","protected":false},"excerpt":{"rendered":"<p>F\u00fcr alle Deutschlerner mit Grundkenntnissen. Die Sammlung enth\u00e4lt Kartenspiele, Einigungsspiele, Kombinationsspiele, Verhandlungsspiele, W\u00fcrfelspiele und Dialogspiele, die alle als Kopiervorlagen gestaltet sind.<\/p>\n","protected":false},"featured_media":55441,"template":"","meta":{"_acf_changed":false,"inline_featured_image":false},"product_brand":[],"product_cat":[503],"product_tag":[],"series":[{"id":944,"name":"44 Sprechspiele","slug":"44-sprechspiele"}],"publisher":[{"id":497,"name":"Hueber Verlag","slug":"hueber-verlag"}],"class_list":{"0":"post-44759","1":"product","2":"type-product","3":"status-publish","4":"has-post-thumbnail","6":"product_cat-lernen-mit-bildern-und-spielen","7":"series-44-sprechspiele","8":"publisher-hueber-verlag","10":"first","11":"instock","12":"taxable","13":"shipping-taxable","14":"purchasable","15":"product-type-simple"},"acf":[],"_links":{"self":[{"href":"https:\/\/exlibris.ee\/ru\/wp-json\/wp\/v2\/product\/44759","targetHints":{"allow":["GET"]}}],"collection":[{"href":"https:\/\/exlibris.ee\/ru\/wp-json\/wp\/v2\/product"}],"about":[{"href":"https:\/\/exlibris.ee\/ru\/wp-json\/wp\/v2\/types\/product"}],"wp:featuredmedia":[{"embeddable":true,"href":"https:\/\/exlibris.ee\/ru\/wp-json\/wp\/v2\/media\/55441"}],"wp:attachment":[{"href":"https:\/\/exlibris.ee\/ru\/wp-json\/wp\/v2\/media?parent=44759"}],"wp:term":[{"taxonomy":"product_brand","embeddable":true,"href":"https:\/\/exlibris.ee\/ru\/wp-json\/wp\/v2\/product_brand?post=44759"},{"taxonomy":"product_cat","embeddable":true,"href":"https:\/\/exlibris.ee\/ru\/wp-json\/wp\/v2\/product_cat?post=44759"},{"taxonomy":"product_tag","embeddable":true,"href":"https:\/\/exlibris.ee\/ru\/wp-json\/wp\/v2\/product_tag?post=44759"},{"taxonomy":"series","embeddable":true,"href":"https:\/\/exlibris.ee\/ru\/wp-json\/wp\/v2\/series?post=44759"},{"taxonomy":"publisher","embeddable":true,"href":"https:\/\/exlibris.ee\/ru\/wp-json\/wp\/v2\/publisher?post=44759"}],"curies":[{"name":"wp","href":"https:\/\/api.w.org\/{rel}","templated":true}]}}