{"id":44762,"date":"2023-05-11T15:40:44","date_gmt":"2023-05-11T12:40:44","guid":{"rendered":"https:\/\/exlibris.ee\/toode\/deutsch-im-hotel-gesprache-fuhren-lehrbuch\/"},"modified":"2026-04-03T09:15:27","modified_gmt":"2026-04-03T06:15:27","slug":"deutsch-im-hotel-gesprache-fuhren-lehrbuch","status":"publish","type":"product","link":"https:\/\/exlibris.ee\/ru\/produkt\/deutsch-im-hotel-gesprache-fuhren-lehrbuch\/","title":{"rendered":"Deutsch im Hotel \u2013 Gespr\u00e4che f\u00fchren  Lehrbuch"},"content":{"rendered":"<p>Konkrete Situationen aus der Hotel- und Tourismusbranche werden anhand von lebendigen Dialogen und einer Vielzahl von authentischen H\u00f6r- und Lesetexten erarbeitet. Projekte, Spiele und praxisnahe \u00dcbungen zur Phonetik runden das \u00dcbungsgeschehen ab. Wichtige Redemittel werden erarbeitet, ge\u00fcbt und am Ende jeder Einheit systematisch dargestellt. Die grammatischen Strukturen sind \u00fcbersichtlich zusammengefasst. Im Anhang finden Lernende zudem einen L\u00f6sungsschl\u00fcssel und die Transkriptionen der H\u00f6rtexte.<\/p>\n","protected":false},"excerpt":{"rendered":"<p>Konkrete Situationen aus der Hotel- und Tourismusbranche werden anhand von lebendigen Dialogen und einer Vielzahl von authentischen H\u00f6r- und Lesetexten erarbeitet. Projekte, Spiele und praxisnahe \u00dcbungen zur Phonetik runden das \u00dcbungsgeschehen ab. Wichtige Redemittel werden erarbeitet, ge\u00fcbt und am Ende&#8230;<\/p>\n","protected":false},"featured_media":55462,"template":"","meta":{"_acf_changed":false,"inline_featured_image":false},"product_brand":[],"product_cat":[885],"product_tag":[],"series":[{"id":946,"name":"Deutsch im Hotel","slug":"deutsch-im-hotel"}],"publisher":[{"id":497,"name":"Hueber Verlag","slug":"hueber-verlag"}],"class_list":{"0":"post-44762","1":"product","2":"type-product","3":"status-publish","4":"has-post-thumbnail","6":"product_cat-berufssprache","7":"series-deutsch-im-hotel","8":"publisher-hueber-verlag","10":"first","11":"instock","12":"taxable","13":"shipping-taxable","14":"purchasable","15":"product-type-simple"},"acf":[],"_links":{"self":[{"href":"https:\/\/exlibris.ee\/ru\/wp-json\/wp\/v2\/product\/44762","targetHints":{"allow":["GET"]}}],"collection":[{"href":"https:\/\/exlibris.ee\/ru\/wp-json\/wp\/v2\/product"}],"about":[{"href":"https:\/\/exlibris.ee\/ru\/wp-json\/wp\/v2\/types\/product"}],"wp:featuredmedia":[{"embeddable":true,"href":"https:\/\/exlibris.ee\/ru\/wp-json\/wp\/v2\/media\/55462"}],"wp:attachment":[{"href":"https:\/\/exlibris.ee\/ru\/wp-json\/wp\/v2\/media?parent=44762"}],"wp:term":[{"taxonomy":"product_brand","embeddable":true,"href":"https:\/\/exlibris.ee\/ru\/wp-json\/wp\/v2\/product_brand?post=44762"},{"taxonomy":"product_cat","embeddable":true,"href":"https:\/\/exlibris.ee\/ru\/wp-json\/wp\/v2\/product_cat?post=44762"},{"taxonomy":"product_tag","embeddable":true,"href":"https:\/\/exlibris.ee\/ru\/wp-json\/wp\/v2\/product_tag?post=44762"},{"taxonomy":"series","embeddable":true,"href":"https:\/\/exlibris.ee\/ru\/wp-json\/wp\/v2\/series?post=44762"},{"taxonomy":"publisher","embeddable":true,"href":"https:\/\/exlibris.ee\/ru\/wp-json\/wp\/v2\/publisher?post=44762"}],"curies":[{"name":"wp","href":"https:\/\/api.w.org\/{rel}","templated":true}]}}