{"id":44769,"date":"2023-05-11T15:41:00","date_gmt":"2023-05-11T12:41:00","guid":{"rendered":"https:\/\/exlibris.ee\/toode\/mir-oder-mich-ubungen-zur-formenlehre-buch\/"},"modified":"2026-04-04T03:15:53","modified_gmt":"2026-04-04T00:15:53","slug":"mir-oder-mich-ubungen-zur-formenlehre-buch","status":"publish","type":"product","link":"https:\/\/exlibris.ee\/ru\/produkt\/mir-oder-mich-ubungen-zur-formenlehre-buch\/","title":{"rendered":"\u201emir\u201c oder \u201emich\u201c?  \u00dcbungen zur Formenlehre \/ Buch"},"content":{"rendered":"<p>Ein flexibel einsetzbares \u00dcbungsbuch f\u00fcr Anf\u00e4nger und Fortgeschrittene, die ihre Sprachkenntnisse ausbauen und vertiefen wollen &#8212; Durch systematisches \u00dcben und Wiederholen werden die wichtigsten Problemfelder der deutschen Grammatik gezielt behandelt &#8212; \u00dcbungen mit Schl\u00fcssel zu: Verben, Substantive und Artikel, Pronomen, Adjektive, Pr\u00e4positionen, Adverbien und Syntax &#8212; Geeignet f\u00fcr Selbstlerner oder als Erg\u00e4nzung zu jedem beliebigen Kursleiterbuch.<\/p>\n","protected":false},"excerpt":{"rendered":"<p>Ein flexibel einsetzbares \u00dcbungsbuch f\u00fcr Anf\u00e4nger und Fortgeschrittene, die ihre Sprachkenntnisse ausbauen und vertiefen wollen &#8212; Durch systematisches \u00dcben und Wiederholen werden die wichtigsten Problemfelder der deutschen Grammatik gezielt behandelt &#8212; \u00dcbungen mit Schl\u00fcssel zu: Verben, Substantive und Artikel, Pronomen,&#8230;<\/p>\n","protected":false},"featured_media":55585,"template":"","meta":{"_acf_changed":false,"inline_featured_image":false},"product_brand":[],"product_cat":[558],"product_tag":[],"series":[],"publisher":[{"id":497,"name":"Hueber Verlag","slug":"hueber-verlag"}],"class_list":{"0":"post-44769","1":"product","2":"type-product","3":"status-publish","4":"has-post-thumbnail","6":"product_cat-deutsch-uben","7":"publisher-hueber-verlag","9":"first","10":"instock","11":"taxable","12":"shipping-taxable","13":"purchasable","14":"product-type-simple"},"acf":[],"_links":{"self":[{"href":"https:\/\/exlibris.ee\/ru\/wp-json\/wp\/v2\/product\/44769","targetHints":{"allow":["GET"]}}],"collection":[{"href":"https:\/\/exlibris.ee\/ru\/wp-json\/wp\/v2\/product"}],"about":[{"href":"https:\/\/exlibris.ee\/ru\/wp-json\/wp\/v2\/types\/product"}],"wp:featuredmedia":[{"embeddable":true,"href":"https:\/\/exlibris.ee\/ru\/wp-json\/wp\/v2\/media\/55585"}],"wp:attachment":[{"href":"https:\/\/exlibris.ee\/ru\/wp-json\/wp\/v2\/media?parent=44769"}],"wp:term":[{"taxonomy":"product_brand","embeddable":true,"href":"https:\/\/exlibris.ee\/ru\/wp-json\/wp\/v2\/product_brand?post=44769"},{"taxonomy":"product_cat","embeddable":true,"href":"https:\/\/exlibris.ee\/ru\/wp-json\/wp\/v2\/product_cat?post=44769"},{"taxonomy":"product_tag","embeddable":true,"href":"https:\/\/exlibris.ee\/ru\/wp-json\/wp\/v2\/product_tag?post=44769"},{"taxonomy":"series","embeddable":true,"href":"https:\/\/exlibris.ee\/ru\/wp-json\/wp\/v2\/series?post=44769"},{"taxonomy":"publisher","embeddable":true,"href":"https:\/\/exlibris.ee\/ru\/wp-json\/wp\/v2\/publisher?post=44769"}],"curies":[{"name":"wp","href":"https:\/\/api.w.org\/{rel}","templated":true}]}}