{"id":44773,"date":"2023-05-11T15:41:02","date_gmt":"2023-05-11T12:41:02","guid":{"rendered":"https:\/\/exlibris.ee\/toode\/deutsch-in-der-pflege-griechisch-spanisch-polnisch-rumanisch-buch-mit-mp3-download\/"},"modified":"2026-04-25T17:31:04","modified_gmt":"2026-04-25T14:31:04","slug":"deutsch-in-der-pflege-griechisch-spanisch-polnisch-rumanisch-buch-mit-mp3-download","status":"publish","type":"product","link":"https:\/\/exlibris.ee\/ru\/produkt\/deutsch-in-der-pflege-griechisch-spanisch-polnisch-rumanisch-buch-mit-mp3-download\/","title":{"rendered":"Deutsch in der Pflege  Griechisch, Spanisch, Polnisch, Rum\u00e4nisch \/ Buch mit MP3-Download"},"content":{"rendered":"<p>Der Berufssprachf\u00fchrer Deutsch in der Pflege f\u00fcr russische Muttersprachler bietet die M\u00f6glichkeit, deutsche Vokabeln und Redemittel f\u00fcr typische Berufssituationen in diesem Bereich einzu\u00fcben oder sie schnell nachzuschlagen. Dabei werden u. a. folgende Themen behandelt: mit Patienten sprechen, mit Kollegen sprechen oder mit \u00c4rzten sprechen. Alle S\u00e4tze sind in Form von MP3-Dateien auf Deutsch und auf Russisch vertont.<\/p>\n","protected":false},"excerpt":{"rendered":"<p>Der Berufssprachf\u00fchrer Deutsch in der Pflege f\u00fcr russische Muttersprachler bietet die M\u00f6glichkeit, deutsche Vokabeln und Redemittel f\u00fcr typische Berufssituationen in diesem Bereich einzu\u00fcben oder sie schnell nachzuschlagen. Dabei werden u. a. folgende Themen behandelt: mit Patienten sprechen, mit Kollegen sprechen&#8230;<\/p>\n","protected":false},"featured_media":55603,"template":"","meta":{"_acf_changed":false,"inline_featured_image":false},"product_brand":[],"product_cat":[885],"product_tag":[],"series":[{"id":960,"name":"Deutsch in der Pflege","slug":"deutsch-in-der-pflege"}],"publisher":[{"id":497,"name":"Hueber Verlag","slug":"hueber-verlag"}],"class_list":{"0":"post-44773","1":"product","2":"type-product","3":"status-publish","4":"has-post-thumbnail","6":"product_cat-berufssprache","7":"series-deutsch-in-der-pflege","8":"publisher-hueber-verlag","10":"first","11":"onbackorder","12":"taxable","13":"shipping-taxable","14":"purchasable","15":"product-type-simple"},"acf":[],"_links":{"self":[{"href":"https:\/\/exlibris.ee\/ru\/wp-json\/wp\/v2\/product\/44773","targetHints":{"allow":["GET"]}}],"collection":[{"href":"https:\/\/exlibris.ee\/ru\/wp-json\/wp\/v2\/product"}],"about":[{"href":"https:\/\/exlibris.ee\/ru\/wp-json\/wp\/v2\/types\/product"}],"wp:featuredmedia":[{"embeddable":true,"href":"https:\/\/exlibris.ee\/ru\/wp-json\/wp\/v2\/media\/55603"}],"wp:attachment":[{"href":"https:\/\/exlibris.ee\/ru\/wp-json\/wp\/v2\/media?parent=44773"}],"wp:term":[{"taxonomy":"product_brand","embeddable":true,"href":"https:\/\/exlibris.ee\/ru\/wp-json\/wp\/v2\/product_brand?post=44773"},{"taxonomy":"product_cat","embeddable":true,"href":"https:\/\/exlibris.ee\/ru\/wp-json\/wp\/v2\/product_cat?post=44773"},{"taxonomy":"product_tag","embeddable":true,"href":"https:\/\/exlibris.ee\/ru\/wp-json\/wp\/v2\/product_tag?post=44773"},{"taxonomy":"series","embeddable":true,"href":"https:\/\/exlibris.ee\/ru\/wp-json\/wp\/v2\/series?post=44773"},{"taxonomy":"publisher","embeddable":true,"href":"https:\/\/exlibris.ee\/ru\/wp-json\/wp\/v2\/publisher?post=44773"}],"curies":[{"name":"wp","href":"https:\/\/api.w.org\/{rel}","templated":true}]}}