{"id":44775,"date":"2023-05-11T15:41:05","date_gmt":"2023-05-11T12:41:05","guid":{"rendered":"https:\/\/exlibris.ee\/toode\/deutsch-fur-besserwisser-a1-typische-fehler-verstehen-und-vermeiden-buch-mit-mp3-cd\/"},"modified":"2026-04-15T13:32:01","modified_gmt":"2026-04-15T10:32:01","slug":"deutsch-fur-besserwisser-a1-typische-fehler-verstehen-und-vermeiden-buch-mit-mp3-cd","status":"publish","type":"product","link":"https:\/\/exlibris.ee\/ru\/produkt\/deutsch-fur-besserwisser-a1-typische-fehler-verstehen-und-vermeiden-buch-mit-mp3-cd\/","title":{"rendered":"Deutsch f\u00fcr Besserwisser A1  Typische Fehler verstehen und vermeiden  \/ Buch mit MP3-CD"},"content":{"rendered":"<p>Deutsch f\u00fcr Besserwisser A1 behandelt typische Schwierigkeiten und h\u00e4ufige Fehlerquellen der deutschen Sprache. Durch abwechslungsreiche \u00dcbungen (Zuordnungs\u00fcbungen, L\u00fcckentexte, Satzbildungs\u00fcbungen u.v.m.), didaktisch sinnvolle, lernf\u00f6rdernde Illustrationen, situationsbezogene landeskundliche und interkulturelle Zusatzinformationen und H\u00f6rverst\u00e4ndnis-\u00dcbungen auf einer MP3-CD werden Sie optimal auf Pr\u00fcfungen der Niveaustufe A1 vorbereitet.<\/p>\n","protected":false},"excerpt":{"rendered":"<p>Deutsch f\u00fcr Besserwisser A1 behandelt typische Schwierigkeiten und h\u00e4ufige Fehlerquellen der deutschen Sprache. Durch abwechslungsreiche \u00dcbungen (Zuordnungs\u00fcbungen, L\u00fcckentexte, Satzbildungs\u00fcbungen u.v.m.), didaktisch sinnvolle, lernf\u00f6rdernde Illustrationen, situationsbezogene landeskundliche und interkulturelle Zusatzinformationen und H\u00f6rverst\u00e4ndnis-\u00dcbungen auf einer MP3-CD werden Sie optimal auf Pr\u00fcfungen der&#8230;<\/p>\n","protected":false},"featured_media":55615,"template":"","meta":{"_acf_changed":false,"inline_featured_image":false},"product_brand":[],"product_cat":[480],"product_tag":[],"series":[{"id":962,"name":"Deutsch f\u00fcr Besserwisser","slug":"deutsch-fur-besserwisser"}],"publisher":[{"id":497,"name":"Hueber Verlag","slug":"hueber-verlag"}],"class_list":{"0":"post-44775","1":"product","2":"type-product","3":"status-publish","4":"has-post-thumbnail","6":"product_cat-grammatiken","7":"series-deutsch-fur-besserwisser","8":"publisher-hueber-verlag","10":"first","11":"onbackorder","12":"taxable","13":"shipping-taxable","14":"purchasable","15":"product-type-simple"},"acf":[],"_links":{"self":[{"href":"https:\/\/exlibris.ee\/ru\/wp-json\/wp\/v2\/product\/44775","targetHints":{"allow":["GET"]}}],"collection":[{"href":"https:\/\/exlibris.ee\/ru\/wp-json\/wp\/v2\/product"}],"about":[{"href":"https:\/\/exlibris.ee\/ru\/wp-json\/wp\/v2\/types\/product"}],"wp:featuredmedia":[{"embeddable":true,"href":"https:\/\/exlibris.ee\/ru\/wp-json\/wp\/v2\/media\/55615"}],"wp:attachment":[{"href":"https:\/\/exlibris.ee\/ru\/wp-json\/wp\/v2\/media?parent=44775"}],"wp:term":[{"taxonomy":"product_brand","embeddable":true,"href":"https:\/\/exlibris.ee\/ru\/wp-json\/wp\/v2\/product_brand?post=44775"},{"taxonomy":"product_cat","embeddable":true,"href":"https:\/\/exlibris.ee\/ru\/wp-json\/wp\/v2\/product_cat?post=44775"},{"taxonomy":"product_tag","embeddable":true,"href":"https:\/\/exlibris.ee\/ru\/wp-json\/wp\/v2\/product_tag?post=44775"},{"taxonomy":"series","embeddable":true,"href":"https:\/\/exlibris.ee\/ru\/wp-json\/wp\/v2\/series?post=44775"},{"taxonomy":"publisher","embeddable":true,"href":"https:\/\/exlibris.ee\/ru\/wp-json\/wp\/v2\/publisher?post=44775"}],"curies":[{"name":"wp","href":"https:\/\/api.w.org\/{rel}","templated":true}]}}