{"id":44776,"date":"2023-05-11T15:41:06","date_gmt":"2023-05-11T12:41:06","guid":{"rendered":"https:\/\/exlibris.ee\/toode\/ein-feriencamp-voller-uberraschungen-lekture-mit-audios-online\/"},"modified":"2026-04-13T05:26:53","modified_gmt":"2026-04-13T02:26:53","slug":"ein-feriencamp-voller-uberraschungen-lekture-mit-audios-online","status":"publish","type":"product","link":"https:\/\/exlibris.ee\/ru\/produkt\/ein-feriencamp-voller-uberraschungen-lekture-mit-audios-online\/","title":{"rendered":"Ein Feriencamp voller \u00dcberraschungen  Lekt\u00fcre mit Audios online"},"content":{"rendered":"<p>Zielgruppe: Jugendliche zwischen 10 und 16 Jahren in Vorbereitungs- und \u00dcbergangsklassen an Regelschulen &#8212; bereitet schnell und effizient auf Alltag und Schule in Deutschland vor &#8212; erm\u00f6glicht den Einstieg ins Deutschlernen mit einem Lehrwerk &#8212; 15 Themen auf jeweils zwei Doppelseiten &#8212; \u00dcbungen auf drei Niveaustufen sowie Erweiterungs\u00fcbungen &#8212; Wortschatzarbeit zur Vorbereitung auf den fachsprachlichen Unterricht &#8212; Vorbereitung auf Beste Freunde A1.1 und alle weiteren Lehrwerke f\u00fcr Jugendliche ab A1.<\/p>\n","protected":false},"excerpt":{"rendered":"<p>Zielgruppe: Jugendliche zwischen 10 und 16 Jahren in Vorbereitungs- und \u00dcbergangsklassen an Regelschulen &#8212; bereitet schnell und effizient auf Alltag und Schule in Deutschland vor &#8212; erm\u00f6glicht den Einstieg ins Deutschlernen mit einem Lehrwerk &#8212; 15 Themen auf jeweils zwei&#8230;<\/p>\n","protected":false},"featured_media":55621,"template":"","meta":{"_acf_changed":false,"inline_featured_image":false},"product_brand":[],"product_cat":[851],"product_tag":[],"series":[],"publisher":[{"id":497,"name":"Hueber Verlag","slug":"hueber-verlag"}],"class_list":{"0":"post-44776","1":"product","2":"type-product","3":"status-publish","4":"has-post-thumbnail","6":"product_cat-lesetexte-deutsch","7":"publisher-hueber-verlag","9":"first","10":"onbackorder","11":"taxable","12":"shipping-taxable","13":"purchasable","14":"product-type-simple"},"acf":[],"_links":{"self":[{"href":"https:\/\/exlibris.ee\/ru\/wp-json\/wp\/v2\/product\/44776","targetHints":{"allow":["GET"]}}],"collection":[{"href":"https:\/\/exlibris.ee\/ru\/wp-json\/wp\/v2\/product"}],"about":[{"href":"https:\/\/exlibris.ee\/ru\/wp-json\/wp\/v2\/types\/product"}],"wp:featuredmedia":[{"embeddable":true,"href":"https:\/\/exlibris.ee\/ru\/wp-json\/wp\/v2\/media\/55621"}],"wp:attachment":[{"href":"https:\/\/exlibris.ee\/ru\/wp-json\/wp\/v2\/media?parent=44776"}],"wp:term":[{"taxonomy":"product_brand","embeddable":true,"href":"https:\/\/exlibris.ee\/ru\/wp-json\/wp\/v2\/product_brand?post=44776"},{"taxonomy":"product_cat","embeddable":true,"href":"https:\/\/exlibris.ee\/ru\/wp-json\/wp\/v2\/product_cat?post=44776"},{"taxonomy":"product_tag","embeddable":true,"href":"https:\/\/exlibris.ee\/ru\/wp-json\/wp\/v2\/product_tag?post=44776"},{"taxonomy":"series","embeddable":true,"href":"https:\/\/exlibris.ee\/ru\/wp-json\/wp\/v2\/series?post=44776"},{"taxonomy":"publisher","embeddable":true,"href":"https:\/\/exlibris.ee\/ru\/wp-json\/wp\/v2\/publisher?post=44776"}],"curies":[{"name":"wp","href":"https:\/\/api.w.org\/{rel}","templated":true}]}}