{"id":44779,"date":"2023-05-11T15:41:08","date_gmt":"2023-05-11T12:41:08","guid":{"rendered":"https:\/\/exlibris.ee\/toode\/das-wunschhaus-und-andere-geschichten-epub-download\/"},"modified":"2026-04-10T03:24:55","modified_gmt":"2026-04-10T00:24:55","slug":"das-wunschhaus-und-andere-geschichten-epub-download","status":"publish","type":"product","link":"https:\/\/exlibris.ee\/ru\/produkt\/das-wunschhaus-und-andere-geschichten-epub-download\/","title":{"rendered":"Das Wunschhaus und andere Geschichten  EPUB-Download"},"content":{"rendered":"<p>Zielgruppe: Jugendliche und erwachsene Leser auf Niveaustufe B1 Der Autor l\u00e4sst Personen wie du und ich lebendig werden, stellt sie mit Sympathie und Verst\u00e4ndnis dar und macht die Lekt\u00fcre und das Zuh\u00f6ren so zu einem unterhaltsamen Vergn\u00fcgen. Ein Hauch von liebevollem Am\u00fcsement, manchmal auch von Wehmut liegt \u00fcber diesen Geschichten, die nicht nur angenehm zu lesen sind, sondern auch zum Nachdenken auffordern. In den drei Kurzgeschichten geht es um ein missgl\u00fccktes &#8212; und gerade darum gegl\u00fccktes &#8212; Blind Date, um einen sommerlichen Strandausflug mit Hindernissen und um den Einblick in eine sch\u00f6ne Welt, der viele Fragen offenl\u00e4sst.Die Kurzgeschichten sind in kurze, \u00fcberschaubare &#171;&#187;Kapitel&#187;&#187; untergliedert und enthalten im Anhang einsprachige Worterkl\u00e4rungen und \u00dcbungen zum Leseverstehen und zur Entwicklung von Lesestrategien.<\/p>\n","protected":false},"excerpt":{"rendered":"<p>Zielgruppe: Jugendliche und erwachsene Leser auf Niveaustufe B1 Der Autor l\u00e4sst Personen wie du und ich lebendig werden, stellt sie mit Sympathie und Verst\u00e4ndnis dar und macht die Lekt\u00fcre und das Zuh\u00f6ren so zu einem unterhaltsamen Vergn\u00fcgen. Ein Hauch von&#8230;<\/p>\n","protected":false},"featured_media":55630,"template":"","meta":{"_acf_changed":false,"inline_featured_image":false},"product_brand":[],"product_cat":[851],"product_tag":[],"series":[{"id":949,"name":"Das Wunschhaus und andere Geschichten","slug":"das-wunschhaus-und-andere-geschichten"}],"publisher":[{"id":497,"name":"Hueber Verlag","slug":"hueber-verlag"}],"class_list":{"0":"post-44779","1":"product","2":"type-product","3":"status-publish","4":"has-post-thumbnail","6":"product_cat-lesetexte-deutsch","7":"series-das-wunschhaus-und-andere-geschichten","8":"publisher-hueber-verlag","10":"first","11":"onbackorder","12":"taxable","13":"shipping-taxable","14":"purchasable","15":"product-type-simple"},"acf":[],"_links":{"self":[{"href":"https:\/\/exlibris.ee\/ru\/wp-json\/wp\/v2\/product\/44779","targetHints":{"allow":["GET"]}}],"collection":[{"href":"https:\/\/exlibris.ee\/ru\/wp-json\/wp\/v2\/product"}],"about":[{"href":"https:\/\/exlibris.ee\/ru\/wp-json\/wp\/v2\/types\/product"}],"wp:featuredmedia":[{"embeddable":true,"href":"https:\/\/exlibris.ee\/ru\/wp-json\/wp\/v2\/media\/55630"}],"wp:attachment":[{"href":"https:\/\/exlibris.ee\/ru\/wp-json\/wp\/v2\/media?parent=44779"}],"wp:term":[{"taxonomy":"product_brand","embeddable":true,"href":"https:\/\/exlibris.ee\/ru\/wp-json\/wp\/v2\/product_brand?post=44779"},{"taxonomy":"product_cat","embeddable":true,"href":"https:\/\/exlibris.ee\/ru\/wp-json\/wp\/v2\/product_cat?post=44779"},{"taxonomy":"product_tag","embeddable":true,"href":"https:\/\/exlibris.ee\/ru\/wp-json\/wp\/v2\/product_tag?post=44779"},{"taxonomy":"series","embeddable":true,"href":"https:\/\/exlibris.ee\/ru\/wp-json\/wp\/v2\/series?post=44779"},{"taxonomy":"publisher","embeddable":true,"href":"https:\/\/exlibris.ee\/ru\/wp-json\/wp\/v2\/publisher?post=44779"}],"curies":[{"name":"wp","href":"https:\/\/api.w.org\/{rel}","templated":true}]}}