{"id":44780,"date":"2023-05-11T15:41:09","date_gmt":"2023-05-11T12:41:09","guid":{"rendered":"https:\/\/exlibris.ee\/toode\/david-dresden-epub-download\/"},"modified":"2026-04-16T17:28:57","modified_gmt":"2026-04-16T14:28:57","slug":"david-dresden-epub-download","status":"publish","type":"product","link":"https:\/\/exlibris.ee\/ru\/produkt\/david-dresden-epub-download\/","title":{"rendered":"David, Dresden  EPUB-Download"},"content":{"rendered":"<p>Echte Lekt\u00fcre auf der Niveaustufe A1! Kurze, einfache S\u00e4tze lassen vor dem inneren Auge des Lesers einen Film erstehen \u2013 Menschen, die mit ihren Gef\u00fchlen, ihren Hoffnungen, ihren Tr\u00e4umen und Begehrlichkeiten aufeinander treffen und ihr gegenseitiges Schicksal beeinflussen. Die Hueber Lese-Novelas bieten echten Lesestoff auf einem denkbar einfachen sprachlichen Niveau: Lesespa\u00df, der nicht durch didaktische Ma\u00dfnahmen ged\u00e4mpft wird; das gro\u00dfartige Gef\u00fchl, schon auf dieser fr\u00fchen Stufe des Lernens authentische Lese-Erlebnisse genie\u00dfen zu k\u00f6nnen; die Chance, sich einfach von den Geschehnissen mitrei\u00dfen zu lassen und dabei schon fast zu vergessen, dass es sich um Lekt\u00fcre in der \u201eschwierigen\u201c Zielsprache handelt: David hat sein Studium aufgegeben und arbeitet als Kellner im Restaurant seiner Eltern. Auch Mandys Eltern haben ein Restaurant, in der gleichen Stra\u00dfe. Mandy ist sehr sportlich und attraktiv. David denkt, dass Mandy vielleicht seine Idealfrau ist. Aber dann lernt er eine geheimnisvolle Frau in Schwarz kennen \u2026<\/p>\n","protected":false},"excerpt":{"rendered":"<p>Echte Lekt\u00fcre auf der Niveaustufe A1! Kurze, einfache S\u00e4tze lassen vor dem inneren Auge des Lesers einen Film erstehen \u2013 Menschen, die mit ihren Gef\u00fchlen, ihren Hoffnungen, ihren Tr\u00e4umen und Begehrlichkeiten aufeinander treffen und ihr gegenseitiges Schicksal beeinflussen. Die Hueber&#8230;<\/p>\n","protected":false},"featured_media":55633,"template":"","meta":{"_acf_changed":false,"inline_featured_image":false},"product_brand":[],"product_cat":[851],"product_tag":[],"series":[{"id":965,"name":"David, Dresden","slug":"david-dresden"}],"publisher":[{"id":497,"name":"Hueber Verlag","slug":"hueber-verlag"}],"class_list":{"0":"post-44780","1":"product","2":"type-product","3":"status-publish","4":"has-post-thumbnail","6":"product_cat-lesetexte-deutsch","7":"series-david-dresden","8":"publisher-hueber-verlag","10":"first","11":"onbackorder","12":"taxable","13":"shipping-taxable","14":"purchasable","15":"product-type-simple"},"acf":[],"_links":{"self":[{"href":"https:\/\/exlibris.ee\/ru\/wp-json\/wp\/v2\/product\/44780","targetHints":{"allow":["GET"]}}],"collection":[{"href":"https:\/\/exlibris.ee\/ru\/wp-json\/wp\/v2\/product"}],"about":[{"href":"https:\/\/exlibris.ee\/ru\/wp-json\/wp\/v2\/types\/product"}],"wp:featuredmedia":[{"embeddable":true,"href":"https:\/\/exlibris.ee\/ru\/wp-json\/wp\/v2\/media\/55633"}],"wp:attachment":[{"href":"https:\/\/exlibris.ee\/ru\/wp-json\/wp\/v2\/media?parent=44780"}],"wp:term":[{"taxonomy":"product_brand","embeddable":true,"href":"https:\/\/exlibris.ee\/ru\/wp-json\/wp\/v2\/product_brand?post=44780"},{"taxonomy":"product_cat","embeddable":true,"href":"https:\/\/exlibris.ee\/ru\/wp-json\/wp\/v2\/product_cat?post=44780"},{"taxonomy":"product_tag","embeddable":true,"href":"https:\/\/exlibris.ee\/ru\/wp-json\/wp\/v2\/product_tag?post=44780"},{"taxonomy":"series","embeddable":true,"href":"https:\/\/exlibris.ee\/ru\/wp-json\/wp\/v2\/series?post=44780"},{"taxonomy":"publisher","embeddable":true,"href":"https:\/\/exlibris.ee\/ru\/wp-json\/wp\/v2\/publisher?post=44780"}],"curies":[{"name":"wp","href":"https:\/\/api.w.org\/{rel}","templated":true}]}}