{"id":44790,"date":"2023-05-11T15:41:11","date_gmt":"2023-05-11T12:41:11","guid":{"rendered":"https:\/\/exlibris.ee\/toode\/beste-freunde-plus-a1-1-kursbuch-plus-interaktive-version\/"},"modified":"2026-04-05T15:27:09","modified_gmt":"2026-04-05T12:27:09","slug":"beste-freunde-plus-a1-1-kursbuch-plus-interaktive-version","status":"publish","type":"product","link":"https:\/\/exlibris.ee\/ru\/produkt\/beste-freunde-plus-a1-1-kursbuch-plus-interaktive-version\/","title":{"rendered":"Beste Freunde PLUS A1.1  \/ Kursbuch plus interaktive Version"},"content":{"rendered":"<p>Beste Freunde PLUS \u2013 das interaktive DaF-Lehrwerk (A1 &#8212; B1) f\u00fcr Deutsch als Fremdsprache Zielgruppe: Jugendliche ohne Vorkenntnisse Beste Freunde PLUS A1.1 Kursbuch \u2013 inklusive Startcode f\u00fcr die interaktive Version &#8212; basiert auf dem Lehrwerk \u00bbBeste Freunde\u00ab &#8212; neues Layout und inhaltliche Aktualisierung &#8212; modularer Aufbau: jedes Modul umfasst drei kurze Lektionen \u00e0 vier Seiten und f\u00fcnf zus\u00e4tzliche Modulseiten &#8212; attraktive Modul-Einstiegsseite: sie stellt jeweils einen der jugendlichen Protagonisten vor und fasst die kommunikativen Lernziele zusammen &#8212; vielseitig: die Modulseiten am Ende enthalten eine Doppelseite Zwischenstation mit Filmdidaktisierung, landeskundlichem Fokus, R\u00e4tsel und\/oder Projektarbeit, eine Doppelseite mit systematischer \u00dcbersicht \u00fcber die Grammatik mit passgenauen \u00dcbungen sowie eine Redemittel\u00fcbersicht und eine Seite Wiederholungs\u00fcbungen f\u00fcr den Unterricht &#8212; zus\u00e4tzlich: kurze Filme greifen die Redemittel in einem sympathischen alltagsnahen Kontext neu auf &#8212; Erkl\u00e4r-Clips zur gesamten Grammatik: ideal f\u00fcr den Pr\u00e4senz- oder Online-Unterricht und das individuelle Lernen &#8212; motivierend: authentisch und sympathisch begleitet jeweils einer der Protagonisten durch ein Modul &#8212; leicht zu unterrichten: die Lektionen sind kleinschrittig aufgebaut und vermitteln Grammatik, Wortschatz und Redemittel in einer flachen Progression &#8212; abwechslungsreich: ein zuverl\u00e4ssiges Training der verschiedenen sprachlichen Fertigkeiten variiert mit vielen Spielen und Liedern, die den Unterricht auflockern &#8212; die Starterlektion in A1.1 vermittelt ersten Grundwortschatz Die interaktive Version des Kursbuchs Beste Freunde PLUS A1.1 enth\u00e4lt: &#8212; digitales Kursbuch f\u00fcr Whiteboard, PC\/Mac und Tablet &#8212; integrierte Audio- und Filmdateien zum Kursbuch &#8212; interaktiv umgesetzte \u00dcbungen aus dem Kursbuch &#8212; Grammatik-Clips und interaktive Zusatz\u00fcbungen zu Aussprache,Wortschatz, Grammatik und Kommunikation &#8212; integrierte Whiteboard-Werkzeuge zum Markieren, Kommentieren und Pr\u00e4sentieren &#8212; intuitiv <\/p>\n","protected":false},"excerpt":{"rendered":"<p>Beste Freunde PLUS \u2013 das interaktive DaF-Lehrwerk (A1 &#8212; B1) f\u00fcr Deutsch als Fremdsprache Zielgruppe: Jugendliche ohne Vorkenntnisse Beste Freunde PLUS A1.1 Kursbuch \u2013 inklusive Startcode f\u00fcr die interaktive Version &#8212; basiert auf dem Lehrwerk \u00bbBeste Freunde\u00ab &#8212; neues Layout&#8230;<\/p>\n","protected":false},"featured_media":55684,"template":"","meta":{"_acf_changed":false,"inline_featured_image":false},"product_brand":[],"product_cat":[477],"product_tag":[],"series":[{"id":973,"name":"Beste Freunde PLUS A1.1","slug":"beste-freunde-plus-a1-1"}],"publisher":[{"id":497,"name":"Hueber Verlag","slug":"hueber-verlag"}],"class_list":{"0":"post-44790","1":"product","2":"type-product","3":"status-publish","4":"has-post-thumbnail","6":"product_cat-lehrwerke-fur-jugendliche","7":"series-beste-freunde-plus-a1-1","8":"publisher-hueber-verlag","10":"first","11":"instock","12":"taxable","13":"shipping-taxable","14":"purchasable","15":"product-type-simple"},"acf":[],"_links":{"self":[{"href":"https:\/\/exlibris.ee\/ru\/wp-json\/wp\/v2\/product\/44790","targetHints":{"allow":["GET"]}}],"collection":[{"href":"https:\/\/exlibris.ee\/ru\/wp-json\/wp\/v2\/product"}],"about":[{"href":"https:\/\/exlibris.ee\/ru\/wp-json\/wp\/v2\/types\/product"}],"wp:featuredmedia":[{"embeddable":true,"href":"https:\/\/exlibris.ee\/ru\/wp-json\/wp\/v2\/media\/55684"}],"wp:attachment":[{"href":"https:\/\/exlibris.ee\/ru\/wp-json\/wp\/v2\/media?parent=44790"}],"wp:term":[{"taxonomy":"product_brand","embeddable":true,"href":"https:\/\/exlibris.ee\/ru\/wp-json\/wp\/v2\/product_brand?post=44790"},{"taxonomy":"product_cat","embeddable":true,"href":"https:\/\/exlibris.ee\/ru\/wp-json\/wp\/v2\/product_cat?post=44790"},{"taxonomy":"product_tag","embeddable":true,"href":"https:\/\/exlibris.ee\/ru\/wp-json\/wp\/v2\/product_tag?post=44790"},{"taxonomy":"series","embeddable":true,"href":"https:\/\/exlibris.ee\/ru\/wp-json\/wp\/v2\/series?post=44790"},{"taxonomy":"publisher","embeddable":true,"href":"https:\/\/exlibris.ee\/ru\/wp-json\/wp\/v2\/publisher?post=44790"}],"curies":[{"name":"wp","href":"https:\/\/api.w.org\/{rel}","templated":true}]}}