{"id":44801,"date":"2023-05-11T15:41:13","date_gmt":"2023-05-11T12:41:13","guid":{"rendered":"https:\/\/exlibris.ee\/toode\/bildgrammatik-deutsch-deutsche-grammatik-in-bildern-erklart-pdf-download\/"},"modified":"2026-04-04T03:16:01","modified_gmt":"2026-04-04T00:16:01","slug":"bildgrammatik-deutsch-deutsche-grammatik-in-bildern-erklart-pdf-download","status":"publish","type":"product","link":"https:\/\/exlibris.ee\/ru\/produkt\/bildgrammatik-deutsch-deutsche-grammatik-in-bildern-erklart-pdf-download\/","title":{"rendered":"Bildgrammatik Deutsch  Deutsche Grammatik in Bildern erkl\u00e4rt \/ PDF-Download"},"content":{"rendered":"<p>Die Bildgrammatik Deutsch wendet sich an Lernende, die die Grundlagen der deutschen Grammatik mit Hilfe von Bildern erfassen m\u00f6chten. Das Buch eignet sich zudem ideal f\u00fcr Kinder, Jugendliche und Erwachsene in Alphabetisierungskursen und in Sprachkursen f\u00fcr Gefl\u00fcchtete und Asylsuchende. Die Grammatik pr\u00e4sentiert in Bild und Wort spielerisch grammatikalische Zusammenh\u00e4nge. Vierfarbige Illustrationen greifen wichtige Alltagssituationen auf wie Begr\u00fc\u00dfungen, Essen und Trinken, Einkaufen, Wohnen, Gesundheit und medizinische Versorgung, Kindergarten und Schule, Beruf, Besuche bei Beh\u00f6rden etc. Die gro\u00dfe Schrift ist ideal f\u00fcr alle, die das lateinische Alphabet neu erlernen m\u00fcssen. Ein Leitfaden f\u00fcr (ehrenamtlich) Unterrichtende steht als kostenloser PDF-Download zur Verf\u00fcgung.<\/p>\n","protected":false},"excerpt":{"rendered":"<p>Die Bildgrammatik Deutsch wendet sich an Lernende, die die Grundlagen der deutschen Grammatik mit Hilfe von Bildern erfassen m\u00f6chten. Das Buch eignet sich zudem ideal f\u00fcr Kinder, Jugendliche und Erwachsene in Alphabetisierungskursen und in Sprachkursen f\u00fcr Gefl\u00fcchtete und Asylsuchende. Die&#8230;<\/p>\n","protected":false},"featured_media":55813,"template":"","meta":{"_acf_changed":false,"inline_featured_image":false},"product_brand":[],"product_cat":[480],"product_tag":[],"series":[{"id":972,"name":"Bildgrammatik Deutsch","slug":"bildgrammatik-deutsch"}],"publisher":[{"id":497,"name":"Hueber Verlag","slug":"hueber-verlag"}],"class_list":{"0":"post-44801","1":"product","2":"type-product","3":"status-publish","4":"has-post-thumbnail","6":"product_cat-grammatiken","7":"series-bildgrammatik-deutsch","8":"publisher-hueber-verlag","10":"first","11":"onbackorder","12":"taxable","13":"shipping-taxable","14":"purchasable","15":"product-type-simple"},"acf":[],"_links":{"self":[{"href":"https:\/\/exlibris.ee\/ru\/wp-json\/wp\/v2\/product\/44801","targetHints":{"allow":["GET"]}}],"collection":[{"href":"https:\/\/exlibris.ee\/ru\/wp-json\/wp\/v2\/product"}],"about":[{"href":"https:\/\/exlibris.ee\/ru\/wp-json\/wp\/v2\/types\/product"}],"wp:featuredmedia":[{"embeddable":true,"href":"https:\/\/exlibris.ee\/ru\/wp-json\/wp\/v2\/media\/55813"}],"wp:attachment":[{"href":"https:\/\/exlibris.ee\/ru\/wp-json\/wp\/v2\/media?parent=44801"}],"wp:term":[{"taxonomy":"product_brand","embeddable":true,"href":"https:\/\/exlibris.ee\/ru\/wp-json\/wp\/v2\/product_brand?post=44801"},{"taxonomy":"product_cat","embeddable":true,"href":"https:\/\/exlibris.ee\/ru\/wp-json\/wp\/v2\/product_cat?post=44801"},{"taxonomy":"product_tag","embeddable":true,"href":"https:\/\/exlibris.ee\/ru\/wp-json\/wp\/v2\/product_tag?post=44801"},{"taxonomy":"series","embeddable":true,"href":"https:\/\/exlibris.ee\/ru\/wp-json\/wp\/v2\/series?post=44801"},{"taxonomy":"publisher","embeddable":true,"href":"https:\/\/exlibris.ee\/ru\/wp-json\/wp\/v2\/publisher?post=44801"}],"curies":[{"name":"wp","href":"https:\/\/api.w.org\/{rel}","templated":true}]}}