{"id":44802,"date":"2023-05-11T15:41:13","date_gmt":"2023-05-11T12:41:13","guid":{"rendered":"https:\/\/exlibris.ee\/toode\/vielfalt-b1-kurs-und-arbeitsbuch-interaktive-version\/"},"modified":"2026-04-17T15:34:38","modified_gmt":"2026-04-17T12:34:38","slug":"vielfalt-b1-kurs-und-arbeitsbuch-interaktive-version","status":"publish","type":"product","link":"https:\/\/exlibris.ee\/ru\/produkt\/vielfalt-b1-kurs-und-arbeitsbuch-interaktive-version\/","title":{"rendered":"Vielfalt B1+  Kurs- und Arbeitsbuch \u2013 Interaktive Version"},"content":{"rendered":"<p>Vielfalt \u2013 Lehrwerk f\u00fcr Deutsch als Fremdsprache Kurs- und Arbeitsbuch Vielfalt B1+ \u2013 Interaktive Version (nur digitales Produkt) Zielgruppe: Erwachsene und Jugendliche ab 16 Jahren in B1-Kursen Mit Storytelling und unseren beliebten Protagonist:innen wiederholt und festigt Vielfalt B1+ den Stoff von A1 bis B1 aus vielf\u00e4ltigen Perspektiven in den Bereichen Wortschatz, Grammatik, Kommunikation und Schreiben. Und ebnet so einen einfachen und sicheren \u00dcbergang zu einem B2-Lehrwerk. \u2022 digitales Kursbuch und Arbeitsbuch f\u00fcr Whiteboard, PC\/Mac und Tablet \u2022 integrierte Audio- und Filmdateien zum Kurs- und Arbeitsbuch \u2022 interaktiv umgesetzte \u00dcbungen aus dem Kurs- und Arbeitsbuch \u2022 Clips und interaktive Zusatz\u00fcbungen zum Lernen und \u00dcben \u2022 integrierte Whiteboard-Werkzeuge zum Markieren, Kommentieren und Pr\u00e4sentieren \u2022 intuitiv und ohne Einf\u00fchrung sofort einsetzbar \u2022 Nutzung auf allen Ger\u00e4ten und allen g\u00e4ngigen Browsern Kursbuchteil: \u2022 modularer Aufbau: 4 Module mit je drei kurzen Lektionen \u2022 emotionaler Moduleinstieg mit Film: unterschiedlichste Protagonistinnen und Protagonisten erm\u00f6glichen einen pers\u00f6nlichen Einstieg in die aktuellen, lebensnahen und vielf\u00e4ltigen Themen \u2022 Extra-Beruf-Seiten:berufs\u00fcbergreifende Szenarien, Textsorten und Sprachhandlungen \u2022 Plurilingualit\u00e4t: sprachvergleichende Aufgaben erweitern das Wissen \u00fcber Sprache und erleichtern die Sprachverwendung in unterschiedlichen Kommunikationssituationen \u2022 Plurikulturalit\u00e4t: spannende Aufgabenstellungen laden zum Perspektivenwechsel und zum wertedialog ein \u2022 Wortschatzarbeit: thematische und systematische intensive Erarbeitung \u2022 weitere Filme: Beispielantworten von Deutschlernenden aus aller Welt stellen erreichbare Sprachmodelle dar \u2022 Erkl\u00e4r-Clips zur gesamten Grammatik: ideal f\u00fcr den Pr\u00e4senz- oder Online-Unterricht und das individuelle Lernen Arbeitsbuchteil: \u2022 Fit-f\u00fcr-Seite: Wiederholung von relevantem, bereits bekanntem Wortschatz und Grammatikstrukturen \u2022 Wiederholung und Festigung: In den Kategorien W\u00f6rter<\/p>\n","protected":false},"excerpt":{"rendered":"<p>Vielfalt \u2013 Lehrwerk f\u00fcr Deutsch als Fremdsprache Kurs- und Arbeitsbuch Vielfalt B1+ \u2013 Interaktive Version (nur digitales Produkt) Zielgruppe: Erwachsene und Jugendliche ab 16 Jahren in B1-Kursen Mit Storytelling und unseren beliebten Protagonist:innen wiederholt und festigt Vielfalt B1+ den Stoff&#8230;<\/p>\n","protected":false},"featured_media":55816,"template":"","meta":{"_acf_changed":false,"inline_featured_image":false},"product_brand":[],"product_cat":[1121],"product_tag":[],"series":[{"id":942,"name":"Vielfalt B1+","slug":"vielfalt-b1"}],"publisher":[{"id":497,"name":"Hueber Verlag","slug":"hueber-verlag"}],"class_list":{"0":"post-44802","1":"product","2":"type-product","3":"status-publish","4":"has-post-thumbnail","6":"product_cat-lehrwerke-fur-jugendliche-und-erwachsene","7":"series-vielfalt-b1","8":"publisher-hueber-verlag","10":"first","11":"onbackorder","12":"taxable","13":"shipping-taxable","14":"purchasable","15":"product-type-simple"},"acf":[],"_links":{"self":[{"href":"https:\/\/exlibris.ee\/ru\/wp-json\/wp\/v2\/product\/44802","targetHints":{"allow":["GET"]}}],"collection":[{"href":"https:\/\/exlibris.ee\/ru\/wp-json\/wp\/v2\/product"}],"about":[{"href":"https:\/\/exlibris.ee\/ru\/wp-json\/wp\/v2\/types\/product"}],"wp:featuredmedia":[{"embeddable":true,"href":"https:\/\/exlibris.ee\/ru\/wp-json\/wp\/v2\/media\/55816"}],"wp:attachment":[{"href":"https:\/\/exlibris.ee\/ru\/wp-json\/wp\/v2\/media?parent=44802"}],"wp:term":[{"taxonomy":"product_brand","embeddable":true,"href":"https:\/\/exlibris.ee\/ru\/wp-json\/wp\/v2\/product_brand?post=44802"},{"taxonomy":"product_cat","embeddable":true,"href":"https:\/\/exlibris.ee\/ru\/wp-json\/wp\/v2\/product_cat?post=44802"},{"taxonomy":"product_tag","embeddable":true,"href":"https:\/\/exlibris.ee\/ru\/wp-json\/wp\/v2\/product_tag?post=44802"},{"taxonomy":"series","embeddable":true,"href":"https:\/\/exlibris.ee\/ru\/wp-json\/wp\/v2\/series?post=44802"},{"taxonomy":"publisher","embeddable":true,"href":"https:\/\/exlibris.ee\/ru\/wp-json\/wp\/v2\/publisher?post=44802"}],"curies":[{"name":"wp","href":"https:\/\/api.w.org\/{rel}","templated":true}]}}