{"id":44805,"date":"2023-05-11T15:41:13","date_gmt":"2023-05-11T12:41:13","guid":{"rendered":"https:\/\/exlibris.ee\/toode\/deutsch-im-hotel-lehrerhandreichungen-gesprache-fuhren-teil-1-korrespondenz-teil-2-lehrerhandreichungen\/"},"modified":"2026-04-05T15:27:16","modified_gmt":"2026-04-05T12:27:16","slug":"deutsch-im-hotel-lehrerhandreichungen-gesprache-fuhren-teil-1-korrespondenz-teil-2-lehrerhandreichungen","status":"publish","type":"product","link":"https:\/\/exlibris.ee\/ru\/produkt\/deutsch-im-hotel-lehrerhandreichungen-gesprache-fuhren-teil-1-korrespondenz-teil-2-lehrerhandreichungen\/","title":{"rendered":"Deutsch im Hotel &#8212; Lehrerhandreichungen  Gespr\u00e4che f\u00fchren (Teil 1)  Korrespondenz (Teil 2) \/ Lehrerhandreichungen"},"content":{"rendered":"<p>Die Lehrerhandreichungen zu Gespr\u00e4che f\u00fchren und Korrespondenz enthalten: &#8212; Auflistung wichtiger Wortfelder &#8212; Lerntipps und Lernspiele &#8212; Kopiervorlagen mit Rollenk\u00e4rtchen &#8212; Tests zu jeder Lektion mit L\u00f6sungsschl\u00fcssel &#8212; Landeskundliche Hintergrundinformationen &#8212; Ein interkulturelles Quiz.<\/p>\n","protected":false},"excerpt":{"rendered":"<p>Die Lehrerhandreichungen zu Gespr\u00e4che f\u00fchren und Korrespondenz enthalten: &#8212; Auflistung wichtiger Wortfelder &#8212; Lerntipps und Lernspiele &#8212; Kopiervorlagen mit Rollenk\u00e4rtchen &#8212; Tests zu jeder Lektion mit L\u00f6sungsschl\u00fcssel &#8212; Landeskundliche Hintergrundinformationen &#8212; Ein interkulturelles Quiz.<\/p>\n","protected":false},"featured_media":55837,"template":"","meta":{"_acf_changed":false,"inline_featured_image":false},"product_brand":[],"product_cat":[885],"product_tag":[],"series":[{"id":946,"name":"Deutsch im Hotel","slug":"deutsch-im-hotel"}],"publisher":[{"id":497,"name":"Hueber Verlag","slug":"hueber-verlag"}],"class_list":{"0":"post-44805","1":"product","2":"type-product","3":"status-publish","4":"has-post-thumbnail","6":"product_cat-berufssprache","7":"series-deutsch-im-hotel","8":"publisher-hueber-verlag","10":"first","11":"instock","12":"taxable","13":"shipping-taxable","14":"purchasable","15":"product-type-simple"},"acf":[],"_links":{"self":[{"href":"https:\/\/exlibris.ee\/ru\/wp-json\/wp\/v2\/product\/44805","targetHints":{"allow":["GET"]}}],"collection":[{"href":"https:\/\/exlibris.ee\/ru\/wp-json\/wp\/v2\/product"}],"about":[{"href":"https:\/\/exlibris.ee\/ru\/wp-json\/wp\/v2\/types\/product"}],"wp:featuredmedia":[{"embeddable":true,"href":"https:\/\/exlibris.ee\/ru\/wp-json\/wp\/v2\/media\/55837"}],"wp:attachment":[{"href":"https:\/\/exlibris.ee\/ru\/wp-json\/wp\/v2\/media?parent=44805"}],"wp:term":[{"taxonomy":"product_brand","embeddable":true,"href":"https:\/\/exlibris.ee\/ru\/wp-json\/wp\/v2\/product_brand?post=44805"},{"taxonomy":"product_cat","embeddable":true,"href":"https:\/\/exlibris.ee\/ru\/wp-json\/wp\/v2\/product_cat?post=44805"},{"taxonomy":"product_tag","embeddable":true,"href":"https:\/\/exlibris.ee\/ru\/wp-json\/wp\/v2\/product_tag?post=44805"},{"taxonomy":"series","embeddable":true,"href":"https:\/\/exlibris.ee\/ru\/wp-json\/wp\/v2\/series?post=44805"},{"taxonomy":"publisher","embeddable":true,"href":"https:\/\/exlibris.ee\/ru\/wp-json\/wp\/v2\/publisher?post=44805"}],"curies":[{"name":"wp","href":"https:\/\/api.w.org\/{rel}","templated":true}]}}