{"id":44813,"date":"2023-05-11T15:41:14","date_gmt":"2023-05-11T12:41:14","guid":{"rendered":"https:\/\/exlibris.ee\/toode\/deutschfuchs-business-30-online-kurs\/"},"modified":"2026-04-18T15:33:54","modified_gmt":"2026-04-18T12:33:54","slug":"deutschfuchs-business-30-online-kurs","status":"publish","type":"product","link":"https:\/\/exlibris.ee\/ru\/produkt\/deutschfuchs-business-30-online-kurs\/","title":{"rendered":"Deutschfuchs Business 30  Online-Kurs"},"content":{"rendered":"<p>Leseclub&#187; ist eine Reihe mit Lekt\u00fcren f\u00fcr Kinder in der Grundstufe. Auf der Niveaustufe A1 werden M\u00e4rchen nacherz\u00e4hlt. Die durchgehend vierfarbigen Illustrationen stehen im Mittelpunkt und unterst\u00fctzen das Verst\u00e4ndnis des Textes. Der zentrale Wortschatz ist am Anfang des Buches aufgelistet. Esel, Hund, Katze und Hahn sind ihr Leben zu Hause leid und machen sich auf den Weg nach Bremen. Die Reise endet aber schon am ersten Abend &#8212; und trotzdem im Gl\u00fcck.<\/p>\n","protected":false},"excerpt":{"rendered":"<p>Leseclub&#187; ist eine Reihe mit Lekt\u00fcren f\u00fcr Kinder in der Grundstufe. Auf der Niveaustufe A1 werden M\u00e4rchen nacherz\u00e4hlt. Die durchgehend vierfarbigen Illustrationen stehen im Mittelpunkt und unterst\u00fctzen das Verst\u00e4ndnis des Textes. Der zentrale Wortschatz ist am Anfang des Buches aufgelistet&#8230;.<\/p>\n","protected":false},"featured_media":55984,"template":"","meta":{"_acf_changed":false,"inline_featured_image":false},"product_brand":[],"product_cat":[885],"product_tag":[],"series":[{"id":977,"name":"Deutschfuchs","slug":"deutschfuchs"}],"publisher":[{"id":497,"name":"Hueber Verlag","slug":"hueber-verlag"}],"class_list":{"0":"post-44813","1":"product","2":"type-product","3":"status-publish","4":"has-post-thumbnail","6":"product_cat-berufssprache","7":"series-deutschfuchs","8":"publisher-hueber-verlag","10":"first","11":"onbackorder","12":"taxable","13":"shipping-taxable","14":"purchasable","15":"product-type-simple"},"acf":[],"_links":{"self":[{"href":"https:\/\/exlibris.ee\/ru\/wp-json\/wp\/v2\/product\/44813","targetHints":{"allow":["GET"]}}],"collection":[{"href":"https:\/\/exlibris.ee\/ru\/wp-json\/wp\/v2\/product"}],"about":[{"href":"https:\/\/exlibris.ee\/ru\/wp-json\/wp\/v2\/types\/product"}],"wp:featuredmedia":[{"embeddable":true,"href":"https:\/\/exlibris.ee\/ru\/wp-json\/wp\/v2\/media\/55984"}],"wp:attachment":[{"href":"https:\/\/exlibris.ee\/ru\/wp-json\/wp\/v2\/media?parent=44813"}],"wp:term":[{"taxonomy":"product_brand","embeddable":true,"href":"https:\/\/exlibris.ee\/ru\/wp-json\/wp\/v2\/product_brand?post=44813"},{"taxonomy":"product_cat","embeddable":true,"href":"https:\/\/exlibris.ee\/ru\/wp-json\/wp\/v2\/product_cat?post=44813"},{"taxonomy":"product_tag","embeddable":true,"href":"https:\/\/exlibris.ee\/ru\/wp-json\/wp\/v2\/product_tag?post=44813"},{"taxonomy":"series","embeddable":true,"href":"https:\/\/exlibris.ee\/ru\/wp-json\/wp\/v2\/series?post=44813"},{"taxonomy":"publisher","embeddable":true,"href":"https:\/\/exlibris.ee\/ru\/wp-json\/wp\/v2\/publisher?post=44813"}],"curies":[{"name":"wp","href":"https:\/\/api.w.org\/{rel}","templated":true}]}}