{"id":44837,"date":"2023-05-11T15:41:19","date_gmt":"2023-05-11T12:41:19","guid":{"rendered":"https:\/\/exlibris.ee\/toode\/die-ganze-wahrheit-carsten-tsara-hat-besuch-pdf-download\/"},"modified":"2026-04-18T15:35:43","modified_gmt":"2026-04-18T12:35:43","slug":"die-ganze-wahrheit-carsten-tsara-hat-besuch-pdf-download","status":"publish","type":"product","link":"https:\/\/exlibris.ee\/ru\/produkt\/die-ganze-wahrheit-carsten-tsara-hat-besuch-pdf-download\/","title":{"rendered":"Die ganze Wahrheit  Carsten Tsara hat Besuch \/ PDF-Download"},"content":{"rendered":"<p>Privatdetektiv Fender ermittelt in einem Mordfall in Fu\u00dfballerkreisen. Ein anonymer Brief des M\u00f6rders und viele verd\u00e4chtige Vereinsmitglieder stellen Fender vor ein R\u00e4tsel \u2026 Zielgruppe: Erwachsene Lernende der Niveaustufe A1 (erste Kenntnisse). Auch als Zusatzmaterial in Integrationskursen geeignet. Die Reihe Spannender Lernkrimi bietet spannende Krimis, bei denen das Lernen ganz nebenbei abl\u00e4uft. Die Lekt\u00fcren werden immer erg\u00e4nzt durch einen MP3-Download des kompletten Krimis sowie \u00dcbungen zum H\u00f6r- und Leseverstehen. Vierfarbige Illustrationen unterst\u00fctzen das Leseverstehen. Wortschatzerkl\u00e4rungen in der Fu\u00dfzeile und in Wortfeldern.<\/p>\n","protected":false},"excerpt":{"rendered":"<p>Privatdetektiv Fender ermittelt in einem Mordfall in Fu\u00dfballerkreisen. Ein anonymer Brief des M\u00f6rders und viele verd\u00e4chtige Vereinsmitglieder stellen Fender vor ein R\u00e4tsel \u2026 Zielgruppe: Erwachsene Lernende der Niveaustufe A1 (erste Kenntnisse). Auch als Zusatzmaterial in Integrationskursen geeignet. Die Reihe Spannender&#8230;<\/p>\n","protected":false},"featured_media":56203,"template":"","meta":{"_acf_changed":false,"inline_featured_image":false},"product_brand":[],"product_cat":[851],"product_tag":[],"series":[{"id":969,"name":"Die ganze Wahrheit","slug":"die-ganze-wahrheit"}],"publisher":[{"id":497,"name":"Hueber Verlag","slug":"hueber-verlag"}],"class_list":{"0":"post-44837","1":"product","2":"type-product","3":"status-publish","4":"has-post-thumbnail","6":"product_cat-lesetexte-deutsch","7":"series-die-ganze-wahrheit","8":"publisher-hueber-verlag","10":"first","11":"onbackorder","12":"taxable","13":"shipping-taxable","14":"purchasable","15":"product-type-simple"},"acf":[],"_links":{"self":[{"href":"https:\/\/exlibris.ee\/ru\/wp-json\/wp\/v2\/product\/44837","targetHints":{"allow":["GET"]}}],"collection":[{"href":"https:\/\/exlibris.ee\/ru\/wp-json\/wp\/v2\/product"}],"about":[{"href":"https:\/\/exlibris.ee\/ru\/wp-json\/wp\/v2\/types\/product"}],"wp:featuredmedia":[{"embeddable":true,"href":"https:\/\/exlibris.ee\/ru\/wp-json\/wp\/v2\/media\/56203"}],"wp:attachment":[{"href":"https:\/\/exlibris.ee\/ru\/wp-json\/wp\/v2\/media?parent=44837"}],"wp:term":[{"taxonomy":"product_brand","embeddable":true,"href":"https:\/\/exlibris.ee\/ru\/wp-json\/wp\/v2\/product_brand?post=44837"},{"taxonomy":"product_cat","embeddable":true,"href":"https:\/\/exlibris.ee\/ru\/wp-json\/wp\/v2\/product_cat?post=44837"},{"taxonomy":"product_tag","embeddable":true,"href":"https:\/\/exlibris.ee\/ru\/wp-json\/wp\/v2\/product_tag?post=44837"},{"taxonomy":"series","embeddable":true,"href":"https:\/\/exlibris.ee\/ru\/wp-json\/wp\/v2\/series?post=44837"},{"taxonomy":"publisher","embeddable":true,"href":"https:\/\/exlibris.ee\/ru\/wp-json\/wp\/v2\/publisher?post=44837"}],"curies":[{"name":"wp","href":"https:\/\/api.w.org\/{rel}","templated":true}]}}