{"id":44857,"date":"2023-05-11T15:41:23","date_gmt":"2023-05-11T12:41:23","guid":{"rendered":"https:\/\/exlibris.ee\/toode\/deutschfuchs-schulererganzung-365-online-kurs\/"},"modified":"2026-04-17T15:37:57","modified_gmt":"2026-04-17T12:37:57","slug":"deutschfuchs-schulererganzung-365-online-kurs","status":"publish","type":"product","link":"https:\/\/exlibris.ee\/ru\/produkt\/deutschfuchs-schulererganzung-365-online-kurs\/","title":{"rendered":"Deutschfuchs Sch\u00fclererg\u00e4nzung 365  Online-Kurs"},"content":{"rendered":"<p>Sechs Geschichten, in denen es um M\u00e4nner und Frauen, um Tr\u00e4ume und um die harte Realit\u00e4t geht. Mal witzig, mal hintersinnig, mal nachdenklich erz\u00e4hlt, bieten die Texte hervorragende Ankn\u00fcpfungspunkte f\u00fcr ein anschlie\u00dfendes Gespr\u00e4ch.<\/p>\n","protected":false},"excerpt":{"rendered":"<p>Sechs Geschichten, in denen es um M\u00e4nner und Frauen, um Tr\u00e4ume und um die harte Realit\u00e4t geht. Mal witzig, mal hintersinnig, mal nachdenklich erz\u00e4hlt, bieten die Texte hervorragende Ankn\u00fcpfungspunkte f\u00fcr ein anschlie\u00dfendes Gespr\u00e4ch.<\/p>\n","protected":false},"featured_media":56320,"template":"","meta":{"_acf_changed":false,"inline_featured_image":false},"product_brand":[],"product_cat":[538],"product_tag":[],"series":[{"id":977,"name":"Deutschfuchs","slug":"deutschfuchs"}],"publisher":[{"id":497,"name":"Hueber Verlag","slug":"hueber-verlag"}],"class_list":{"0":"post-44857","1":"product","2":"type-product","3":"status-publish","4":"has-post-thumbnail","6":"product_cat-lehrwerke-fur-erwachsene","7":"series-deutschfuchs","8":"publisher-hueber-verlag","10":"first","11":"onbackorder","12":"taxable","13":"shipping-taxable","14":"purchasable","15":"product-type-simple"},"acf":[],"_links":{"self":[{"href":"https:\/\/exlibris.ee\/ru\/wp-json\/wp\/v2\/product\/44857","targetHints":{"allow":["GET"]}}],"collection":[{"href":"https:\/\/exlibris.ee\/ru\/wp-json\/wp\/v2\/product"}],"about":[{"href":"https:\/\/exlibris.ee\/ru\/wp-json\/wp\/v2\/types\/product"}],"wp:featuredmedia":[{"embeddable":true,"href":"https:\/\/exlibris.ee\/ru\/wp-json\/wp\/v2\/media\/56320"}],"wp:attachment":[{"href":"https:\/\/exlibris.ee\/ru\/wp-json\/wp\/v2\/media?parent=44857"}],"wp:term":[{"taxonomy":"product_brand","embeddable":true,"href":"https:\/\/exlibris.ee\/ru\/wp-json\/wp\/v2\/product_brand?post=44857"},{"taxonomy":"product_cat","embeddable":true,"href":"https:\/\/exlibris.ee\/ru\/wp-json\/wp\/v2\/product_cat?post=44857"},{"taxonomy":"product_tag","embeddable":true,"href":"https:\/\/exlibris.ee\/ru\/wp-json\/wp\/v2\/product_tag?post=44857"},{"taxonomy":"series","embeddable":true,"href":"https:\/\/exlibris.ee\/ru\/wp-json\/wp\/v2\/series?post=44857"},{"taxonomy":"publisher","embeddable":true,"href":"https:\/\/exlibris.ee\/ru\/wp-json\/wp\/v2\/publisher?post=44857"}],"curies":[{"name":"wp","href":"https:\/\/api.w.org\/{rel}","templated":true}]}}